{"id":808,"date":"2019-03-21T02:22:21","date_gmt":"2019-03-21T02:22:21","guid":{"rendered":"https:\/\/sitesbbr.com\/recrutamento\/?page_id=808"},"modified":"2025-05-06T11:20:58","modified_gmt":"2025-05-06T14:20:58","slug":"contato","status":"publish","type":"page","link":"https:\/\/sitesbbr.com\/recrutamento\/contato\/","title":{"rendered":"Contato"},"content":{"rendered":"<div class=\"wpb-content-wrapper\"><p>[vc_row type=&#8221;full_width_background&#8221; bg_color=&#8221;#dd3333&#8243; top_padding=&#8221;10&#8243; bottom_padding=&#8221;10&#8243;][vc_column enable_animation=&#8221;true&#8221; animation=&#8221;fadeInLeft&#8221; delay=&#8221;500ms&#8221;][\/vc_column][\/vc_row][vc_row type=&#8221;full_width_background&#8221; bg_color=&#8221;#ffffff&#8221;][vc_column][vc_row_inner el_id=&#8221;contato&#8221;][vc_column_inner width=&#8221;1\/3&#8243;][vc_column_text]Este \u00e9 o canal aberto Inrise em que voc\u00ea nos envia suas sugest\u00f5es, consultas, d\u00favidas e coment\u00e1rios.<\/p>\n<p>Se preferir, fique \u00e0 vontade de nos contatar tamb\u00e9m pelo telefone\u00a0<a title=\"Ligue Agora\" href=\"tel:+55 (11) 3477-3443\">+55 (11) 3477-3443\u00a0<\/a>ou por e-mail:\u00a0<a title=\"Ligue Agora\" href=\"tel:contato@grupoinrise.com.br\">contato@grupoinrise.com.br<\/a>[\/vc_column_text][vc_column_text]Avenida Brigadeiro Luis Antonio , 2729<br \/>\nSalas 501,502,503 &#8211; 5\u00ba Andar<br \/>\nJardim Paulista<br \/>\nS\u00e3o Paulo &#8211; SP<br \/>\ncep: 01401-000<br \/>\nTel.:\u00a0<a title=\"Ligue Agora\" href=\"tel:+55 (11) 3477-3443\">+55 (11) 3477-3443\u00a0<\/a>&#8211;\u00a0<a title=\"Ligue Agora\" href=\"tel:+55 (11) 3051-2702\">+55 (11) 3051-2702<\/a><br \/>\nE-mail:\u00a0<a title=\"Ligue Agora\" href=\"tel:contato@grupoinrise.com.br\">contato@grupoinrise.com.br<\/a>[\/vc_column_text][vc_empty_space height=&#8221;13px&#8221;][vc_column_text]<img loading=\"lazy\" decoding=\"async\" class=\"aligncenter wp-image-3471 size-full\" src=\"https:\/\/sitesbbr.com\/recrutamento\/wp-content\/uploads\/2024\/03\/contato2.jpg\" alt=\"\" width=\"800\" height=\"601\" srcset=\"https:\/\/sitesbbr.com\/recrutamento\/wp-content\/uploads\/2024\/03\/contato2.jpg 800w, https:\/\/sitesbbr.com\/recrutamento\/wp-content\/uploads\/2024\/03\/contato2-300x225.jpg 300w, https:\/\/sitesbbr.com\/recrutamento\/wp-content\/uploads\/2024\/03\/contato2-768x577.jpg 768w, https:\/\/sitesbbr.com\/recrutamento\/wp-content\/uploads\/2024\/03\/contato2-627x470.jpg 627w\" sizes=\"auto, (max-width: 800px) 100vw, 800px\" \/>[\/vc_column_text][\/vc_column_inner][vc_column_inner width=&#8221;2\/3&#8243;]\n<div class=\"wpcf7 no-js\" id=\"wpcf7-f905-o1\" lang=\"pt-BR\" dir=\"ltr\" data-wpcf7-id=\"905\">\n<div class=\"screen-reader-response\"><p role=\"status\" aria-live=\"polite\" aria-atomic=\"true\"><\/p> <ul><\/ul><\/div>\n<form action=\"\/recrutamento\/wp-json\/wp\/v2\/pages\/808#wpcf7-f905-o1\" method=\"post\" class=\"wpcf7-form init\" aria-label=\"Formul\u00e1rios de contato\" novalidate=\"novalidate\" data-status=\"init\">\n<div style=\"display: none;\">\n<input type=\"hidden\" name=\"_wpcf7\" value=\"905\" \/>\n<input type=\"hidden\" name=\"_wpcf7_version\" value=\"6.0.6\" \/>\n<input type=\"hidden\" name=\"_wpcf7_locale\" value=\"pt_BR\" \/>\n<input type=\"hidden\" name=\"_wpcf7_unit_tag\" value=\"wpcf7-f905-o1\" \/>\n<input type=\"hidden\" name=\"_wpcf7_container_post\" value=\"0\" \/>\n<input type=\"hidden\" name=\"_wpcf7_posted_data_hash\" value=\"\" \/>\n<\/div>\n<p><label> Seu nome (obrigat\u00f3rio)<br \/>\n<span class=\"wpcf7-form-control-wrap\" data-name=\"your-name\"><input size=\"40\" maxlength=\"400\" class=\"wpcf7-form-control wpcf7-text wpcf7-validates-as-required\" aria-required=\"true\" aria-invalid=\"false\" value=\"\" type=\"text\" name=\"your-name\" \/><\/span> <\/label>\n<\/p>\n<p><label> Seu e-mail (obrigat\u00f3rio)<br \/>\n<span class=\"wpcf7-form-control-wrap\" data-name=\"your-email\"><input size=\"40\" maxlength=\"400\" class=\"wpcf7-form-control wpcf7-email wpcf7-validates-as-required wpcf7-text wpcf7-validates-as-email\" aria-required=\"true\" aria-invalid=\"false\" value=\"\" type=\"email\" name=\"your-email\" \/><\/span> <\/label>\n<\/p>\n<p><label> Telefone<br \/>\n<span class=\"wpcf7-form-control-wrap\" data-name=\"tel-479\"><input size=\"40\" maxlength=\"400\" class=\"wpcf7-form-control wpcf7-text\" aria-invalid=\"false\" value=\"\" type=\"text\" name=\"tel-479\" \/><\/span> <\/label>\n<\/p>\n<p><label> Assunto<br \/>\n<span class=\"wpcf7-form-control-wrap\" data-name=\"your-subject\"><input size=\"40\" maxlength=\"400\" class=\"wpcf7-form-control wpcf7-text wpcf7-validates-as-required\" aria-required=\"true\" aria-invalid=\"false\" value=\"\" type=\"text\" name=\"your-subject\" \/><\/span> <\/label>\n<\/p>\n<p><label> Sua mensagem<br \/>\n<span class=\"wpcf7-form-control-wrap\" data-name=\"your-message\"><textarea cols=\"40\" rows=\"10\" maxlength=\"2000\" class=\"wpcf7-form-control wpcf7-textarea wpcf7-validates-as-required\" aria-required=\"true\" aria-invalid=\"false\" name=\"your-message\"><\/textarea><\/span> <\/label>\n<\/p>\n<p><input class=\"wpcf7-form-control wpcf7-submit has-spinner\" type=\"submit\" value=\"Enviar\" \/>\n<\/p><div class=\"wpcf7-response-output\" aria-hidden=\"true\"><\/div>\n<\/form>\n<\/div>\n[\/vc_column_inner][\/vc_row_inner][\/vc_column][\/vc_row][vc_row type=&#8221;full_width_background&#8221; bg_color=&#8221;#eaeaea&#8221; top_padding=&#8221;60&#8243; bottom_padding=&#8221;40&#8243;][vc_column width=&#8221;1\/2&#8243; enable_animation=&#8221;true&#8221; animation=&#8221;fadeInLeft&#8221; delay=&#8221;600ms&#8221;][vc_column_text css=&#8221;.vc_custom_1746541164995{padding-right: 30px !important;}&#8221;]<img loading=\"lazy\" decoding=\"async\" class=\"alignleft wp-image-4284 \" src=\"https:\/\/sitesbbr.com\/recrutamento\/wp-content\/uploads\/2025\/01\/titulos-inrise-mkt-juridico-consultoria-marketing-21.png\" alt=\"\" width=\"195\" height=\"61\" srcset=\"https:\/\/sitesbbr.com\/recrutamento\/wp-content\/uploads\/2025\/01\/titulos-inrise-mkt-juridico-consultoria-marketing-21.png 543w, https:\/\/sitesbbr.com\/recrutamento\/wp-content\/uploads\/2025\/01\/titulos-inrise-mkt-juridico-consultoria-marketing-21-300x93.png 300w\" sizes=\"auto, (max-width: 195px) 100vw, 195px\" \/><\/p>\n<p>&nbsp;<\/p>\n<p>&nbsp;<\/p>\n<p>&nbsp;<\/p>\n<h2>Confira todas as vagas dispon\u00edveis.<\/h2>\n<p>[\/vc_column_text][vc_row_inner][vc_column_inner][vc_btn title=&#8221;Ver todas as vagas&#8221; shape=&#8221;round&#8221; color=&#8221;danger&#8221; size=&#8221;lg&#8221; align=&#8221;left&#8221; css=&#8221;&#8221; link=&#8221;url:https%3A%2F%2Fsitesbbr.com%2Frecrutamento%2Fvagas%2F&#8221;][\/vc_column_inner][\/vc_row_inner][\/vc_column][vc_column width=&#8221;1\/2&#8243;][vc_row_inner css=&#8221;.vc_custom_1708434312029{padding-left: 20px !important;}&#8221;][vc_column_inner enable_animation=&#8221;true&#8221; animation=&#8221;fadeInRight&#8221; background_color=&#8221;#373737&#8243; css=&#8221;.vc_custom_1707500243667{background-color: #333333 !important;border-radius: 25px !important;}&#8221; delay=&#8221;600ms&#8221;][vc_column_text]<\/p>\n<p style=\"text-align: left;\"><span style=\"color: #ffffff;\"><img loading=\"lazy\" decoding=\"async\" class=\"wp-image-3189 aligncenter\" src=\"https:\/\/sitesbbr.com\/recrutamento\/wp-content\/uploads\/2024\/01\/news_inrise_juridico_advocacia.png\" alt=\"\" width=\"282\" height=\"67\" srcset=\"https:\/\/sitesbbr.com\/recrutamento\/wp-content\/uploads\/2024\/01\/news_inrise_juridico_advocacia.png 320w, https:\/\/sitesbbr.com\/recrutamento\/wp-content\/uploads\/2024\/01\/news_inrise_juridico_advocacia-300x71.png 300w\" sizes=\"auto, (max-width: 282px) 100vw, 282px\" \/><br \/>\n<\/span><\/p>\n<h1 style=\"text-align: center;\"><span style=\"color: #ffffff;\">Assine nossa Newsletter e receba<br \/>\nmensalmente informativos do Grupo<\/span><\/h1>\n<p>[\/vc_column_text][vc_raw_html css=&#8221;&#8221;]JTNDZGl2JTIwc3R5bGUlM0QlMjJkaXNwbGF5JTNBJTIwZmxleCUzQiUyMGp1c3RpZnktY29udGVudCUzQSUyMGNlbnRlciUzQiUyMiUzRSUzQ3NwYW4lMjBzdHlsZSUzRCUyMmRpc3BsYXklM0ElMjBmbGV4JTNCJTIwanVzdGlmeS1jb250ZW50JTNBJTIwY2VudGVyJTNCJTIyJTNFJTVCZW1haWwtc3Vic2NyaWJlcnMtZm9ybSUyMGlkJTNEJTIyMyUyMiU1RCUzQyUyRnNwYW4lM0UlM0MlMkZkaXYlM0U=[\/vc_raw_html][\/vc_column_inner][\/vc_row_inner][\/vc_column][\/vc_row][vc_row type=&#8221;full_width_background&#8221; bg_color=&#8221;#ffffff&#8221; top_padding=&#8221;60&#8243; bottom_padding=&#8221;40&#8243;][vc_column enable_animation=&#8221;true&#8221; animation=&#8221;fadeInUp&#8221; delay=&#8221;600ms&#8221;][vc_column_text]<img loading=\"lazy\" decoding=\"async\" class=\"alignnone wp-image-3330 \" src=\"https:\/\/sitesbbr.com\/recrutamento\/wp-content\/uploads\/2024\/03\/titulos-inrise-mkt-juridico-consultoria-marketing-05-1.png\" alt=\"\" width=\"278\" height=\"43\" srcset=\"https:\/\/sitesbbr.com\/recrutamento\/wp-content\/uploads\/2024\/03\/titulos-inrise-mkt-juridico-consultoria-marketing-05-1.png 523w, https:\/\/sitesbbr.com\/recrutamento\/wp-content\/uploads\/2024\/03\/titulos-inrise-mkt-juridico-consultoria-marketing-05-1-300x46.png 300w\" sizes=\"auto, (max-width: 278px) 100vw, 278px\" \/>[\/vc_column_text][vc_row_inner gap=&#8221;35&#8243;][vc_column_inner width=&#8221;1\/4&#8243; enable_animation=&#8221;true&#8221; animation=&#8221;fadeInUp&#8221; delay=&#8221;600ms&#8221; css=&#8221;.vc_custom_1709776126517{padding-right: 1px !important;padding-left: 1px !important;}&#8221;][vc_column_text]<a href=\"https:\/\/www.inriseconsultoria.com.br\/\" target=\"_blank\" rel=\"noopener\"><img loading=\"lazy\" decoding=\"async\" class=\"wp-image-3278 size-full aligncenter\" src=\"https:\/\/sitesbbr.com\/recrutamento\/wp-content\/uploads\/2024\/03\/LOGOTIPO-INRISE-CONSULTORIA-EM-MARKETING-JURIDICO-01.png\" alt=\"\" width=\"1102\" height=\"513\" srcset=\"https:\/\/sitesbbr.com\/recrutamento\/wp-content\/uploads\/2024\/03\/LOGOTIPO-INRISE-CONSULTORIA-EM-MARKETING-JURIDICO-01.png 1102w, https:\/\/sitesbbr.com\/recrutamento\/wp-content\/uploads\/2024\/03\/LOGOTIPO-INRISE-CONSULTORIA-EM-MARKETING-JURIDICO-01-300x140.png 300w, https:\/\/sitesbbr.com\/recrutamento\/wp-content\/uploads\/2024\/03\/LOGOTIPO-INRISE-CONSULTORIA-EM-MARKETING-JURIDICO-01-1024x477.png 1024w, https:\/\/sitesbbr.com\/recrutamento\/wp-content\/uploads\/2024\/03\/LOGOTIPO-INRISE-CONSULTORIA-EM-MARKETING-JURIDICO-01-768x358.png 768w\" sizes=\"auto, (max-width: 1102px) 100vw, 1102px\" \/><\/a>[\/vc_column_text][\/vc_column_inner][vc_column_inner width=&#8221;1\/4&#8243; enable_animation=&#8221;true&#8221; animation=&#8221;fadeInUp&#8221; delay=&#8221;600ms&#8221; css=&#8221;.vc_custom_1711648111947{padding-right: 1px !important;padding-left: 20px !important;}&#8221;][vc_column_text]<a href=\"https:\/\/www.inriserecrutamento.com.br\/\" target=\"_blank\" rel=\"noopener\"><img loading=\"lazy\" decoding=\"async\" class=\"wp-image-3275 size-full aligncenter\" src=\"https:\/\/sitesbbr.com\/recrutamento\/wp-content\/uploads\/2024\/03\/LOGOTIPO-INRISE-CONSULTORIA-EM-MARKETING-JURIDICO-04.png\" alt=\"\" width=\"1102\" height=\"513\" srcset=\"https:\/\/sitesbbr.com\/recrutamento\/wp-content\/uploads\/2024\/03\/LOGOTIPO-INRISE-CONSULTORIA-EM-MARKETING-JURIDICO-04.png 1102w, https:\/\/sitesbbr.com\/recrutamento\/wp-content\/uploads\/2024\/03\/LOGOTIPO-INRISE-CONSULTORIA-EM-MARKETING-JURIDICO-04-300x140.png 300w, https:\/\/sitesbbr.com\/recrutamento\/wp-content\/uploads\/2024\/03\/LOGOTIPO-INRISE-CONSULTORIA-EM-MARKETING-JURIDICO-04-1024x477.png 1024w, https:\/\/sitesbbr.com\/recrutamento\/wp-content\/uploads\/2024\/03\/LOGOTIPO-INRISE-CONSULTORIA-EM-MARKETING-JURIDICO-04-768x358.png 768w\" sizes=\"auto, (max-width: 1102px) 100vw, 1102px\" \/><\/a>[\/vc_column_text][\/vc_column_inner][vc_column_inner width=&#8221;1\/4&#8243; enable_animation=&#8221;true&#8221; animation=&#8221;fadeInUp&#8221; delay=&#8221;600ms&#8221; css=&#8221;.vc_custom_1711648066008{padding-right: 1px !important;padding-left: 20px !important;}&#8221;][vc_column_text]<a href=\"https:\/\/www.inriseinformacao.com.br\/\" target=\"_blank\" rel=\"noopener\"><img loading=\"lazy\" decoding=\"async\" class=\"wp-image-3277 size-full aligncenter\" src=\"https:\/\/sitesbbr.com\/recrutamento\/wp-content\/uploads\/2024\/03\/LOGOTIPO-INRISE-CONSULTORIA-EM-MARKETING-JURIDICO-02.png\" alt=\"\" width=\"1102\" height=\"513\" srcset=\"https:\/\/sitesbbr.com\/recrutamento\/wp-content\/uploads\/2024\/03\/LOGOTIPO-INRISE-CONSULTORIA-EM-MARKETING-JURIDICO-02.png 1102w, https:\/\/sitesbbr.com\/recrutamento\/wp-content\/uploads\/2024\/03\/LOGOTIPO-INRISE-CONSULTORIA-EM-MARKETING-JURIDICO-02-300x140.png 300w, https:\/\/sitesbbr.com\/recrutamento\/wp-content\/uploads\/2024\/03\/LOGOTIPO-INRISE-CONSULTORIA-EM-MARKETING-JURIDICO-02-1024x477.png 1024w, https:\/\/sitesbbr.com\/recrutamento\/wp-content\/uploads\/2024\/03\/LOGOTIPO-INRISE-CONSULTORIA-EM-MARKETING-JURIDICO-02-768x358.png 768w\" sizes=\"auto, (max-width: 1102px) 100vw, 1102px\" \/><\/a>[\/vc_column_text][\/vc_column_inner][vc_column_inner width=&#8221;1\/4&#8243; enable_animation=&#8221;true&#8221; animation=&#8221;fadeInUp&#8221; delay=&#8221;600ms&#8221; css=&#8221;.vc_custom_1711648130258{margin-left: 10px !important;padding-right: 1px !important;padding-left: 20px !important;}&#8221;][vc_column_text]<a href=\"https:\/\/inriseconversalegal.com.br\/\" target=\"_blank\" rel=\"noopener\"><img loading=\"lazy\" decoding=\"async\" class=\"wp-image-3276 size-full aligncenter\" src=\"https:\/\/sitesbbr.com\/recrutamento\/wp-content\/uploads\/2024\/03\/LOGOTIPO-INRISE-CONSULTORIA-EM-MARKETING-JURIDICO-03.png\" alt=\"\" width=\"1102\" height=\"513\" srcset=\"https:\/\/sitesbbr.com\/recrutamento\/wp-content\/uploads\/2024\/03\/LOGOTIPO-INRISE-CONSULTORIA-EM-MARKETING-JURIDICO-03.png 1102w, https:\/\/sitesbbr.com\/recrutamento\/wp-content\/uploads\/2024\/03\/LOGOTIPO-INRISE-CONSULTORIA-EM-MARKETING-JURIDICO-03-300x140.png 300w, https:\/\/sitesbbr.com\/recrutamento\/wp-content\/uploads\/2024\/03\/LOGOTIPO-INRISE-CONSULTORIA-EM-MARKETING-JURIDICO-03-1024x477.png 1024w, https:\/\/sitesbbr.com\/recrutamento\/wp-content\/uploads\/2024\/03\/LOGOTIPO-INRISE-CONSULTORIA-EM-MARKETING-JURIDICO-03-768x358.png 768w\" sizes=\"auto, (max-width: 1102px) 100vw, 1102px\" \/><\/a>[\/vc_column_text][\/vc_column_inner][\/vc_row_inner][\/vc_column][\/vc_row][vc_row type=&#8221;full_width_background&#8221; bg_color=&#8221;#dd3333&#8243; top_padding=&#8221;10&#8243; bottom_padding=&#8221;10&#8243;][vc_column enable_animation=&#8221;true&#8221; animation=&#8221;fadeInLeft&#8221; delay=&#8221;800ms&#8221;][\/vc_column][\/vc_row]<\/p>\n<\/div>","protected":false},"excerpt":{"rendered":"<p>[vc_row type=&#8221;full_width_background&#8221; bg_color=&#8221;#dd3333&#8243; top_padding=&#8221;10&#8243; bottom_padding=&#8221;10&#8243;][vc_column enable_animation=&#8221;true&#8221; animation=&#8221;fadeInLeft&#8221; delay=&#8221;500ms&#8221;][\/vc_column][\/vc_row][vc_row type=&#8221;full_width_background&#8221; bg_color=&#8221;#ffffff&#8221;][vc_column][vc_row_inner el_id=&#8221;contato&#8221;][vc_column_inner width=&#8221;1\/3&#8243;][vc_column_text]Este \u00e9 o canal aberto Inrise em que voc\u00ea nos envia suas sugest\u00f5es, consultas, d\u00favidas e coment\u00e1rios. Se preferir, fique \u00e0 vontade de nos contatar tamb\u00e9m pelo telefone\u00a0+55 (11) 3477-3443\u00a0ou por e-mail:\u00a0contato@grupoinrise.com.br[\/vc_column_text][vc_column_text]Avenida Brigadeiro Luis Antonio , 2729 Salas 501,502,503 &#8211; 5\u00ba Andar Jardim Paulista [&hellip;]<\/p>\n","protected":false},"author":1,"featured_media":0,"parent":0,"menu_order":0,"comment_status":"closed","ping_status":"closed","template":"","meta":{"footnotes":""},"class_list":["post-808","page","type-page","status-publish","hentry"],"post_mailing_queue_ids":[],"_links":{"self":[{"href":"https:\/\/sitesbbr.com\/recrutamento\/wp-json\/wp\/v2\/pages\/808","targetHints":{"allow":["GET"]}}],"collection":[{"href":"https:\/\/sitesbbr.com\/recrutamento\/wp-json\/wp\/v2\/pages"}],"about":[{"href":"https:\/\/sitesbbr.com\/recrutamento\/wp-json\/wp\/v2\/types\/page"}],"author":[{"embeddable":true,"href":"https:\/\/sitesbbr.com\/recrutamento\/wp-json\/wp\/v2\/users\/1"}],"replies":[{"embeddable":true,"href":"https:\/\/sitesbbr.com\/recrutamento\/wp-json\/wp\/v2\/comments?post=808"}],"version-history":[{"count":87,"href":"https:\/\/sitesbbr.com\/recrutamento\/wp-json\/wp\/v2\/pages\/808\/revisions"}],"predecessor-version":[{"id":4422,"href":"https:\/\/sitesbbr.com\/recrutamento\/wp-json\/wp\/v2\/pages\/808\/revisions\/4422"}],"wp:attachment":[{"href":"https:\/\/sitesbbr.com\/recrutamento\/wp-json\/wp\/v2\/media?parent=808"}],"curies":[{"name":"wp","href":"https:\/\/api.w.org\/{rel}","templated":true}]}}