{"id":4213,"date":"2024-12-02T10:34:54","date_gmt":"2024-12-02T13:34:54","guid":{"rendered":"https:\/\/sitesbbr.com\/recrutamento\/?page_id=4213"},"modified":"2024-12-02T10:35:37","modified_gmt":"2024-12-02T13:35:37","slug":"termos-de-uso","status":"publish","type":"page","link":"https:\/\/sitesbbr.com\/recrutamento\/termos-de-uso\/","title":{"rendered":"Termos de uso"},"content":{"rendered":"<div class=\"wpb-content-wrapper\"><p>[vc_row][vc_column][vc_empty_space][vc_column_text css=&#8221;&#8221;]<img loading=\"lazy\" decoding=\"async\" class=\"alignnone wp-image-4219 \" src=\"https:\/\/sitesbbr.com\/recrutamento\/wp-content\/uploads\/2024\/12\/termos-de-uso-1.jpg\" alt=\"\" width=\"208\" height=\"59\" srcset=\"https:\/\/sitesbbr.com\/recrutamento\/wp-content\/uploads\/2024\/12\/termos-de-uso-1.jpg 366w, https:\/\/sitesbbr.com\/recrutamento\/wp-content\/uploads\/2024\/12\/termos-de-uso-1-300x85.jpg 300w\" sizes=\"auto, (max-width: 208px) 100vw, 208px\" \/>[\/vc_column_text][vc_row_inner][vc_column_inner][vc_column_text css=&#8221;&#8221;]<\/p>\n<p style=\"text-align: justify;\"><strong>Pol\u00edtica de Cookies<\/strong><\/p>\n<p style=\"text-align: justify;\">Este website utiliza cookies para proporcionar uma boa experi\u00eancia de navegabilidade aos usu\u00e1rios, permitindo-nos tamb\u00e9m aperfei\u00e7o\u00e1-lo.<\/p>\n<p style=\"text-align: justify;\"><strong>O que \u00e9 um cookie?<\/strong><br \/>\nUm cookie \u00e9 um pequeno arquivo de letras e n\u00fameros que armazenamos no navegador do usu\u00e1rio ou no hard disk (HD) do seu computador, desde que o usu\u00e1rio concorde. Os cookies cont\u00eam informa\u00e7\u00e3o que se transfere ao hard disk do computador do usu\u00e1rio.<\/p>\n<p style=\"text-align: justify;\"><strong>Classifica\u00e7\u00e3o de cookies e informa\u00e7\u00e3o sobre seu uso<\/strong><br \/>\nRealizamos an\u00e1lise de cookies em nosso website de forma regular e mantemos sua lista de cookies atualizada. Classificamos os cookies em quatro categorias:<\/p>\n<p style=\"text-align: justify;\">Cookies necess\u00e1rios: s\u00e3o os cookies essenciais para o funcionamento do site. Incluem, por exemplo, cookies que permitem aos visitantes iniciar sess\u00e3o em \u00e1reas seguras do mesmo.<\/p>\n<p style=\"text-align: justify;\">Cookies anal\u00edticos: permitem reconhecer e contar o n\u00famero de visitantes e ver como estes se movem pelo nosso website quando o utilizam. Isso ajuda a melhorar o funcionamento do nosso site, por exemplo, garantindo aos usu\u00e1rios encontrar facilmente o que est\u00e3o procurando.<\/p>\n<p style=\"text-align: left;\">Cookies de prefer\u00eancias: s\u00e3o utilizados para reconhecer os usu\u00e1rios quando estes regressam ao site. Isso permite personalizar nosso conte\u00fado para os visitantes a fim de recordar as suas prefer\u00eancias.<\/p>\n<p style=\"text-align: left;\">Cookies de marketing: os cookies de marketing registram as visitas dos usu\u00e1rios no website, os sites que visitaram e os links que seguiram.<\/p>\n<p>[\/vc_column_text][\/vc_column_inner][\/vc_row_inner][\/vc_column][\/vc_row][vc_row][vc_column][\/vc_column][\/vc_row]<\/p>\n<\/div>","protected":false},"excerpt":{"rendered":"<p>[vc_row][vc_column][vc_empty_space][vc_column_text css=&#8221;&#8221;][\/vc_column_text][vc_row_inner][vc_column_inner][vc_column_text css=&#8221;&#8221;] Pol\u00edtica de Cookies Este website utiliza cookies para proporcionar uma boa experi\u00eancia de navegabilidade aos usu\u00e1rios, permitindo-nos tamb\u00e9m aperfei\u00e7o\u00e1-lo. O que \u00e9 um cookie? Um cookie \u00e9 um pequeno arquivo de letras e n\u00fameros que armazenamos no navegador do usu\u00e1rio ou no hard disk (HD) do seu computador, desde que o usu\u00e1rio [&hellip;]<\/p>\n","protected":false},"author":1,"featured_media":0,"parent":0,"menu_order":0,"comment_status":"closed","ping_status":"closed","template":"","meta":{"footnotes":""},"class_list":["post-4213","page","type-page","status-publish","hentry"],"post_mailing_queue_ids":[],"_links":{"self":[{"href":"https:\/\/sitesbbr.com\/recrutamento\/wp-json\/wp\/v2\/pages\/4213","targetHints":{"allow":["GET"]}}],"collection":[{"href":"https:\/\/sitesbbr.com\/recrutamento\/wp-json\/wp\/v2\/pages"}],"about":[{"href":"https:\/\/sitesbbr.com\/recrutamento\/wp-json\/wp\/v2\/types\/page"}],"author":[{"embeddable":true,"href":"https:\/\/sitesbbr.com\/recrutamento\/wp-json\/wp\/v2\/users\/1"}],"replies":[{"embeddable":true,"href":"https:\/\/sitesbbr.com\/recrutamento\/wp-json\/wp\/v2\/comments?post=4213"}],"version-history":[{"count":9,"href":"https:\/\/sitesbbr.com\/recrutamento\/wp-json\/wp\/v2\/pages\/4213\/revisions"}],"predecessor-version":[{"id":4224,"href":"https:\/\/sitesbbr.com\/recrutamento\/wp-json\/wp\/v2\/pages\/4213\/revisions\/4224"}],"wp:attachment":[{"href":"https:\/\/sitesbbr.com\/recrutamento\/wp-json\/wp\/v2\/media?parent=4213"}],"curies":[{"name":"wp","href":"https:\/\/api.w.org\/{rel}","templated":true}]}}