{"id":3357,"date":"2024-03-14T14:30:40","date_gmt":"2024-03-14T17:30:40","guid":{"rendered":"https:\/\/sitesbbr.com\/recrutamento\/?page_id=3357"},"modified":"2024-11-22T14:42:36","modified_gmt":"2024-11-22T17:42:36","slug":"livros","status":"publish","type":"page","link":"https:\/\/sitesbbr.com\/recrutamento\/livros\/","title":{"rendered":"Livros"},"content":{"rendered":"<div class=\"wpb-content-wrapper\"><p>[vc_row type=&#8221;full_width_background&#8221; bg_color=&#8221;#dd3333&#8243; top_padding=&#8221;10&#8243; bottom_padding=&#8221;10&#8243;][vc_column enable_animation=&#8221;true&#8221; animation=&#8221;fadeInLeft&#8221; delay=&#8221;500ms&#8221;][\/vc_column][\/vc_row][vc_row type=&#8221;full_width_background&#8221; bg_image=&#8221;3217&#8243; bg_position=&#8221;center center&#8221; parallax_bg=&#8221;true&#8221; bg_color=&#8221;#ffffff&#8221; overlay=&#8221;true&#8221; overlay_color=&#8221;rgba(255,255,255,0.7)&#8221; top_padding=&#8221;60&#8243; bottom_padding=&#8221;40&#8243;][vc_column enable_animation=&#8221;true&#8221; animation=&#8221;fadeInUp&#8221; delay=&#8221;800ms&#8221;][vc_column_text]<\/p>\n<p style=\"text-align: justify;\"><img loading=\"lazy\" decoding=\"async\" class=\"alignnone wp-image-3350 \" src=\"https:\/\/sitesbbr.com\/recrutamento\/wp-content\/uploads\/2024\/03\/titulos-inrise-mkt-juridico-consultoria-marketing-14-1.png\" alt=\"\" width=\"138\" height=\"43\" \/><\/p>\n<p style=\"text-align: justify;\">Todo conhecimento gerado ao longo de carreira se transforma em livros direcionados \u00e0 pratica nos escrit\u00f3rios de advocacia. Conhe\u00e7a abaixo um pouco sobre as obras.<\/p>\n<p>[\/vc_column_text][vc_empty_space height=&#8221;22px&#8221;][vc_separator color=&#8221;custom&#8221; accent_color=&#8221;#dd3333&#8243;][vc_empty_space height=&#8221;22px&#8221;][\/vc_column][vc_column width=&#8221;1\/2&#8243; enable_animation=&#8221;true&#8221; animation=&#8221;fadeInLeft&#8221; delay=&#8221;600ms&#8221;][vc_column_text]<strong>O Guia Definitivo do Marketing Jur\u00eddico<\/strong><\/p>\n<p>A inten\u00e7\u00e3o da obra \u201cO Guia Definitivo do Marketing Jur\u00eddico\u201d \u00e9 mostrar aos advogados como fazer marketing efetivo de um modo \u00e9tico, mostrando o passo a passo de todas as ferramentas de resultado que podem ser usadas no dia a dia. Al\u00e9m disso, o livro mostra como o caus\u00eddico se ilude ao pensar que o C\u00f3digo de \u00c9tica \u00e9 proibitivo na utiliza\u00e7\u00e3o de a\u00e7\u00f5es de comunica\u00e7\u00e3o atuais.<\/p>\n<p>Esta \u00e9 uma obra que mostra a dicotomia entre teoria e pr\u00e1tica, \u00e9tica e lucro, realidade e ilus\u00e3o do mercado atual. Acima disso, \u00e9 a express\u00e3o de d\u00e9cadas de experi\u00eancia no setor, onde cada segredo operacional \u00e9 mostrado claramente e com propriedade definida.<\/p>\n<p>A obra, que j\u00e1 \u00e9 revisada pelo novo C\u00f3digo de \u00c9tica, ultrapassa os ensinamentos te\u00f3ricos e mostra o modo de implementar a\u00e7\u00f5es de estrutura\u00e7\u00e3o, prospec\u00e7\u00e3o \u00e9tica e potencializa\u00e7\u00e3o, mostrando como lucrar com o escrit\u00f3rio e como utilizar todas as possibilidades dentro da esfera do marketing jur\u00eddico moderno, impulsionando a carreira e o escrit\u00f3rio do advogado leitor.<\/p>\n<p>O pref\u00e1cio \u00e9 do mestre Dr. Luiz Fl\u00e1vio Borges D\u2019Urso e conta tamb\u00e9m com a apresenta\u00e7\u00e3o de outras refer\u00eancias do mundo jur\u00eddico.<\/p>\n<p><strong>Para compra online, clique nos links abaixo:<\/strong><\/p>\n<p><a href=\"https:\/\/letrasjuridicas.com.br\/o-guia-definitivo-do-marketing-juridico\" target=\"_blank\" rel=\"noopener\">Editora Letras Jur\u00eddicas | <\/a><a href=\"https:\/\/www.saraiva.com.br\/o-guia-definitivo-do-marketing-juridico-9919081\/p\" target=\"_blank\" rel=\"noopener\">Livraria Saraiva<\/a> | <a href=\"https:\/\/www3.livrariacultura.com.br\/o-guia-definitivo-do-marketing-juridico--como-implementar-na-pratica-acoes-eticas-e-rentaveis-em-seu-escritorio-juridico-11859517\/p\" target=\"_blank\" rel=\"noopener\">Livraria Cultura<\/a> |\u00a0<a href=\"https:\/\/www.magazineluiza.com.br\/o-guia-definitivo-do-marketing-juridico-como-implementar-na-pratica-acoes-eticas-e-rentaveis-letras-juridicas\/p\/ea502jkh0f\/li\/adml\/\" target=\"_blank\" rel=\"noopener\">Magazine Luiza<\/a> |<a href=\"https:\/\/www.amazon.com.br\/Guia-Definitivo-Marketing-Jur%C3%ADdico\/dp\/8582480954\/ref=sr_1_2?s=books&amp;ie=UTF8&amp;qid=1518297418&amp;sr=1-2&amp;keywords=marketing+jur%C3%ADdico\" target=\"_blank\" rel=\"noopener\">Amazon<\/a>[\/vc_column_text][\/vc_column][vc_column width=&#8221;1\/2&#8243; enable_animation=&#8221;true&#8221; animation=&#8221;fadeInRight&#8221; delay=&#8221;600ms&#8221;][vc_column_text]<img loading=\"lazy\" decoding=\"async\" class=\"alignnone wp-image-3363 size-full\" src=\"https:\/\/sitesbbr.com\/recrutamento\/wp-content\/uploads\/2024\/03\/guia-mkt-juridico.jpg\" alt=\"\" width=\"800\" height=\"599\" srcset=\"https:\/\/sitesbbr.com\/recrutamento\/wp-content\/uploads\/2024\/03\/guia-mkt-juridico.jpg 800w, https:\/\/sitesbbr.com\/recrutamento\/wp-content\/uploads\/2024\/03\/guia-mkt-juridico-300x225.jpg 300w, https:\/\/sitesbbr.com\/recrutamento\/wp-content\/uploads\/2024\/03\/guia-mkt-juridico-768x575.jpg 768w, https:\/\/sitesbbr.com\/recrutamento\/wp-content\/uploads\/2024\/03\/guia-mkt-juridico-627x470.jpg 627w\" sizes=\"auto, (max-width: 800px) 100vw, 800px\" \/>[\/vc_column_text][\/vc_column][\/vc_row][vc_row type=&#8221;full_width_background&#8221; bg_color=&#8221;#eaeaea&#8221; top_padding=&#8221;60&#8243; bottom_padding=&#8221;40&#8243;][vc_column width=&#8221;1\/2&#8243; enable_animation=&#8221;true&#8221; animation=&#8221;fadeInLeft&#8221; delay=&#8221;600ms&#8221;][vc_column_text]<img loading=\"lazy\" decoding=\"async\" class=\"aligncenter wp-image-3364 size-full\" src=\"https:\/\/sitesbbr.com\/recrutamento\/wp-content\/uploads\/2024\/03\/marketing-juridico.jpg\" alt=\"\" width=\"800\" height=\"599\" srcset=\"https:\/\/sitesbbr.com\/recrutamento\/wp-content\/uploads\/2024\/03\/marketing-juridico.jpg 800w, https:\/\/sitesbbr.com\/recrutamento\/wp-content\/uploads\/2024\/03\/marketing-juridico-300x225.jpg 300w, https:\/\/sitesbbr.com\/recrutamento\/wp-content\/uploads\/2024\/03\/marketing-juridico-768x575.jpg 768w, https:\/\/sitesbbr.com\/recrutamento\/wp-content\/uploads\/2024\/03\/marketing-juridico-627x470.jpg 627w\" sizes=\"auto, (max-width: 800px) 100vw, 800px\" \/>[\/vc_column_text][\/vc_column][vc_column width=&#8221;1\/2&#8243; enable_animation=&#8221;true&#8221; animation=&#8221;fadeInRight&#8221; delay=&#8221;600ms&#8221;][vc_column_text]<strong>Marketing Jur\u00eddico &#8211; Os Dois Lados da Moeda<\/strong><\/p>\n<p>Refletindo a experi\u00eancia de d\u00e9cadas no cen\u00e1rio do marketing jur\u00eddico, o consultor Alexandre Motta lan\u00e7ou o livro &#8220;Marketing Jur\u00eddico &#8211; Os Dois Lados da Moeda&#8221;, que tem como objetivo mostrar aos advogados como fazer marketing dentro da \u00e1rea jur\u00eddica de maneira acertada.<\/p>\n<p>A obra, que tem como co-autor o Dr. Lucas do Santos Faria, tem a fun\u00e7\u00e3o principal de ensinar como lucrar com o escrit\u00f3rio e como utilizar todas as possibilidades aplic\u00e1veis no relacionamento com o mercado. Mais do que isso, o livro mostrar o modo exato de como implementar cada a\u00e7\u00e3o de marketing.<\/p>\n<p>N\u00e3o \u00e9 pra menos que o subt\u00edtulo \u00e9 \u201cguia pr\u00e1tico e \u00e9tico de como tornar sua advocacia rent\u00e1vel\u201d.<\/p>\n<p>Al\u00e9m disso, a publica\u00e7\u00e3o mostra um paralelo pontual e comentado da legisla\u00e7\u00e3o e todos os julgados que envolvem o assunto marketing na advocacia.<\/p>\n<p>Enfim, um livro que mostra o olhar na advocacia por um profissional do marketing jur\u00eddico e a vis\u00e3o sobre o marketing jur\u00eddico por um advogado profissional. Realmente os dois lados da moeda do marketing jur\u00eddico.[\/vc_column_text][\/vc_column][\/vc_row][vc_row type=&#8221;full_width_background&#8221; bg_image=&#8221;3217&#8243; bg_position=&#8221;center center&#8221; parallax_bg=&#8221;true&#8221; bg_color=&#8221;#ffffff&#8221; overlay=&#8221;true&#8221; overlay_color=&#8221;rgba(255,255,255,0.7)&#8221; top_padding=&#8221;60&#8243; bottom_padding=&#8221;40&#8243;][vc_column width=&#8221;1\/2&#8243; enable_animation=&#8221;true&#8221; animation=&#8221;fadeInLeft&#8221; delay=&#8221;600ms&#8221;][vc_column_text]<strong>Migalhas Marketing Jur\u00eddico<\/strong><\/p>\n<p>A inten\u00e7\u00e3o da obra \u201cMigalhas Marketing Jur\u00eddico\u201d \u00e9 fazer um compilado de respostas aos questionamentos reais apresentados pelo mercado, atrav\u00e9s da coluna semanal do autor Alexandre Motta, com as instru\u00e7\u00f5es e sa\u00eddas estrat\u00e9gicas apontadas pelo consultor.<\/p>\n<p>S\u00e3o d\u00favidas e posicionamentos do dia a dia da advocacia que s\u00e3o mostrados aqui sob o ponto de vista de solu\u00e7\u00f5es diretas e racionais.<\/p>\n<p><strong>Problemas reais com resolu\u00e7\u00f5es reais.<\/strong><\/p>\n<p><a href=\"https:\/\/www.livrariamigalhas.com.br\/\" target=\"_blank\" rel=\"noopener\">Clique aqui ou na imagem para comprar online.<\/a>[\/vc_column_text][\/vc_column][vc_column width=&#8221;1\/2&#8243; enable_animation=&#8221;true&#8221; animation=&#8221;fadeInRight&#8221; delay=&#8221;600ms&#8221;][vc_column_text]<a href=\"https:\/\/www.livrariamigalhas.com.br\/\" target=\"_blank\" rel=\"noopener\"><img loading=\"lazy\" decoding=\"async\" class=\"wp-image-3362 size-full aligncenter\" src=\"https:\/\/sitesbbr.com\/recrutamento\/wp-content\/uploads\/2024\/03\/marketing-inrise.jpg\" alt=\"\" width=\"800\" height=\"599\" srcset=\"https:\/\/sitesbbr.com\/recrutamento\/wp-content\/uploads\/2024\/03\/marketing-inrise.jpg 800w, https:\/\/sitesbbr.com\/recrutamento\/wp-content\/uploads\/2024\/03\/marketing-inrise-300x225.jpg 300w, https:\/\/sitesbbr.com\/recrutamento\/wp-content\/uploads\/2024\/03\/marketing-inrise-768x575.jpg 768w, https:\/\/sitesbbr.com\/recrutamento\/wp-content\/uploads\/2024\/03\/marketing-inrise-627x470.jpg 627w\" sizes=\"auto, (max-width: 800px) 100vw, 800px\" \/><\/a>[\/vc_column_text][\/vc_column][\/vc_row][vc_row type=&#8221;full_width_background&#8221; bg_color=&#8221;#EAEAEA&#8221; top_padding=&#8221;60&#8243; bottom_padding=&#8221;40&#8243;][vc_column enable_animation=&#8221;true&#8221; animation=&#8221;fadeInUp&#8221; delay=&#8221;600ms&#8221;][vc_row_inner][vc_column_inner width=&#8221;1\/6&#8243;][\/vc_column_inner][vc_column_inner width=&#8221;2\/3&#8243;][vc_column_text css=&#8221;&#8221;]<\/p>\n<h1 style=\"text-align: center;\"><span style=\"color: #000000;\">Agenda sua reuni\u00e3o com nosso time agora e aprenda a gerar resultados com o Marketing Jur\u00eddico COMPLETO.<\/span><\/h1>\n<p>[\/vc_column_text][vc_btn title=&#8221;Saiba mais&#8221; shape=&#8221;round&#8221; color=&#8221;danger&#8221; size=&#8221;lg&#8221; align=&#8221;center&#8221; css=&#8221;&#8221; link=&#8221;url:https%3A%2F%2Fsitesbbr.com%2Frecrutamento%2Fcontato%2F&#8221;][\/vc_column_inner][vc_column_inner width=&#8221;1\/6&#8243;][\/vc_column_inner][\/vc_row_inner][\/vc_column][\/vc_row][vc_row type=&#8221;full_width_background&#8221; bg_color=&#8221;#dd3333&#8243; top_padding=&#8221;10&#8243; bottom_padding=&#8221;10&#8243;][vc_column enable_animation=&#8221;true&#8221; animation=&#8221;fadeInLeft&#8221; delay=&#8221;800ms&#8221;][\/vc_column][\/vc_row]<\/p>\n<\/div>","protected":false},"excerpt":{"rendered":"<p>[vc_row type=&#8221;full_width_background&#8221; bg_color=&#8221;#dd3333&#8243; top_padding=&#8221;10&#8243; bottom_padding=&#8221;10&#8243;][vc_column enable_animation=&#8221;true&#8221; animation=&#8221;fadeInLeft&#8221; delay=&#8221;500ms&#8221;][\/vc_column][\/vc_row][vc_row type=&#8221;full_width_background&#8221; bg_image=&#8221;3217&#8243; bg_position=&#8221;center center&#8221; parallax_bg=&#8221;true&#8221; bg_color=&#8221;#ffffff&#8221; overlay=&#8221;true&#8221; overlay_color=&#8221;rgba(255,255,255,0.7)&#8221; top_padding=&#8221;60&#8243; bottom_padding=&#8221;40&#8243;][vc_column enable_animation=&#8221;true&#8221; animation=&#8221;fadeInUp&#8221; delay=&#8221;800ms&#8221;][vc_column_text] Todo conhecimento gerado ao longo de carreira se transforma em livros direcionados \u00e0 pratica nos escrit\u00f3rios de advocacia. Conhe\u00e7a abaixo um pouco sobre as obras. [\/vc_column_text][vc_empty_space height=&#8221;22px&#8221;][vc_separator color=&#8221;custom&#8221; accent_color=&#8221;#dd3333&#8243;][vc_empty_space height=&#8221;22px&#8221;][\/vc_column][vc_column width=&#8221;1\/2&#8243; enable_animation=&#8221;true&#8221; animation=&#8221;fadeInLeft&#8221; delay=&#8221;600ms&#8221;][vc_column_text]O [&hellip;]<\/p>\n","protected":false},"author":1,"featured_media":0,"parent":0,"menu_order":0,"comment_status":"closed","ping_status":"closed","template":"","meta":{"footnotes":""},"class_list":["post-3357","page","type-page","status-publish","hentry"],"post_mailing_queue_ids":[],"_links":{"self":[{"href":"https:\/\/sitesbbr.com\/recrutamento\/wp-json\/wp\/v2\/pages\/3357","targetHints":{"allow":["GET"]}}],"collection":[{"href":"https:\/\/sitesbbr.com\/recrutamento\/wp-json\/wp\/v2\/pages"}],"about":[{"href":"https:\/\/sitesbbr.com\/recrutamento\/wp-json\/wp\/v2\/types\/page"}],"author":[{"embeddable":true,"href":"https:\/\/sitesbbr.com\/recrutamento\/wp-json\/wp\/v2\/users\/1"}],"replies":[{"embeddable":true,"href":"https:\/\/sitesbbr.com\/recrutamento\/wp-json\/wp\/v2\/comments?post=3357"}],"version-history":[{"count":6,"href":"https:\/\/sitesbbr.com\/recrutamento\/wp-json\/wp\/v2\/pages\/3357\/revisions"}],"predecessor-version":[{"id":4209,"href":"https:\/\/sitesbbr.com\/recrutamento\/wp-json\/wp\/v2\/pages\/3357\/revisions\/4209"}],"wp:attachment":[{"href":"https:\/\/sitesbbr.com\/recrutamento\/wp-json\/wp\/v2\/media?parent=3357"}],"curies":[{"name":"wp","href":"https:\/\/api.w.org\/{rel}","templated":true}]}}