{"id":3356,"date":"2024-03-14T14:30:47","date_gmt":"2024-03-14T17:30:47","guid":{"rendered":"https:\/\/sitesbbr.com\/recrutamento\/?page_id=3356"},"modified":"2024-11-22T14:42:12","modified_gmt":"2024-11-22T17:42:12","slug":"artigos","status":"publish","type":"page","link":"https:\/\/sitesbbr.com\/recrutamento\/artigos\/","title":{"rendered":"Artigos"},"content":{"rendered":"<div class=\"wpb-content-wrapper\"><p>[vc_row type=&#8221;full_width_background&#8221; bg_color=&#8221;#dd3333&#8243; top_padding=&#8221;10&#8243; bottom_padding=&#8221;10&#8243;][vc_column enable_animation=&#8221;true&#8221; animation=&#8221;fadeInLeft&#8221; delay=&#8221;500ms&#8221;][\/vc_column][\/vc_row][vc_row type=&#8221;full_width_background&#8221; bg_image=&#8221;3217&#8243; bg_position=&#8221;center center&#8221; parallax_bg=&#8221;true&#8221; bg_color=&#8221;#ffffff&#8221; overlay=&#8221;true&#8221; overlay_color=&#8221;rgba(255,255,255,0.7)&#8221; top_padding=&#8221;60&#8243; bottom_padding=&#8221;40&#8243;][vc_column enable_animation=&#8221;true&#8221; animation=&#8221;fadeInUp&#8221; delay=&#8221;800ms&#8221;][vc_column_text]<\/p>\n<p style=\"text-align: justify;\"><img loading=\"lazy\" decoding=\"async\" class=\"alignnone wp-image-3351 \" src=\"https:\/\/sitesbbr.com\/recrutamento\/wp-content\/uploads\/2024\/03\/titulos-inrise-mkt-juridico-consultoria-marketing-15-1.png\" alt=\"\" width=\"138\" height=\"43\" \/><\/p>\n<p>Tornando nosso site uma fonte de opini\u00e3o e conhecimento on-line, a Inrise Consultoria disponibiliza artigos de nossos consultores que dissertam, entre outros assuntos, sobre mudan\u00e7as, novidades e implementa\u00e7\u00f5es do mercado jur\u00eddico e de gest\u00e3o atuais.[\/vc_column_text][vc_empty_space height=&#8221;22px&#8221;][vc_separator color=&#8221;custom&#8221; accent_color=&#8221;#dd3333&#8243;][vc_empty_space height=&#8221;22px&#8221;][\/vc_column][vc_column width=&#8221;1\/2&#8243; enable_animation=&#8221;true&#8221; animation=&#8221;fadeInLeft&#8221; delay=&#8221;600ms&#8221;][vc_column_text]Nosso conte\u00fado no mercado jur\u00eddico se tornou t\u00e3o forte ao longo dos anos que existe at\u00e9 uma divis\u00e3o dedicada \u00e0 informa\u00e7\u00e3o que levamos ao advogado moderno chamada\u00a0<strong>Inrise Informa\u00e7\u00e3o Jur\u00eddica<\/strong>.<\/p>\n<p>Para ler nossos artigos e acessar o site do Inrise Informa\u00e7\u00e3o:[\/vc_column_text][vc_btn title=&#8221;CLIQUE AQUI&#8221; shape=&#8221;round&#8221; color=&#8221;inverse&#8221; link=&#8221;url:https%3A%2F%2Fsitesbbr.com%2Frecrutamento%2Flista-de-artigos%2F&#8221;][\/vc_column][vc_column width=&#8221;1\/2&#8243; enable_animation=&#8221;true&#8221; animation=&#8221;fadeInRight&#8221; delay=&#8221;600ms&#8221;][vc_column_text]<img loading=\"lazy\" decoding=\"async\" class=\"aligncenter wp-image-3670 size-full\" src=\"https:\/\/sitesbbr.com\/recrutamento\/wp-content\/uploads\/2024\/04\/mkt-juridico-artigos.jpg\" alt=\"\" width=\"600\" height=\"451\" srcset=\"https:\/\/sitesbbr.com\/recrutamento\/wp-content\/uploads\/2024\/04\/mkt-juridico-artigos.jpg 600w, https:\/\/sitesbbr.com\/recrutamento\/wp-content\/uploads\/2024\/04\/mkt-juridico-artigos-300x226.jpg 300w\" sizes=\"auto, (max-width: 600px) 100vw, 600px\" \/>[\/vc_column_text][\/vc_column][\/vc_row][vc_row type=&#8221;full_width_background&#8221; bg_image=&#8221;3217&#8243; bg_position=&#8221;center center&#8221; parallax_bg=&#8221;true&#8221; bg_color=&#8221;#ffffff&#8221; overlay=&#8221;true&#8221; overlay_color=&#8221;rgba(255,255,255,0.7)&#8221; top_padding=&#8221;60&#8243; bottom_padding=&#8221;40&#8243;][vc_column enable_animation=&#8221;true&#8221; animation=&#8221;fadeInUp&#8221; delay=&#8221;800ms&#8221;][vc_empty_space height=&#8221;10px&#8221;][\/vc_column][\/vc_row][vc_row type=&#8221;full_width_background&#8221; bg_color=&#8221;#EAEAEA&#8221; top_padding=&#8221;60&#8243; bottom_padding=&#8221;40&#8243;][vc_column enable_animation=&#8221;true&#8221; animation=&#8221;fadeInUp&#8221; delay=&#8221;600ms&#8221;][vc_row_inner][vc_column_inner width=&#8221;1\/6&#8243;][\/vc_column_inner][vc_column_inner width=&#8221;2\/3&#8243;][vc_column_text css=&#8221;&#8221;]<\/p>\n<h1 style=\"text-align: center;\"><span style=\"color: #000000;\">Agenda sua reuni\u00e3o com nosso time agora e aprenda a gerar resultados com o Marketing Jur\u00eddico COMPLETO.<\/span><\/h1>\n<p>[\/vc_column_text][vc_btn title=&#8221;Saiba mais&#8221; shape=&#8221;round&#8221; color=&#8221;danger&#8221; size=&#8221;lg&#8221; align=&#8221;center&#8221; css=&#8221;&#8221; link=&#8221;url:https%3A%2F%2Fsitesbbr.com%2Frecrutamento%2Fcontato%2F&#8221;][\/vc_column_inner][vc_column_inner width=&#8221;1\/6&#8243;][\/vc_column_inner][\/vc_row_inner][\/vc_column][\/vc_row][vc_row type=&#8221;full_width_background&#8221; bg_color=&#8221;#dd3333&#8243; top_padding=&#8221;10&#8243; bottom_padding=&#8221;10&#8243;][vc_column enable_animation=&#8221;true&#8221; animation=&#8221;fadeInLeft&#8221; delay=&#8221;800ms&#8221;][\/vc_column][\/vc_row]<\/p>\n<\/div>","protected":false},"excerpt":{"rendered":"<p>[vc_row type=&#8221;full_width_background&#8221; bg_color=&#8221;#dd3333&#8243; top_padding=&#8221;10&#8243; bottom_padding=&#8221;10&#8243;][vc_column enable_animation=&#8221;true&#8221; animation=&#8221;fadeInLeft&#8221; delay=&#8221;500ms&#8221;][\/vc_column][\/vc_row][vc_row type=&#8221;full_width_background&#8221; bg_image=&#8221;3217&#8243; bg_position=&#8221;center center&#8221; parallax_bg=&#8221;true&#8221; bg_color=&#8221;#ffffff&#8221; overlay=&#8221;true&#8221; overlay_color=&#8221;rgba(255,255,255,0.7)&#8221; top_padding=&#8221;60&#8243; bottom_padding=&#8221;40&#8243;][vc_column enable_animation=&#8221;true&#8221; animation=&#8221;fadeInUp&#8221; delay=&#8221;800ms&#8221;][vc_column_text] Tornando nosso site uma fonte de opini\u00e3o e conhecimento on-line, a Inrise Consultoria disponibiliza artigos de nossos consultores que dissertam, entre outros assuntos, sobre mudan\u00e7as, novidades e implementa\u00e7\u00f5es do mercado jur\u00eddico e de gest\u00e3o [&hellip;]<\/p>\n","protected":false},"author":1,"featured_media":0,"parent":0,"menu_order":0,"comment_status":"closed","ping_status":"closed","template":"","meta":{"footnotes":""},"class_list":["post-3356","page","type-page","status-publish","hentry"],"post_mailing_queue_ids":[],"_links":{"self":[{"href":"https:\/\/sitesbbr.com\/recrutamento\/wp-json\/wp\/v2\/pages\/3356","targetHints":{"allow":["GET"]}}],"collection":[{"href":"https:\/\/sitesbbr.com\/recrutamento\/wp-json\/wp\/v2\/pages"}],"about":[{"href":"https:\/\/sitesbbr.com\/recrutamento\/wp-json\/wp\/v2\/types\/page"}],"author":[{"embeddable":true,"href":"https:\/\/sitesbbr.com\/recrutamento\/wp-json\/wp\/v2\/users\/1"}],"replies":[{"embeddable":true,"href":"https:\/\/sitesbbr.com\/recrutamento\/wp-json\/wp\/v2\/comments?post=3356"}],"version-history":[{"count":11,"href":"https:\/\/sitesbbr.com\/recrutamento\/wp-json\/wp\/v2\/pages\/3356\/revisions"}],"predecessor-version":[{"id":4208,"href":"https:\/\/sitesbbr.com\/recrutamento\/wp-json\/wp\/v2\/pages\/3356\/revisions\/4208"}],"wp:attachment":[{"href":"https:\/\/sitesbbr.com\/recrutamento\/wp-json\/wp\/v2\/media?parent=3356"}],"curies":[{"name":"wp","href":"https:\/\/api.w.org\/{rel}","templated":true}]}}