{"id":3291,"date":"2024-03-12T09:59:22","date_gmt":"2024-03-12T12:59:22","guid":{"rendered":"https:\/\/sitesbbr.com\/recrutamento\/?page_id=3291"},"modified":"2025-05-09T10:57:54","modified_gmt":"2025-05-09T13:57:54","slug":"diferenciais","status":"publish","type":"page","link":"https:\/\/sitesbbr.com\/recrutamento\/diferenciais\/","title":{"rendered":"Diferenciais"},"content":{"rendered":"<div class=\"wpb-content-wrapper\"><p>[vc_row type=&#8221;full_width_background&#8221; bg_color=&#8221;#dd3333&#8243; top_padding=&#8221;10&#8243; bottom_padding=&#8221;10&#8243;][vc_column enable_animation=&#8221;true&#8221; animation=&#8221;fadeInLeft&#8221; delay=&#8221;500ms&#8221;][\/vc_column][\/vc_row][vc_row type=&#8221;full_width_background&#8221; bg_image=&#8221;3217&#8243; bg_position=&#8221;center center&#8221; parallax_bg=&#8221;true&#8221; bg_color=&#8221;#ffffff&#8221; overlay=&#8221;true&#8221; overlay_color=&#8221;rgba(255,255,255,0.7)&#8221; top_padding=&#8221;60&#8243; bottom_padding=&#8221;40&#8243;][vc_column enable_animation=&#8221;true&#8221; animation=&#8221;fadeInUp&#8221; delay=&#8221;800ms&#8221;][vc_column_text css=&#8221;&#8221;]<img loading=\"lazy\" decoding=\"async\" class=\"alignnone wp-image-3343 \" src=\"https:\/\/sitesbbr.com\/recrutamento\/wp-content\/uploads\/2024\/03\/titulos-inrise-mkt-juridico-consultoria-marketing-01-3.png\" alt=\"\" width=\"198\" height=\"43\" srcset=\"https:\/\/sitesbbr.com\/recrutamento\/wp-content\/uploads\/2024\/03\/titulos-inrise-mkt-juridico-consultoria-marketing-01-3.png 377w, https:\/\/sitesbbr.com\/recrutamento\/wp-content\/uploads\/2024\/03\/titulos-inrise-mkt-juridico-consultoria-marketing-01-3-300x65.png 300w\" sizes=\"auto, (max-width: 198px) 100vw, 198px\" \/><\/p>\n<p>Destacando-se no mercado das assessorias de recrutamento, a Inrise Recrutamento apresenta diferenciais importantes para excel\u00eancia de seus servi\u00e7os:<\/p>\n<ul>\n<li>Foco e expertise\u00a0<strong>exclusivos<\/strong>\u00a0na \u00e1rea jur\u00eddica;<\/li>\n<li>Tempo de entrega de profissionais, dentro dos requisitos pedidos em, no m\u00e1ximo,\u00a0<strong>15 dias \u00fateis<\/strong>;<\/li>\n<li>Atendimento a\u00a0<strong>qualquer demanda<\/strong>\u00a0que o escrit\u00f3rio necessite, seja na \u00e1rea jur\u00eddica, t\u00e9cnica ou administrativa;<\/li>\n<li>Garantia de\u00a0<strong>6 meses<\/strong>\u00a0em qualquer vaga trabalhada;<\/li>\n<li>Posicionamento referente \u00e0s\u00a0<strong>pr\u00e1ticas de remunera\u00e7\u00e3o<\/strong>\u00a0atuais nos escrit\u00f3rios de mesmo porte e atua\u00e7\u00e3o que a requerente;<\/li>\n<li>Deslocamento de um\u00a0<strong>gerente de processo<\/strong>\u00a0para personaliza\u00e7\u00e3o e acompanhamento de cada vaga solicitada;<\/li>\n<li><strong>Plano de fideliza\u00e7\u00e3o pr\u00f3prio<\/strong>\u00a0para clientes, gerador de descontos e benef\u00edcios cumulativos;<\/li>\n<li>Trabalho executado para\u00a0<strong>quaisquer portes<\/strong>\u00a0de escrit\u00f3rios.<\/li>\n<\/ul>\n<p>[\/vc_column_text][vc_empty_space height=&#8221;22px&#8221;][vc_separator color=&#8221;custom&#8221; accent_color=&#8221;#dd3333&#8243;][vc_empty_space height=&#8221;22px&#8221;][\/vc_column][\/vc_row][vc_row type=&#8221;full_width_background&#8221; bg_color=&#8221;#eaeaea&#8221; top_padding=&#8221;60&#8243; bottom_padding=&#8221;40&#8243;][vc_column width=&#8221;1\/2&#8243; enable_animation=&#8221;true&#8221; animation=&#8221;fadeInLeft&#8221; delay=&#8221;600ms&#8221;][vc_column_text css=&#8221;.vc_custom_1739970110214{padding-right: 30px !important;}&#8221;]<img loading=\"lazy\" decoding=\"async\" class=\"alignleft wp-image-4284 \" src=\"https:\/\/sitesbbr.com\/recrutamento\/wp-content\/uploads\/2025\/01\/titulos-inrise-mkt-juridico-consultoria-marketing-21.png\" alt=\"\" width=\"195\" height=\"61\" srcset=\"https:\/\/sitesbbr.com\/recrutamento\/wp-content\/uploads\/2025\/01\/titulos-inrise-mkt-juridico-consultoria-marketing-21.png 543w, https:\/\/sitesbbr.com\/recrutamento\/wp-content\/uploads\/2025\/01\/titulos-inrise-mkt-juridico-consultoria-marketing-21-300x93.png 300w\" sizes=\"auto, (max-width: 195px) 100vw, 195px\" \/><\/p>\n<p>&nbsp;<\/p>\n<p>&nbsp;<\/p>\n<p>&nbsp;<\/p>\n<h2>Confira todas as vagas dispon\u00edveis.<\/h2>\n<p>[\/vc_column_text][vc_empty_space height=&#8221;22px&#8221;][vc_row_inner][vc_column_inner width=&#8221;5\/6&#8243;][vc_btn title=&#8221;Ver todas as vagas&#8221; shape=&#8221;round&#8221; color=&#8221;danger&#8221; size=&#8221;lg&#8221; align=&#8221;left&#8221; css=&#8221;&#8221; link=&#8221;url:https%3A%2F%2Fsitesbbr.com%2Frecrutamento%2Fvagas%2F&#8221;][\/vc_column_inner][vc_column_inner width=&#8221;1\/6&#8243;][\/vc_column_inner][\/vc_row_inner][\/vc_column][vc_column width=&#8221;1\/2&#8243;][vc_row_inner css=&#8221;.vc_custom_1708434312029{padding-left: 20px !important;}&#8221;][vc_column_inner enable_animation=&#8221;true&#8221; animation=&#8221;fadeInRight&#8221; background_color=&#8221;#373737&#8243; css=&#8221;.vc_custom_1707500243667{background-color: #333333 !important;border-radius: 25px !important;}&#8221; delay=&#8221;600ms&#8221;][vc_column_text]<\/p>\n<p style=\"text-align: left;\"><span style=\"color: #ffffff;\"><img loading=\"lazy\" decoding=\"async\" class=\"wp-image-3189 aligncenter\" src=\"https:\/\/sitesbbr.com\/recrutamento\/wp-content\/uploads\/2024\/01\/news_inrise_juridico_advocacia.png\" alt=\"\" width=\"282\" height=\"67\" srcset=\"https:\/\/sitesbbr.com\/recrutamento\/wp-content\/uploads\/2024\/01\/news_inrise_juridico_advocacia.png 320w, https:\/\/sitesbbr.com\/recrutamento\/wp-content\/uploads\/2024\/01\/news_inrise_juridico_advocacia-300x71.png 300w\" sizes=\"auto, (max-width: 282px) 100vw, 282px\" \/><br \/>\n<\/span><\/p>\n<h1 style=\"text-align: center;\"><span style=\"color: #ffffff;\">Assine nossa Newsletter e receba<br \/>\nmensalmente informativos do Grupo<\/span><\/h1>\n<p>[\/vc_column_text][vc_raw_html]JTNDZGl2JTIwc3R5bGUlM0QlMjJkaXNwbGF5JTNBZmxleCUzQiUyMGp1c3RpZnktY29udGVudCUzQWNlbnRlciUzQiUyMiUzRSUzQ3NwYW4lMjAlMjBzdHlsZSUzRCUyMmRpc3BsYXklM0FmbGV4JTNCJTIwanVzdGlmeS1jb250ZW50JTNBY2VudGVyJTNCJTIyJTNFJTVCZW1haWwtc3Vic2NyaWJlcnMtZm9ybSUyMGlkJTNEJTIyMyUyMiU1RCUzQyUyRnNwYW4lM0UlM0MlMkZkaXYlM0U=[\/vc_raw_html][\/vc_column_inner][\/vc_row_inner][\/vc_column][\/vc_row][vc_row type=&#8221;full_width_background&#8221; bg_color=&#8221;#ffffff&#8221; top_padding=&#8221;60&#8243; bottom_padding=&#8221;40&#8243;][vc_column enable_animation=&#8221;true&#8221; animation=&#8221;fadeInUp&#8221; delay=&#8221;600ms&#8221;][vc_column_text]<img loading=\"lazy\" decoding=\"async\" class=\"alignnone wp-image-3330 \" src=\"https:\/\/sitesbbr.com\/recrutamento\/wp-content\/uploads\/2024\/03\/titulos-inrise-mkt-juridico-consultoria-marketing-05-1.png\" alt=\"\" width=\"278\" height=\"43\" srcset=\"https:\/\/sitesbbr.com\/recrutamento\/wp-content\/uploads\/2024\/03\/titulos-inrise-mkt-juridico-consultoria-marketing-05-1.png 523w, https:\/\/sitesbbr.com\/recrutamento\/wp-content\/uploads\/2024\/03\/titulos-inrise-mkt-juridico-consultoria-marketing-05-1-300x46.png 300w\" sizes=\"auto, (max-width: 278px) 100vw, 278px\" \/>[\/vc_column_text][vc_row_inner gap=&#8221;35&#8243;][vc_column_inner width=&#8221;1\/4&#8243; enable_animation=&#8221;true&#8221; animation=&#8221;fadeInUp&#8221; delay=&#8221;600ms&#8221; css=&#8221;.vc_custom_1709776126517{padding-right: 1px !important;padding-left: 1px !important;}&#8221;][vc_column_text]<a href=\"https:\/\/www.inriseconsultoria.com.br\/\" target=\"_blank\" rel=\"noopener\"><img loading=\"lazy\" decoding=\"async\" class=\"wp-image-3278 size-full aligncenter\" src=\"https:\/\/sitesbbr.com\/recrutamento\/wp-content\/uploads\/2024\/03\/LOGOTIPO-INRISE-CONSULTORIA-EM-MARKETING-JURIDICO-01.png\" alt=\"\" width=\"1102\" height=\"513\" srcset=\"https:\/\/sitesbbr.com\/recrutamento\/wp-content\/uploads\/2024\/03\/LOGOTIPO-INRISE-CONSULTORIA-EM-MARKETING-JURIDICO-01.png 1102w, https:\/\/sitesbbr.com\/recrutamento\/wp-content\/uploads\/2024\/03\/LOGOTIPO-INRISE-CONSULTORIA-EM-MARKETING-JURIDICO-01-300x140.png 300w, https:\/\/sitesbbr.com\/recrutamento\/wp-content\/uploads\/2024\/03\/LOGOTIPO-INRISE-CONSULTORIA-EM-MARKETING-JURIDICO-01-1024x477.png 1024w, https:\/\/sitesbbr.com\/recrutamento\/wp-content\/uploads\/2024\/03\/LOGOTIPO-INRISE-CONSULTORIA-EM-MARKETING-JURIDICO-01-768x358.png 768w\" sizes=\"auto, (max-width: 1102px) 100vw, 1102px\" \/><\/a>[\/vc_column_text][\/vc_column_inner][vc_column_inner width=&#8221;1\/4&#8243; enable_animation=&#8221;true&#8221; animation=&#8221;fadeInUp&#8221; delay=&#8221;600ms&#8221; css=&#8221;.vc_custom_1711648111947{padding-right: 1px !important;padding-left: 20px !important;}&#8221;][vc_column_text]<a href=\"https:\/\/www.inriserecrutamento.com.br\/\" target=\"_blank\" rel=\"noopener\"><img loading=\"lazy\" decoding=\"async\" class=\"wp-image-3275 size-full aligncenter\" src=\"https:\/\/sitesbbr.com\/recrutamento\/wp-content\/uploads\/2024\/03\/LOGOTIPO-INRISE-CONSULTORIA-EM-MARKETING-JURIDICO-04.png\" alt=\"\" width=\"1102\" height=\"513\" srcset=\"https:\/\/sitesbbr.com\/recrutamento\/wp-content\/uploads\/2024\/03\/LOGOTIPO-INRISE-CONSULTORIA-EM-MARKETING-JURIDICO-04.png 1102w, https:\/\/sitesbbr.com\/recrutamento\/wp-content\/uploads\/2024\/03\/LOGOTIPO-INRISE-CONSULTORIA-EM-MARKETING-JURIDICO-04-300x140.png 300w, https:\/\/sitesbbr.com\/recrutamento\/wp-content\/uploads\/2024\/03\/LOGOTIPO-INRISE-CONSULTORIA-EM-MARKETING-JURIDICO-04-1024x477.png 1024w, https:\/\/sitesbbr.com\/recrutamento\/wp-content\/uploads\/2024\/03\/LOGOTIPO-INRISE-CONSULTORIA-EM-MARKETING-JURIDICO-04-768x358.png 768w\" sizes=\"auto, (max-width: 1102px) 100vw, 1102px\" \/><\/a>[\/vc_column_text][\/vc_column_inner][vc_column_inner width=&#8221;1\/4&#8243; enable_animation=&#8221;true&#8221; animation=&#8221;fadeInUp&#8221; delay=&#8221;600ms&#8221; css=&#8221;.vc_custom_1711648066008{padding-right: 1px !important;padding-left: 20px !important;}&#8221;][vc_column_text]<a href=\"https:\/\/www.inriseinformacao.com.br\/\" target=\"_blank\" rel=\"noopener\"><img loading=\"lazy\" decoding=\"async\" class=\"wp-image-3277 size-full aligncenter\" src=\"https:\/\/sitesbbr.com\/recrutamento\/wp-content\/uploads\/2024\/03\/LOGOTIPO-INRISE-CONSULTORIA-EM-MARKETING-JURIDICO-02.png\" alt=\"\" width=\"1102\" height=\"513\" srcset=\"https:\/\/sitesbbr.com\/recrutamento\/wp-content\/uploads\/2024\/03\/LOGOTIPO-INRISE-CONSULTORIA-EM-MARKETING-JURIDICO-02.png 1102w, https:\/\/sitesbbr.com\/recrutamento\/wp-content\/uploads\/2024\/03\/LOGOTIPO-INRISE-CONSULTORIA-EM-MARKETING-JURIDICO-02-300x140.png 300w, https:\/\/sitesbbr.com\/recrutamento\/wp-content\/uploads\/2024\/03\/LOGOTIPO-INRISE-CONSULTORIA-EM-MARKETING-JURIDICO-02-1024x477.png 1024w, https:\/\/sitesbbr.com\/recrutamento\/wp-content\/uploads\/2024\/03\/LOGOTIPO-INRISE-CONSULTORIA-EM-MARKETING-JURIDICO-02-768x358.png 768w\" sizes=\"auto, (max-width: 1102px) 100vw, 1102px\" \/><\/a>[\/vc_column_text][\/vc_column_inner][vc_column_inner width=&#8221;1\/4&#8243; enable_animation=&#8221;true&#8221; animation=&#8221;fadeInUp&#8221; delay=&#8221;600ms&#8221; css=&#8221;.vc_custom_1711648130258{margin-left: 10px !important;padding-right: 1px !important;padding-left: 20px !important;}&#8221;][vc_column_text]<a href=\"https:\/\/inriseconversalegal.com.br\/\" target=\"_blank\" rel=\"noopener\"><img loading=\"lazy\" decoding=\"async\" class=\"wp-image-3276 size-full aligncenter\" src=\"https:\/\/sitesbbr.com\/recrutamento\/wp-content\/uploads\/2024\/03\/LOGOTIPO-INRISE-CONSULTORIA-EM-MARKETING-JURIDICO-03.png\" alt=\"\" width=\"1102\" height=\"513\" srcset=\"https:\/\/sitesbbr.com\/recrutamento\/wp-content\/uploads\/2024\/03\/LOGOTIPO-INRISE-CONSULTORIA-EM-MARKETING-JURIDICO-03.png 1102w, https:\/\/sitesbbr.com\/recrutamento\/wp-content\/uploads\/2024\/03\/LOGOTIPO-INRISE-CONSULTORIA-EM-MARKETING-JURIDICO-03-300x140.png 300w, https:\/\/sitesbbr.com\/recrutamento\/wp-content\/uploads\/2024\/03\/LOGOTIPO-INRISE-CONSULTORIA-EM-MARKETING-JURIDICO-03-1024x477.png 1024w, https:\/\/sitesbbr.com\/recrutamento\/wp-content\/uploads\/2024\/03\/LOGOTIPO-INRISE-CONSULTORIA-EM-MARKETING-JURIDICO-03-768x358.png 768w\" sizes=\"auto, (max-width: 1102px) 100vw, 1102px\" \/><\/a>[\/vc_column_text][\/vc_column_inner][\/vc_row_inner][\/vc_column][\/vc_row][vc_row type=&#8221;full_width_background&#8221; bg_color=&#8221;#EAEAEA&#8221; top_padding=&#8221;60&#8243; bottom_padding=&#8221;40&#8243;][vc_column enable_animation=&#8221;true&#8221; animation=&#8221;fadeInUp&#8221; delay=&#8221;600ms&#8221;][vc_row_inner][vc_column_inner width=&#8221;1\/6&#8243;][\/vc_column_inner][vc_column_inner width=&#8221;2\/3&#8243;][vc_column_text css=&#8221;&#8221;]<\/p>\n<h1 style=\"text-align: center;\"><span style=\"color: #000000;\">Agende sua reuni\u00e3o com nosso time agora e entenda todos os BENEF\u00cdCIOS e GARANTIAS de fazer Recrutamento Jur\u00eddico de qualidade comprovada.<\/span><\/h1>\n<p>[\/vc_column_text][vc_btn title=&#8221;Saiba mais&#8221; shape=&#8221;round&#8221; color=&#8221;danger&#8221; size=&#8221;lg&#8221; align=&#8221;center&#8221; css=&#8221;&#8221; link=&#8221;url:https%3A%2F%2Fsitesbbr.com%2Frecrutamento%2Fcontato%2F&#8221;][\/vc_column_inner][vc_column_inner width=&#8221;1\/6&#8243;][\/vc_column_inner][\/vc_row_inner][\/vc_column][\/vc_row][vc_row type=&#8221;full_width_background&#8221; bg_color=&#8221;#dd3333&#8243; top_padding=&#8221;10&#8243; bottom_padding=&#8221;10&#8243;][vc_column enable_animation=&#8221;true&#8221; animation=&#8221;fadeInLeft&#8221; delay=&#8221;800ms&#8221;][\/vc_column][\/vc_row]<\/p>\n<\/div>","protected":false},"excerpt":{"rendered":"<p>[vc_row type=&#8221;full_width_background&#8221; bg_color=&#8221;#dd3333&#8243; top_padding=&#8221;10&#8243; bottom_padding=&#8221;10&#8243;][vc_column enable_animation=&#8221;true&#8221; animation=&#8221;fadeInLeft&#8221; delay=&#8221;500ms&#8221;][\/vc_column][\/vc_row][vc_row type=&#8221;full_width_background&#8221; bg_image=&#8221;3217&#8243; bg_position=&#8221;center center&#8221; parallax_bg=&#8221;true&#8221; bg_color=&#8221;#ffffff&#8221; overlay=&#8221;true&#8221; overlay_color=&#8221;rgba(255,255,255,0.7)&#8221; top_padding=&#8221;60&#8243; bottom_padding=&#8221;40&#8243;][vc_column enable_animation=&#8221;true&#8221; animation=&#8221;fadeInUp&#8221; delay=&#8221;800ms&#8221;][vc_column_text css=&#8221;&#8221;] Destacando-se no mercado das assessorias de recrutamento, a Inrise Recrutamento apresenta diferenciais importantes para excel\u00eancia de seus servi\u00e7os: Foco e expertise\u00a0exclusivos\u00a0na \u00e1rea jur\u00eddica; Tempo de entrega de profissionais, dentro dos requisitos pedidos em, [&hellip;]<\/p>\n","protected":false},"author":1,"featured_media":0,"parent":0,"menu_order":0,"comment_status":"closed","ping_status":"closed","template":"","meta":{"footnotes":""},"class_list":["post-3291","page","type-page","status-publish","hentry"],"post_mailing_queue_ids":[],"_links":{"self":[{"href":"https:\/\/sitesbbr.com\/recrutamento\/wp-json\/wp\/v2\/pages\/3291","targetHints":{"allow":["GET"]}}],"collection":[{"href":"https:\/\/sitesbbr.com\/recrutamento\/wp-json\/wp\/v2\/pages"}],"about":[{"href":"https:\/\/sitesbbr.com\/recrutamento\/wp-json\/wp\/v2\/types\/page"}],"author":[{"embeddable":true,"href":"https:\/\/sitesbbr.com\/recrutamento\/wp-json\/wp\/v2\/users\/1"}],"replies":[{"embeddable":true,"href":"https:\/\/sitesbbr.com\/recrutamento\/wp-json\/wp\/v2\/comments?post=3291"}],"version-history":[{"count":16,"href":"https:\/\/sitesbbr.com\/recrutamento\/wp-json\/wp\/v2\/pages\/3291\/revisions"}],"predecessor-version":[{"id":4449,"href":"https:\/\/sitesbbr.com\/recrutamento\/wp-json\/wp\/v2\/pages\/3291\/revisions\/4449"}],"wp:attachment":[{"href":"https:\/\/sitesbbr.com\/recrutamento\/wp-json\/wp\/v2\/media?parent=3291"}],"curies":[{"name":"wp","href":"https:\/\/api.w.org\/{rel}","templated":true}]}}