{"id":1308,"date":"2020-10-20T11:54:06","date_gmt":"2020-10-20T14:54:06","guid":{"rendered":"https:\/\/sitesbbr.com\/recrutamento\/?page_id=1308"},"modified":"2025-05-09T10:57:38","modified_gmt":"2025-05-09T13:57:38","slug":"quem-somos","status":"publish","type":"page","link":"https:\/\/sitesbbr.com\/recrutamento\/quem-somos\/","title":{"rendered":"Quem Somos"},"content":{"rendered":"<div class=\"wpb-content-wrapper\"><p>[vc_row type=&#8221;full_width_background&#8221; bg_color=&#8221;#dd3333&#8243; top_padding=&#8221;10&#8243; bottom_padding=&#8221;10&#8243;][vc_column enable_animation=&#8221;true&#8221; animation=&#8221;fadeInLeft&#8221; delay=&#8221;500ms&#8221;][\/vc_column][\/vc_row][vc_row type=&#8221;full_width_background&#8221; bg_image=&#8221;3217&#8243; bg_position=&#8221;center center&#8221; parallax_bg=&#8221;true&#8221; bg_color=&#8221;#ffffff&#8221; overlay=&#8221;true&#8221; overlay_color=&#8221;rgba(255,255,255,0.7)&#8221; top_padding=&#8221;60&#8243; bottom_padding=&#8221;40&#8243;][vc_column enable_animation=&#8221;true&#8221; animation=&#8221;fadeInUp&#8221; delay=&#8221;800ms&#8221;][vc_column_text css=&#8221;&#8221;]<img loading=\"lazy\" decoding=\"async\" class=\"alignnone wp-image-3337 \" src=\"https:\/\/sitesbbr.com\/recrutamento\/wp-content\/uploads\/2024\/03\/titulos-inrise-mkt-juridico-consultoria-marketing-03-2.png\" alt=\"\" width=\"198\" height=\"43\" srcset=\"https:\/\/sitesbbr.com\/recrutamento\/wp-content\/uploads\/2024\/03\/titulos-inrise-mkt-juridico-consultoria-marketing-03-2.png 377w, https:\/\/sitesbbr.com\/recrutamento\/wp-content\/uploads\/2024\/03\/titulos-inrise-mkt-juridico-consultoria-marketing-03-2-300x65.png 300w\" sizes=\"auto, (max-width: 198px) 100vw, 198px\" \/><\/p>\n<p>Atualmente, uma das maiores dores de cabe\u00e7a dos escrit\u00f3rios est\u00e1 na contrata\u00e7\u00e3o e\/ou troca de seus funcion\u00e1rios.<\/p>\n<p>O tempo gasto em anunciar novas vagas, fazer a triagem dos curr\u00edculos, analisar e entrevistar futuros candidatos e, por fim, escolher o mais indicado, tem feito muitos profissionais perderem seu precioso tempo em fun\u00e7\u00f5es que n\u00e3o s\u00e3o suas.<\/p>\n<p>Para ajudar a profissionalizar essas a\u00e7\u00f5es, surgiu em 2005, a\u00a0<strong>Inrise Recrutamento Jur\u00eddico.<\/strong><\/p>\n<p>A Inrise Recrutamento foi criada para a solu\u00e7\u00e3o dos problemas de recrutamento, sele\u00e7\u00e3o e contrata\u00e7\u00e3o envolvidos rotineiros, trazendo assim mais\u00a0<strong>seguran\u00e7a<\/strong>\u00a0na contrata\u00e7\u00e3o,\u00a0<strong>economia<\/strong>\u00a0no processo, menor gasto de\u00a0<strong>tempo<\/strong>\u00a0e por fim um grupo de profissionais integrados ao seu neg\u00f3cio que\u00a0<strong>agregam esfor\u00e7os<\/strong>\u00a0ao crescimento do escrit\u00f3rio.<\/p>\n<p>Obviamente a melhor op\u00e7\u00e3o para conhecer a Inrise Recrutamento \u00e9 agendando uma reuni\u00e3o presencial ou via Skype com seus s\u00f3cios. Por\u00e9m como atendemos todo o Brasil, criamos este v\u00eddeo institucional de nossas \u00e1reas de atua\u00e7\u00e3o para que fique claro todas as a\u00e7\u00f5es e benef\u00edcios que o Grupo Inrise pode trazer para seu escrit\u00f3rio.[\/vc_column_text][vc_empty_space height=&#8221;22px&#8221;][vc_separator color=&#8221;custom&#8221; accent_color=&#8221;#dd3333&#8243;][vc_empty_space height=&#8221;22px&#8221;][\/vc_column][\/vc_row][vc_row type=&#8221;full_width_background&#8221; bg_color=&#8221;#eaeaea&#8221; top_padding=&#8221;60&#8243; bottom_padding=&#8221;40&#8243;][vc_column width=&#8221;1\/2&#8243; enable_animation=&#8221;true&#8221; animation=&#8221;fadeInUp&#8221; delay=&#8221;800ms&#8221;][vc_column_text]<img loading=\"lazy\" decoding=\"async\" class=\"alignnone wp-image-3329 \" src=\"https:\/\/sitesbbr.com\/recrutamento\/wp-content\/uploads\/2024\/03\/titulos-inrise-mkt-juridico-consultoria-marketing-08-1.png\" alt=\"\" width=\"318\" height=\"43\" srcset=\"https:\/\/sitesbbr.com\/recrutamento\/wp-content\/uploads\/2024\/03\/titulos-inrise-mkt-juridico-consultoria-marketing-08-1.png 608w, https:\/\/sitesbbr.com\/recrutamento\/wp-content\/uploads\/2024\/03\/titulos-inrise-mkt-juridico-consultoria-marketing-08-1-300x40.png 300w, https:\/\/sitesbbr.com\/recrutamento\/wp-content\/uploads\/2024\/03\/titulos-inrise-mkt-juridico-consultoria-marketing-08-1-600x82.png 600w\" sizes=\"auto, (max-width: 318px) 100vw, 318px\" \/><\/p>\n<p style=\"text-align: justify;\">A melhor op\u00e7\u00e3o para conhecer a Inrise Consultoria \u00e9 agendando uma reuni\u00e3o presencial ou online com seus s\u00f3cios. Por\u00e9m, como atendemos todo o Brasil, criamos este v\u00eddeo institucional de nossas \u00e1reas de atua\u00e7\u00e3o para que fique claro todas as a\u00e7\u00f5es e benef\u00edcios que o Grupo Inrise pode trazer para seu escrit\u00f3rio.<\/p>\n<p><strong> Clique no v\u00eddeo para assistir.<\/strong>[\/vc_column_text][vc_empty_space height=&#8221;22px&#8221;][\/vc_column][vc_column width=&#8221;1\/2&#8243;][vc_video link=&#8221;https:\/\/youtu.be\/ZjLfJVSflu4&#8243;][\/vc_column][\/vc_row][vc_row type=&#8221;full_width_background&#8221; bg_color=&#8221;#ffffff&#8221; top_padding=&#8221;60&#8243; bottom_padding=&#8221;40&#8243;][vc_column enable_animation=&#8221;true&#8221; animation=&#8221;fadeInUp&#8221; delay=&#8221;600ms&#8221;][vc_column_text]<img loading=\"lazy\" decoding=\"async\" class=\"alignnone wp-image-3330 \" src=\"https:\/\/sitesbbr.com\/recrutamento\/wp-content\/uploads\/2024\/03\/titulos-inrise-mkt-juridico-consultoria-marketing-05-1.png\" alt=\"\" width=\"278\" height=\"43\" srcset=\"https:\/\/sitesbbr.com\/recrutamento\/wp-content\/uploads\/2024\/03\/titulos-inrise-mkt-juridico-consultoria-marketing-05-1.png 523w, https:\/\/sitesbbr.com\/recrutamento\/wp-content\/uploads\/2024\/03\/titulos-inrise-mkt-juridico-consultoria-marketing-05-1-300x46.png 300w\" sizes=\"auto, (max-width: 278px) 100vw, 278px\" \/>[\/vc_column_text][vc_row_inner gap=&#8221;35&#8243;][vc_column_inner width=&#8221;1\/4&#8243; enable_animation=&#8221;true&#8221; animation=&#8221;fadeInUp&#8221; delay=&#8221;600ms&#8221; css=&#8221;.vc_custom_1709776126517{padding-right: 1px !important;padding-left: 1px !important;}&#8221;][vc_column_text]<a href=\"https:\/\/www.inriseconsultoria.com.br\/\" target=\"_blank\" rel=\"noopener\"><img loading=\"lazy\" decoding=\"async\" class=\"wp-image-3278 size-full aligncenter\" src=\"https:\/\/sitesbbr.com\/recrutamento\/wp-content\/uploads\/2024\/03\/LOGOTIPO-INRISE-CONSULTORIA-EM-MARKETING-JURIDICO-01.png\" alt=\"\" width=\"1102\" height=\"513\" srcset=\"https:\/\/sitesbbr.com\/recrutamento\/wp-content\/uploads\/2024\/03\/LOGOTIPO-INRISE-CONSULTORIA-EM-MARKETING-JURIDICO-01.png 1102w, https:\/\/sitesbbr.com\/recrutamento\/wp-content\/uploads\/2024\/03\/LOGOTIPO-INRISE-CONSULTORIA-EM-MARKETING-JURIDICO-01-300x140.png 300w, https:\/\/sitesbbr.com\/recrutamento\/wp-content\/uploads\/2024\/03\/LOGOTIPO-INRISE-CONSULTORIA-EM-MARKETING-JURIDICO-01-1024x477.png 1024w, https:\/\/sitesbbr.com\/recrutamento\/wp-content\/uploads\/2024\/03\/LOGOTIPO-INRISE-CONSULTORIA-EM-MARKETING-JURIDICO-01-768x358.png 768w\" sizes=\"auto, (max-width: 1102px) 100vw, 1102px\" \/><\/a>[\/vc_column_text][\/vc_column_inner][vc_column_inner width=&#8221;1\/4&#8243; enable_animation=&#8221;true&#8221; animation=&#8221;fadeInUp&#8221; delay=&#8221;600ms&#8221; css=&#8221;.vc_custom_1711648111947{padding-right: 1px !important;padding-left: 20px !important;}&#8221;][vc_column_text]<a href=\"https:\/\/www.inriserecrutamento.com.br\/\" target=\"_blank\" rel=\"noopener\"><img loading=\"lazy\" decoding=\"async\" class=\"wp-image-3275 size-full aligncenter\" src=\"https:\/\/sitesbbr.com\/recrutamento\/wp-content\/uploads\/2024\/03\/LOGOTIPO-INRISE-CONSULTORIA-EM-MARKETING-JURIDICO-04.png\" alt=\"\" width=\"1102\" height=\"513\" srcset=\"https:\/\/sitesbbr.com\/recrutamento\/wp-content\/uploads\/2024\/03\/LOGOTIPO-INRISE-CONSULTORIA-EM-MARKETING-JURIDICO-04.png 1102w, https:\/\/sitesbbr.com\/recrutamento\/wp-content\/uploads\/2024\/03\/LOGOTIPO-INRISE-CONSULTORIA-EM-MARKETING-JURIDICO-04-300x140.png 300w, https:\/\/sitesbbr.com\/recrutamento\/wp-content\/uploads\/2024\/03\/LOGOTIPO-INRISE-CONSULTORIA-EM-MARKETING-JURIDICO-04-1024x477.png 1024w, https:\/\/sitesbbr.com\/recrutamento\/wp-content\/uploads\/2024\/03\/LOGOTIPO-INRISE-CONSULTORIA-EM-MARKETING-JURIDICO-04-768x358.png 768w\" sizes=\"auto, (max-width: 1102px) 100vw, 1102px\" \/><\/a>[\/vc_column_text][\/vc_column_inner][vc_column_inner width=&#8221;1\/4&#8243; enable_animation=&#8221;true&#8221; animation=&#8221;fadeInUp&#8221; delay=&#8221;600ms&#8221; css=&#8221;.vc_custom_1711648066008{padding-right: 1px !important;padding-left: 20px !important;}&#8221;][vc_column_text]<a href=\"https:\/\/www.inriseinformacao.com.br\/\" target=\"_blank\" rel=\"noopener\"><img loading=\"lazy\" decoding=\"async\" class=\"wp-image-3277 size-full aligncenter\" src=\"https:\/\/sitesbbr.com\/recrutamento\/wp-content\/uploads\/2024\/03\/LOGOTIPO-INRISE-CONSULTORIA-EM-MARKETING-JURIDICO-02.png\" alt=\"\" width=\"1102\" height=\"513\" srcset=\"https:\/\/sitesbbr.com\/recrutamento\/wp-content\/uploads\/2024\/03\/LOGOTIPO-INRISE-CONSULTORIA-EM-MARKETING-JURIDICO-02.png 1102w, https:\/\/sitesbbr.com\/recrutamento\/wp-content\/uploads\/2024\/03\/LOGOTIPO-INRISE-CONSULTORIA-EM-MARKETING-JURIDICO-02-300x140.png 300w, https:\/\/sitesbbr.com\/recrutamento\/wp-content\/uploads\/2024\/03\/LOGOTIPO-INRISE-CONSULTORIA-EM-MARKETING-JURIDICO-02-1024x477.png 1024w, https:\/\/sitesbbr.com\/recrutamento\/wp-content\/uploads\/2024\/03\/LOGOTIPO-INRISE-CONSULTORIA-EM-MARKETING-JURIDICO-02-768x358.png 768w\" sizes=\"auto, (max-width: 1102px) 100vw, 1102px\" \/><\/a>[\/vc_column_text][\/vc_column_inner][vc_column_inner width=&#8221;1\/4&#8243; enable_animation=&#8221;true&#8221; animation=&#8221;fadeInUp&#8221; delay=&#8221;600ms&#8221; css=&#8221;.vc_custom_1711648130258{margin-left: 10px !important;padding-right: 1px !important;padding-left: 20px !important;}&#8221;][vc_column_text]<a href=\"https:\/\/inriseconversalegal.com.br\/\" target=\"_blank\" rel=\"noopener\"><img loading=\"lazy\" decoding=\"async\" class=\"wp-image-3276 size-full aligncenter\" src=\"https:\/\/sitesbbr.com\/recrutamento\/wp-content\/uploads\/2024\/03\/LOGOTIPO-INRISE-CONSULTORIA-EM-MARKETING-JURIDICO-03.png\" alt=\"\" width=\"1102\" height=\"513\" srcset=\"https:\/\/sitesbbr.com\/recrutamento\/wp-content\/uploads\/2024\/03\/LOGOTIPO-INRISE-CONSULTORIA-EM-MARKETING-JURIDICO-03.png 1102w, https:\/\/sitesbbr.com\/recrutamento\/wp-content\/uploads\/2024\/03\/LOGOTIPO-INRISE-CONSULTORIA-EM-MARKETING-JURIDICO-03-300x140.png 300w, https:\/\/sitesbbr.com\/recrutamento\/wp-content\/uploads\/2024\/03\/LOGOTIPO-INRISE-CONSULTORIA-EM-MARKETING-JURIDICO-03-1024x477.png 1024w, https:\/\/sitesbbr.com\/recrutamento\/wp-content\/uploads\/2024\/03\/LOGOTIPO-INRISE-CONSULTORIA-EM-MARKETING-JURIDICO-03-768x358.png 768w\" sizes=\"auto, (max-width: 1102px) 100vw, 1102px\" \/><\/a>[\/vc_column_text][\/vc_column_inner][\/vc_row_inner][\/vc_column][\/vc_row][vc_row type=&#8221;full_width_background&#8221; bg_color=&#8221;#EAEAEA&#8221; top_padding=&#8221;60&#8243; bottom_padding=&#8221;40&#8243;][vc_column enable_animation=&#8221;true&#8221; animation=&#8221;fadeInUp&#8221; delay=&#8221;600ms&#8221;][vc_row_inner][vc_column_inner width=&#8221;1\/6&#8243;][\/vc_column_inner][vc_column_inner width=&#8221;2\/3&#8243;][vc_column_text css=&#8221;&#8221;]<\/p>\n<h1 style=\"text-align: center;\"><span style=\"color: #000000;\">Agende sua reuni\u00e3o com nosso time agora e entenda todos os BENEF\u00cdCIOS e GARANTIAS de fazer Recrutamento Jur\u00eddico de qualidade comprovada.<\/span><\/h1>\n<p>[\/vc_column_text][vc_btn title=&#8221;Saiba mais&#8221; shape=&#8221;round&#8221; color=&#8221;danger&#8221; size=&#8221;lg&#8221; align=&#8221;center&#8221; css=&#8221;&#8221; link=&#8221;url:https%3A%2F%2Fsitesbbr.com%2Frecrutamento%2Fcontato%2F&#8221;][\/vc_column_inner][vc_column_inner width=&#8221;1\/6&#8243;][\/vc_column_inner][\/vc_row_inner][\/vc_column][\/vc_row][vc_row type=&#8221;full_width_background&#8221; bg_color=&#8221;#dd3333&#8243; top_padding=&#8221;10&#8243; bottom_padding=&#8221;10&#8243;][vc_column enable_animation=&#8221;true&#8221; animation=&#8221;fadeInLeft&#8221; delay=&#8221;800ms&#8221;][\/vc_column][\/vc_row]<\/p>\n<\/div>","protected":false},"excerpt":{"rendered":"<p>[vc_row type=&#8221;full_width_background&#8221; bg_color=&#8221;#dd3333&#8243; top_padding=&#8221;10&#8243; bottom_padding=&#8221;10&#8243;][vc_column enable_animation=&#8221;true&#8221; animation=&#8221;fadeInLeft&#8221; delay=&#8221;500ms&#8221;][\/vc_column][\/vc_row][vc_row type=&#8221;full_width_background&#8221; bg_image=&#8221;3217&#8243; bg_position=&#8221;center center&#8221; parallax_bg=&#8221;true&#8221; bg_color=&#8221;#ffffff&#8221; overlay=&#8221;true&#8221; overlay_color=&#8221;rgba(255,255,255,0.7)&#8221; top_padding=&#8221;60&#8243; bottom_padding=&#8221;40&#8243;][vc_column enable_animation=&#8221;true&#8221; animation=&#8221;fadeInUp&#8221; delay=&#8221;800ms&#8221;][vc_column_text css=&#8221;&#8221;] Atualmente, uma das maiores dores de cabe\u00e7a dos escrit\u00f3rios est\u00e1 na contrata\u00e7\u00e3o e\/ou troca de seus funcion\u00e1rios. O tempo gasto em anunciar novas vagas, fazer a triagem dos curr\u00edculos, analisar e entrevistar futuros [&hellip;]<\/p>\n","protected":false},"author":1,"featured_media":0,"parent":0,"menu_order":0,"comment_status":"closed","ping_status":"closed","template":"","meta":{"footnotes":""},"class_list":["post-1308","page","type-page","status-publish","hentry"],"post_mailing_queue_ids":[],"_links":{"self":[{"href":"https:\/\/sitesbbr.com\/recrutamento\/wp-json\/wp\/v2\/pages\/1308","targetHints":{"allow":["GET"]}}],"collection":[{"href":"https:\/\/sitesbbr.com\/recrutamento\/wp-json\/wp\/v2\/pages"}],"about":[{"href":"https:\/\/sitesbbr.com\/recrutamento\/wp-json\/wp\/v2\/types\/page"}],"author":[{"embeddable":true,"href":"https:\/\/sitesbbr.com\/recrutamento\/wp-json\/wp\/v2\/users\/1"}],"replies":[{"embeddable":true,"href":"https:\/\/sitesbbr.com\/recrutamento\/wp-json\/wp\/v2\/comments?post=1308"}],"version-history":[{"count":168,"href":"https:\/\/sitesbbr.com\/recrutamento\/wp-json\/wp\/v2\/pages\/1308\/revisions"}],"predecessor-version":[{"id":4446,"href":"https:\/\/sitesbbr.com\/recrutamento\/wp-json\/wp\/v2\/pages\/1308\/revisions\/4446"}],"wp:attachment":[{"href":"https:\/\/sitesbbr.com\/recrutamento\/wp-json\/wp\/v2\/media?parent=1308"}],"curies":[{"name":"wp","href":"https:\/\/api.w.org\/{rel}","templated":true}]}}