{"id":2526,"date":"2021-06-09T22:48:51","date_gmt":"2021-06-10T01:48:51","guid":{"rendered":"https:\/\/sitesbbr.com\/rcc\/?page_id=2526"},"modified":"2023-10-18T16:11:14","modified_gmt":"2023-10-18T19:11:14","slug":"areas-de-atuacao","status":"publish","type":"page","link":"https:\/\/sitesbbr.com\/rcc\/areas-de-atuacao\/","title":{"rendered":"\u00c1REAS DE ATUA\u00c7\u00c3O"},"content":{"rendered":"<div class=\"wpb-content-wrapper\"><p>[vc_row type=&#8221;full_width_background&#8221; bg_image=&#8221;3727&#8243; bg_position=&#8221;center center&#8221; parallax_bg=&#8221;true&#8221; bg_color=&#8221;#f7f7f7&#8243; top_padding=&#8221;160&#8243; bottom_padding=&#8221;145&#8243;][vc_column width=&#8221;1\/2&#8243;][vc_column_text]<\/p>\n<h1 style=\"color: #cb9a16; text-align: left;\"><span style=\"color: #cb9a16;\"><span style=\"caret-color: #cb9a16;\">\u00c1REAS DE ATUA\u00c7\u00c3O<\/span><\/span><\/h1>\n<p>[\/vc_column_text][vc_column_text]Com compet\u00eancia e dedica\u00e7\u00e3o, o escrit\u00f3rio <strong>RCC Advogados Associados<\/strong> se destaca pela criteriosa presta\u00e7\u00e3o de servi\u00e7os da advocacia consultiva e contenciosa nas \u00e1reas abaixo descritas:[\/vc_column_text][vc_tta_accordion style=&#8221;flat&#8221; shape=&#8221;round&#8221; spacing=&#8221;35&#8243; active_section=&#8221;&#8221; no_fill=&#8221;true&#8221; collapsible_all=&#8221;true&#8221; el_class=&#8221;qd-acordion&#8221; css=&#8221;.vc_custom_1697656272197{background-color: rgba(0,0,0,0.01) !important;*background-color: rgb(0,0,0) !important;}&#8221;][vc_tta_section title=&#8221;Direito imobili\u00e1rio&#8221; tab_id=&#8221;1652836190365-f4dee0c2-6ee2&#8243;][vc_column_text]Negocia\u00e7\u00e3o Imobiliaria (compra, venda e administra\u00e7\u00e3o), incorpora\u00e7\u00e3o, loteamentos, licenciamento ambiental, regulariza\u00e7\u00e3o fundi\u00e1ria, usucapi\u00e3o e contratos imobili\u00e1rios.[\/vc_column_text][\/vc_tta_section][vc_tta_section title=&#8221;Direito civil e direito de fam\u00edlia&#8221; tab_id=&#8221;1652836190425-61387183-75d3&#8243;][vc_column_text]Responsabilidade civil, consumidor, contratos, a\u00e7\u00f5es possess\u00f3rias, div\u00f3rcios, a\u00e7\u00f5es de alimentos, regulariza\u00e7\u00e3o de guarda e visitas, invent\u00e1rio.[\/vc_column_text][\/vc_tta_section][vc_tta_section title=&#8221;Direito do Trabalho&#8221; tab_id=&#8221;1652836190487-84b946a8-90ff&#8221;][vc_column_text]Consultivo e contencioso[\/vc_column_text][\/vc_tta_section][vc_tta_section title=&#8221;Direito Criminal&#8221; tab_id=&#8221;1652836190548-8ac7402e-10ce&#8221;][vc_column_text]Processos criminais contra a pessoa, patrim\u00f4nio, meio ambiente e contra a mulher, atua\u00e7\u00e3o desde o inqu\u00e9rito, defesas e recursos.[\/vc_column_text][\/vc_tta_section][vc_tta_section title=&#8221;Direito previdenci\u00e1rio administrativo e judicial&#8221; tab_id=&#8221;1697505191509-616969b6-f668&#8243;][vc_column_text]Pens\u00e3o por morte, aux\u00edlio doen\u00e7a, aposentadoria por idade e por tempo de contribui\u00e7\u00e3o.[\/vc_column_text][\/vc_tta_section][\/vc_tta_accordion][\/vc_column][vc_column width=&#8221;1\/2&#8243;][\/vc_column][\/vc_row]<\/p>\n<\/div>","protected":false},"excerpt":{"rendered":"<p>[vc_row type=&#8221;full_width_background&#8221; bg_image=&#8221;3727&#8243; bg_position=&#8221;center center&#8221; parallax_bg=&#8221;true&#8221; bg_color=&#8221;#f7f7f7&#8243; top_padding=&#8221;160&#8243; bottom_padding=&#8221;145&#8243;][vc_column width=&#8221;1\/2&#8243;][vc_column_text] \u00c1REAS DE ATUA\u00c7\u00c3O [\/vc_column_text][vc_column_text]Com compet\u00eancia e dedica\u00e7\u00e3o, o escrit\u00f3rio RCC Advogados Associados se destaca pela criteriosa presta\u00e7\u00e3o de servi\u00e7os da advocacia consultiva e contenciosa nas \u00e1reas abaixo descritas:[\/vc_column_text][vc_tta_accordion style=&#8221;flat&#8221; shape=&#8221;round&#8221; spacing=&#8221;35&#8243; active_section=&#8221;&#8221; no_fill=&#8221;true&#8221; collapsible_all=&#8221;true&#8221; el_class=&#8221;qd-acordion&#8221; css=&#8221;.vc_custom_1697656272197{background-color: rgba(0,0,0,0.01) !important;*background-color: rgb(0,0,0) !important;}&#8221;][vc_tta_section title=&#8221;Direito imobili\u00e1rio&#8221; tab_id=&#8221;1652836190365-f4dee0c2-6ee2&#8243;][vc_column_text]Negocia\u00e7\u00e3o Imobiliaria (compra, [&hellip;]<\/p>\n","protected":false},"author":1,"featured_media":0,"parent":0,"menu_order":0,"comment_status":"closed","ping_status":"closed","template":"","meta":{"footnotes":""},"class_list":["post-2526","page","type-page","status-publish","hentry"],"post_mailing_queue_ids":[],"_links":{"self":[{"href":"https:\/\/sitesbbr.com\/rcc\/wp-json\/wp\/v2\/pages\/2526","targetHints":{"allow":["GET"]}}],"collection":[{"href":"https:\/\/sitesbbr.com\/rcc\/wp-json\/wp\/v2\/pages"}],"about":[{"href":"https:\/\/sitesbbr.com\/rcc\/wp-json\/wp\/v2\/types\/page"}],"author":[{"embeddable":true,"href":"https:\/\/sitesbbr.com\/rcc\/wp-json\/wp\/v2\/users\/1"}],"replies":[{"embeddable":true,"href":"https:\/\/sitesbbr.com\/rcc\/wp-json\/wp\/v2\/comments?post=2526"}],"version-history":[{"count":65,"href":"https:\/\/sitesbbr.com\/rcc\/wp-json\/wp\/v2\/pages\/2526\/revisions"}],"predecessor-version":[{"id":3760,"href":"https:\/\/sitesbbr.com\/rcc\/wp-json\/wp\/v2\/pages\/2526\/revisions\/3760"}],"wp:attachment":[{"href":"https:\/\/sitesbbr.com\/rcc\/wp-json\/wp\/v2\/media?parent=2526"}],"curies":[{"name":"wp","href":"https:\/\/api.w.org\/{rel}","templated":true}]}}