{"id":1308,"date":"2020-10-20T11:54:06","date_gmt":"2020-10-20T14:54:06","guid":{"rendered":"https:\/\/sitesbbr.com\/rcc\/?page_id=1308"},"modified":"2023-10-17T23:22:17","modified_gmt":"2023-10-18T02:22:17","slug":"quem-somos","status":"publish","type":"page","link":"https:\/\/sitesbbr.com\/rcc\/quem-somos\/","title":{"rendered":"Quem Somos"},"content":{"rendered":"<div class=\"wpb-content-wrapper\"><p>[vc_row type=&#8221;full_width_background&#8221; bg_image=&#8221;3727&#8243; bg_position=&#8221;center center&#8221; parallax_bg=&#8221;true&#8221; bg_color=&#8221;#f7f7f7&#8243; top_padding=&#8221;180&#8243; bottom_padding=&#8221;165&#8243;][vc_column width=&#8221;1\/2&#8243;][vc_column_text]<\/p>\n<h1 style=\"color: #cb9a16; text-align: left;\"><span style=\"color: #cb9a16;\"><span style=\"caret-color: #cb9a16;\">QUEM SOMOS<\/span><\/span><\/h1>\n<p>[\/vc_column_text][vc_column_text]Com compet\u00eancia e dedica\u00e7\u00e3o, o escrit\u00f3rio <strong>RCC Advogados Associados<\/strong> se destaca pela criteriosa presta\u00e7\u00e3o de servi\u00e7os da advocacia consultiva e contenciosa nas \u00e1reas abaixo descritas:[\/vc_column_text][vc_column_text]<img loading=\"lazy\" decoding=\"async\" class=\"alignnone wp-image-3732 \" src=\"https:\/\/sitesbbr.com\/rcc\/wp-content\/uploads\/2023\/10\/img-rcc-1.jpg\" alt=\"\" width=\"494\" height=\"233\" srcset=\"https:\/\/sitesbbr.com\/rcc\/wp-content\/uploads\/2023\/10\/img-rcc-1.jpg 1148w, https:\/\/sitesbbr.com\/rcc\/wp-content\/uploads\/2023\/10\/img-rcc-1-300x142.jpg 300w, https:\/\/sitesbbr.com\/rcc\/wp-content\/uploads\/2023\/10\/img-rcc-1-1024x483.jpg 1024w, https:\/\/sitesbbr.com\/rcc\/wp-content\/uploads\/2023\/10\/img-rcc-1-768x363.jpg 768w\" sizes=\"auto, (max-width: 494px) 100vw, 494px\" \/>[\/vc_column_text][\/vc_column][vc_column width=&#8221;1\/2&#8243;][\/vc_column][\/vc_row][vc_row type=&#8221;full_width_background&#8221; bg_color=&#8221;#cb9a16&#8243;][vc_column][vc_row_inner][vc_column_inner width=&#8221;1\/3&#8243;][vc_column_text]<img loading=\"lazy\" decoding=\"async\" class=\"aligncenter wp-image-3736 size-full\" src=\"https:\/\/sitesbbr.com\/rcc\/wp-content\/uploads\/2023\/10\/C.png\" alt=\"\" width=\"775\" height=\"1016\" srcset=\"https:\/\/sitesbbr.com\/rcc\/wp-content\/uploads\/2023\/10\/C.png 775w, https:\/\/sitesbbr.com\/rcc\/wp-content\/uploads\/2023\/10\/C-229x300.png 229w, https:\/\/sitesbbr.com\/rcc\/wp-content\/uploads\/2023\/10\/C-768x1007.png 768w\" sizes=\"auto, (max-width: 775px) 100vw, 775px\" \/>[\/vc_column_text][vc_column_text]<\/p>\n<h2 style=\"text-align: center;\"><span style=\"color: #ffffff;\"><strong>Humaniza\u00e7\u00e3o:<\/strong><\/span><\/h2>\n<p>[\/vc_column_text][vc_column_text]<\/p>\n<p style=\"text-align: center;\"><span style=\"color: #ffffff;\">o mais importante para n\u00f3s s\u00e3o as pessoas e como elas realmente se sentem ao nos procurar. Por essa raz\u00e3o, o nosso atendimento \u00e9 personalizado, humanizado e com aten\u00e7\u00e3o total \u00e1 identifica\u00e7\u00e3o das necessidades de nossos clientes.<\/span><\/p>\n<p>[\/vc_column_text][\/vc_column_inner][vc_column_inner width=&#8221;1\/3&#8243;][vc_column_text]<img loading=\"lazy\" decoding=\"async\" class=\"aligncenter wp-image-3735 size-full\" src=\"https:\/\/sitesbbr.com\/rcc\/wp-content\/uploads\/2023\/10\/r.png\" alt=\"\" width=\"775\" height=\"1016\" srcset=\"https:\/\/sitesbbr.com\/rcc\/wp-content\/uploads\/2023\/10\/r.png 775w, https:\/\/sitesbbr.com\/rcc\/wp-content\/uploads\/2023\/10\/r-229x300.png 229w, https:\/\/sitesbbr.com\/rcc\/wp-content\/uploads\/2023\/10\/r-768x1007.png 768w\" sizes=\"auto, (max-width: 775px) 100vw, 775px\" \/>[\/vc_column_text][vc_column_text]<\/p>\n<h2 style=\"text-align: center;\"><span style=\"color: #ffffff;\"><strong>Dinamismo:<\/strong><\/span><\/h2>\n<p>[\/vc_column_text][vc_column_text]<\/p>\n<p style=\"text-align: center;\"><span style=\"color: #ffffff;\">a proatividade \u00e9 constante na presta\u00e7\u00e3o de servi\u00e7os, atrav\u00e9s de iniciativas e tomadas de decis\u00f5es, visando o apoio integral para que nossos clientes cheguem o mais r\u00e1pido poss\u00edvel aos resultados desejados.<\/span><\/p>\n<p>[\/vc_column_text][\/vc_column_inner][vc_column_inner width=&#8221;1\/3&#8243;][vc_column_text]<img loading=\"lazy\" decoding=\"async\" class=\"wp-image-3737 size-full aligncenter\" src=\"https:\/\/sitesbbr.com\/rcc\/wp-content\/uploads\/2023\/10\/cc.png\" alt=\"\" width=\"775\" height=\"1016\" srcset=\"https:\/\/sitesbbr.com\/rcc\/wp-content\/uploads\/2023\/10\/cc.png 775w, https:\/\/sitesbbr.com\/rcc\/wp-content\/uploads\/2023\/10\/cc-229x300.png 229w, https:\/\/sitesbbr.com\/rcc\/wp-content\/uploads\/2023\/10\/cc-768x1007.png 768w\" sizes=\"auto, (max-width: 775px) 100vw, 775px\" \/>[\/vc_column_text][vc_column_text]<\/p>\n<h2 style=\"text-align: center;\"><strong><span style=\"color: #ffffff;\">Solu\u00e7\u00f5es Diferenciadas:<\/span><\/strong><\/h2>\n<p>[\/vc_column_text][vc_column_text]<\/p>\n<p style=\"text-align: center;\"><span style=\"color: #ffffff;\">identificar a particularidade de cada demanda e auxiliar os clientes a identificar solu\u00e7\u00f5es criativas para a gest\u00e3o fundamental de seus neg\u00f3cios \u00e9 prioridade total na nossa rotina.<\/span><\/p>\n<p>[\/vc_column_text][\/vc_column_inner][\/vc_row_inner][\/vc_column][\/vc_row]<\/p>\n<\/div>","protected":false},"excerpt":{"rendered":"<p>[vc_row type=&#8221;full_width_background&#8221; bg_image=&#8221;3727&#8243; bg_position=&#8221;center center&#8221; parallax_bg=&#8221;true&#8221; bg_color=&#8221;#f7f7f7&#8243; top_padding=&#8221;180&#8243; bottom_padding=&#8221;165&#8243;][vc_column width=&#8221;1\/2&#8243;][vc_column_text] QUEM SOMOS [\/vc_column_text][vc_column_text]Com compet\u00eancia e dedica\u00e7\u00e3o, o escrit\u00f3rio RCC Advogados Associados se destaca pela criteriosa presta\u00e7\u00e3o de servi\u00e7os da advocacia consultiva e contenciosa nas \u00e1reas abaixo descritas:[\/vc_column_text][vc_column_text][\/vc_column_text][\/vc_column][vc_column width=&#8221;1\/2&#8243;][\/vc_column][\/vc_row][vc_row type=&#8221;full_width_background&#8221; bg_color=&#8221;#cb9a16&#8243;][vc_column][vc_row_inner][vc_column_inner width=&#8221;1\/3&#8243;][vc_column_text][\/vc_column_text][vc_column_text] Humaniza\u00e7\u00e3o: [\/vc_column_text][vc_column_text] o mais importante para n\u00f3s s\u00e3o as pessoas e como elas realmente [&hellip;]<\/p>\n","protected":false},"author":1,"featured_media":0,"parent":0,"menu_order":0,"comment_status":"closed","ping_status":"closed","template":"","meta":{"footnotes":""},"class_list":["post-1308","page","type-page","status-publish","hentry"],"post_mailing_queue_ids":[],"_links":{"self":[{"href":"https:\/\/sitesbbr.com\/rcc\/wp-json\/wp\/v2\/pages\/1308","targetHints":{"allow":["GET"]}}],"collection":[{"href":"https:\/\/sitesbbr.com\/rcc\/wp-json\/wp\/v2\/pages"}],"about":[{"href":"https:\/\/sitesbbr.com\/rcc\/wp-json\/wp\/v2\/types\/page"}],"author":[{"embeddable":true,"href":"https:\/\/sitesbbr.com\/rcc\/wp-json\/wp\/v2\/users\/1"}],"replies":[{"embeddable":true,"href":"https:\/\/sitesbbr.com\/rcc\/wp-json\/wp\/v2\/comments?post=1308"}],"version-history":[{"count":227,"href":"https:\/\/sitesbbr.com\/rcc\/wp-json\/wp\/v2\/pages\/1308\/revisions"}],"predecessor-version":[{"id":1420,"href":"https:\/\/sitesbbr.com\/rcc\/wp-json\/wp\/v2\/pages\/1308\/revisions\/1420"}],"wp:attachment":[{"href":"https:\/\/sitesbbr.com\/rcc\/wp-json\/wp\/v2\/media?parent=1308"}],"curies":[{"name":"wp","href":"https:\/\/api.w.org\/{rel}","templated":true}]}}