{"id":2338,"date":"2019-06-28T17:04:05","date_gmt":"2019-06-28T20:04:05","guid":{"rendered":"https:\/\/sitesbbr.com\/raquelmunhoz\/?page_id=2338"},"modified":"2020-12-03T17:16:16","modified_gmt":"2020-12-03T20:16:16","slug":"sobre-mim","status":"publish","type":"page","link":"https:\/\/sitesbbr.com\/raquelmunhoz\/sobre-mim\/","title":{"rendered":"Sobre Mim"},"content":{"rendered":"<div class=\"wpb-content-wrapper\"><p>[vc_row][vc_column width=&#8221;1\/2&#8243;][vc_column_text]<img loading=\"lazy\" decoding=\"async\" class=\"wp-image-45044 alignleft\" src=\"https:\/\/sitesbbr.com\/raquelmunhoz\/wp-content\/uploads\/2020\/12\/foto-tratamentos.jpg\" alt=\"\" width=\"534\" height=\"879\" srcset=\"https:\/\/sitesbbr.com\/raquelmunhoz\/wp-content\/uploads\/2020\/12\/foto-tratamentos.jpg 1224w, https:\/\/sitesbbr.com\/raquelmunhoz\/wp-content\/uploads\/2020\/12\/foto-tratamentos-304x500.jpg 304w, https:\/\/sitesbbr.com\/raquelmunhoz\/wp-content\/uploads\/2020\/12\/foto-tratamentos-517x850.jpg 517w, https:\/\/sitesbbr.com\/raquelmunhoz\/wp-content\/uploads\/2020\/12\/foto-tratamentos-768x1263.jpg 768w, https:\/\/sitesbbr.com\/raquelmunhoz\/wp-content\/uploads\/2020\/12\/foto-tratamentos-934x1536.jpg 934w\" sizes=\"auto, (max-width: 534px) 100vw, 534px\" \/>[\/vc_column_text][\/vc_column][vc_column width=&#8221;1\/2&#8243;][vc_column_text]Licenciada em Medicina pela Faculdade de Ci\u00eancias M\u00e9dicas de Santos (UNILUS) de S\u00e3o Paulo, Brasil. Me especializei em Pediatr\u00eda pela Universidad Federal de S\u00e3o Paulo (UNIFESP). Minha vontade de aprender me llevou a cursar as p\u00f3s-gradua\u00e7\u00f5es de infectologia pedi\u00e1trica e de infecci\u00f3n relacionada \u00e0 assist\u00eancia \u00e0 sa\u00fade. Ap\u00f3s um evento grave com minha sa\u00fade, com uma grande carga emocional, decidi buscar alternativas \u00e0 medicina alop\u00e1tica.<\/p>\n<p>Tratar somente os sintomas j\u00e1 n\u00e3o era suficiente, necessitava abordar a origem da doen\u00e7a. A Medicina Tradicional Chinesa (fitoterapia, f\u00f3rmulas magistrais chinesas, acupuntura, bem como o cuidado atrav\u00e9s da alimenta\u00e7\u00e3o saud\u00e1vel, a respira\u00e7\u00e3o, a psicoterapia e o Yoga me ajudaram a sanar corpo, mente e esp\u00edrito. Decidi ent\u00e3o me especializar em Medicina Tradicional Chinesa (Acupuntura, Fitoterapia e Dietoterapia e em F\u00f3rmulas Magistrais Chinesas). Esta experi\u00eancia pessoal me levou a trabalhar com meus pacientes desde a Medicina Integrativa, combinando o conhecimento e a experi\u00eancia la Medicina Alop\u00e1tica com a abordagem e o tratamento da Medicina Chinesa.<\/p>\n<p>A aten\u00e7\u00e3o sist\u00eamica, que leva em conta a pessoa no seu contexto familiar, me ofereceu melhores resultados no tratamento de adultos e crian\u00e7as. Medicina integrativa e acompanhamento sist\u00eamico para recuperar o bem estar f\u00edsico, mental e emocional, e disfrutar de una vida saud\u00e1vel e plena. Trajet\u00f3ria professional Minha trajet\u00f3ria professional transcorre, desde minha licenciatura, em hospitais de reconhecido prest\u00edgio, p\u00fablicos e privados, de S\u00e3o Paulo, Brasil.<\/p>\n<p>Al\u00e9m do trabalho como pediatra nos hospitais e no consult\u00f3rio particular, atuei como chefe de plant\u00e3o na Universidade Federal de S\u00e3o Paulo e coordenadora de infec\u00e7\u00e3o hospitalar na Prefeitura de Diadema. Realizei diversas publica\u00e7\u00f5es cient\u00edficas e colaborei com cap\u00edtulo em Livro de Pediatria da UNIFESP. Participei tamb\u00e9m de um grande n\u00famero de congressos nacionais e internacionais.<\/p>\n<p>Aten\u00e7\u00e3o e tratamento A consulta \u00e9 um espa\u00e7o muito cuidado, onde al\u00e9m de escutar meus pacientes, avaliar seu hist\u00f3rico cl\u00ednico, ofere\u00e7o tratamento com distintas ferramentas (fitoterapia chinesa, melhora dos h\u00e1bitos alimentares, de vida e da consci\u00eancia, acupuntura, ventosas, moxa). As consultas s\u00e3o presenciais em Barcelona e eventualmente em S\u00e3o Paulo e tamb\u00e9m ofere\u00e7o consultas on-line. Ofere\u00e7o um assessoramento pr\u00f3ximo e comprometido com a sa\u00fade dos meus pacientes.[\/vc_column_text][\/vc_column][\/vc_row]<\/p>\n<\/div>","protected":false},"excerpt":{"rendered":"<p>[vc_row][vc_column width=&#8221;1\/2&#8243;][vc_column_text][\/vc_column_text][\/vc_column][vc_column width=&#8221;1\/2&#8243;][vc_column_text]Licenciada em Medicina pela Faculdade de Ci\u00eancias M\u00e9dicas de Santos (UNILUS) de S\u00e3o Paulo, Brasil. Me especializei em Pediatr\u00eda pela Universidad Federal de S\u00e3o Paulo (UNIFESP). Minha vontade de aprender me llevou a cursar as p\u00f3s-gradua\u00e7\u00f5es de infectologia pedi\u00e1trica e de infecci\u00f3n relacionada \u00e0 assist\u00eancia \u00e0 sa\u00fade. Ap\u00f3s um evento grave com minha [&hellip;]<\/p>\n","protected":false},"author":5,"featured_media":0,"parent":0,"menu_order":0,"comment_status":"closed","ping_status":"closed","template":"","meta":{"footnotes":""},"class_list":["post-2338","page","type-page","status-publish","hentry"],"yoast_head":"<!-- This site is optimized with the Yoast SEO plugin v26.9 - https:\/\/yoast.com\/product\/yoast-seo-wordpress\/ -->\n<title>Sobre Mim - Dra. Raquel Mu\u00f1oz<\/title>\n<meta name=\"robots\" content=\"index, follow, max-snippet:-1, max-image-preview:large, max-video-preview:-1\" \/>\n<link rel=\"canonical\" href=\"https:\/\/sitesbbr.com\/raquelmunhoz\/sobre-mim\/\" \/>\n<meta property=\"og:locale\" content=\"pt_BR\" \/>\n<meta property=\"og:type\" content=\"article\" \/>\n<meta property=\"og:title\" content=\"Sobre Mim - Dra. Raquel Mu\u00f1oz\" \/>\n<meta property=\"og:description\" content=\"[vc_row][vc_column width=&#8221;1\/2&#8243;][vc_column_text][\/vc_column_text][\/vc_column][vc_column width=&#8221;1\/2&#8243;][vc_column_text]Licenciada em Medicina pela Faculdade de Ci\u00eancias M\u00e9dicas de Santos (UNILUS) de S\u00e3o Paulo, Brasil. Me especializei em Pediatr\u00eda pela Universidad Federal de S\u00e3o Paulo (UNIFESP). Minha vontade de aprender me llevou a cursar as p\u00f3s-gradua\u00e7\u00f5es de infectologia pedi\u00e1trica e de infecci\u00f3n relacionada \u00e0 assist\u00eancia \u00e0 sa\u00fade. Ap\u00f3s um evento grave com minha [&hellip;]\" \/>\n<meta property=\"og:url\" content=\"https:\/\/sitesbbr.com\/raquelmunhoz\/sobre-mim\/\" \/>\n<meta property=\"og:site_name\" content=\"Dra. Raquel Mu\u00f1oz\" \/>\n<meta property=\"article:modified_time\" content=\"2020-12-03T20:16:16+00:00\" \/>\n<meta property=\"og:image\" content=\"https:\/\/sitesbbr.com\/raquelmunhoz\/wp-content\/uploads\/2020\/12\/foto-tratamentos.jpg\" \/>\n<meta name=\"twitter:card\" content=\"summary_large_image\" \/>\n<meta name=\"twitter:label1\" content=\"Est. tempo de leitura\" \/>\n\t<meta name=\"twitter:data1\" content=\"2 minutos\" \/>\n<script type=\"application\/ld+json\" class=\"yoast-schema-graph\">{\"@context\":\"https:\/\/schema.org\",\"@graph\":[{\"@type\":\"WebPage\",\"@id\":\"https:\/\/sitesbbr.com\/raquelmunhoz\/sobre-mim\/\",\"url\":\"https:\/\/sitesbbr.com\/raquelmunhoz\/sobre-mim\/\",\"name\":\"Sobre Mim - Dra. Raquel Mu\u00f1oz\",\"isPartOf\":{\"@id\":\"https:\/\/sitesbbr.com\/raquelmunhoz\/#website\"},\"primaryImageOfPage\":{\"@id\":\"https:\/\/sitesbbr.com\/raquelmunhoz\/sobre-mim\/#primaryimage\"},\"image\":{\"@id\":\"https:\/\/sitesbbr.com\/raquelmunhoz\/sobre-mim\/#primaryimage\"},\"thumbnailUrl\":\"https:\/\/sitesbbr.com\/raquelmunhoz\/wp-content\/uploads\/2020\/12\/foto-tratamentos.jpg\",\"datePublished\":\"2019-06-28T20:04:05+00:00\",\"dateModified\":\"2020-12-03T20:16:16+00:00\",\"breadcrumb\":{\"@id\":\"https:\/\/sitesbbr.com\/raquelmunhoz\/sobre-mim\/#breadcrumb\"},\"inLanguage\":\"pt-BR\",\"potentialAction\":[{\"@type\":\"ReadAction\",\"target\":[\"https:\/\/sitesbbr.com\/raquelmunhoz\/sobre-mim\/\"]}]},{\"@type\":\"ImageObject\",\"inLanguage\":\"pt-BR\",\"@id\":\"https:\/\/sitesbbr.com\/raquelmunhoz\/sobre-mim\/#primaryimage\",\"url\":\"https:\/\/sitesbbr.com\/raquelmunhoz\/wp-content\/uploads\/2020\/12\/foto-tratamentos.jpg\",\"contentUrl\":\"https:\/\/sitesbbr.com\/raquelmunhoz\/wp-content\/uploads\/2020\/12\/foto-tratamentos.jpg\",\"width\":1224,\"height\":2013},{\"@type\":\"BreadcrumbList\",\"@id\":\"https:\/\/sitesbbr.com\/raquelmunhoz\/sobre-mim\/#breadcrumb\",\"itemListElement\":[{\"@type\":\"ListItem\",\"position\":1,\"name\":\"In\u00edcio\",\"item\":\"https:\/\/sitesbbr.com\/raquelmunhoz\/\"},{\"@type\":\"ListItem\",\"position\":2,\"name\":\"Sobre Mim\"}]},{\"@type\":\"WebSite\",\"@id\":\"https:\/\/sitesbbr.com\/raquelmunhoz\/#website\",\"url\":\"https:\/\/sitesbbr.com\/raquelmunhoz\/\",\"name\":\"Dra. Raquel Mu\u00f1oz\",\"description\":\"Dra. Raquel Mu\u00f1oz\",\"potentialAction\":[{\"@type\":\"SearchAction\",\"target\":{\"@type\":\"EntryPoint\",\"urlTemplate\":\"https:\/\/sitesbbr.com\/raquelmunhoz\/?s={search_term_string}\"},\"query-input\":{\"@type\":\"PropertyValueSpecification\",\"valueRequired\":true,\"valueName\":\"search_term_string\"}}],\"inLanguage\":\"pt-BR\"}]}<\/script>\n<!-- \/ Yoast SEO plugin. -->","yoast_head_json":{"title":"Sobre Mim - Dra. Raquel Mu\u00f1oz","robots":{"index":"index","follow":"follow","max-snippet":"max-snippet:-1","max-image-preview":"max-image-preview:large","max-video-preview":"max-video-preview:-1"},"canonical":"https:\/\/sitesbbr.com\/raquelmunhoz\/sobre-mim\/","og_locale":"pt_BR","og_type":"article","og_title":"Sobre Mim - Dra. Raquel Mu\u00f1oz","og_description":"[vc_row][vc_column width=&#8221;1\/2&#8243;][vc_column_text][\/vc_column_text][\/vc_column][vc_column width=&#8221;1\/2&#8243;][vc_column_text]Licenciada em Medicina pela Faculdade de Ci\u00eancias M\u00e9dicas de Santos (UNILUS) de S\u00e3o Paulo, Brasil. Me especializei em Pediatr\u00eda pela Universidad Federal de S\u00e3o Paulo (UNIFESP). Minha vontade de aprender me llevou a cursar as p\u00f3s-gradua\u00e7\u00f5es de infectologia pedi\u00e1trica e de infecci\u00f3n relacionada \u00e0 assist\u00eancia \u00e0 sa\u00fade. Ap\u00f3s um evento grave com minha [&hellip;]","og_url":"https:\/\/sitesbbr.com\/raquelmunhoz\/sobre-mim\/","og_site_name":"Dra. Raquel Mu\u00f1oz","article_modified_time":"2020-12-03T20:16:16+00:00","og_image":[{"url":"https:\/\/sitesbbr.com\/raquelmunhoz\/wp-content\/uploads\/2020\/12\/foto-tratamentos.jpg","type":"","width":"","height":""}],"twitter_card":"summary_large_image","twitter_misc":{"Est. tempo de leitura":"2 minutos"},"schema":{"@context":"https:\/\/schema.org","@graph":[{"@type":"WebPage","@id":"https:\/\/sitesbbr.com\/raquelmunhoz\/sobre-mim\/","url":"https:\/\/sitesbbr.com\/raquelmunhoz\/sobre-mim\/","name":"Sobre Mim - Dra. Raquel Mu\u00f1oz","isPartOf":{"@id":"https:\/\/sitesbbr.com\/raquelmunhoz\/#website"},"primaryImageOfPage":{"@id":"https:\/\/sitesbbr.com\/raquelmunhoz\/sobre-mim\/#primaryimage"},"image":{"@id":"https:\/\/sitesbbr.com\/raquelmunhoz\/sobre-mim\/#primaryimage"},"thumbnailUrl":"https:\/\/sitesbbr.com\/raquelmunhoz\/wp-content\/uploads\/2020\/12\/foto-tratamentos.jpg","datePublished":"2019-06-28T20:04:05+00:00","dateModified":"2020-12-03T20:16:16+00:00","breadcrumb":{"@id":"https:\/\/sitesbbr.com\/raquelmunhoz\/sobre-mim\/#breadcrumb"},"inLanguage":"pt-BR","potentialAction":[{"@type":"ReadAction","target":["https:\/\/sitesbbr.com\/raquelmunhoz\/sobre-mim\/"]}]},{"@type":"ImageObject","inLanguage":"pt-BR","@id":"https:\/\/sitesbbr.com\/raquelmunhoz\/sobre-mim\/#primaryimage","url":"https:\/\/sitesbbr.com\/raquelmunhoz\/wp-content\/uploads\/2020\/12\/foto-tratamentos.jpg","contentUrl":"https:\/\/sitesbbr.com\/raquelmunhoz\/wp-content\/uploads\/2020\/12\/foto-tratamentos.jpg","width":1224,"height":2013},{"@type":"BreadcrumbList","@id":"https:\/\/sitesbbr.com\/raquelmunhoz\/sobre-mim\/#breadcrumb","itemListElement":[{"@type":"ListItem","position":1,"name":"In\u00edcio","item":"https:\/\/sitesbbr.com\/raquelmunhoz\/"},{"@type":"ListItem","position":2,"name":"Sobre Mim"}]},{"@type":"WebSite","@id":"https:\/\/sitesbbr.com\/raquelmunhoz\/#website","url":"https:\/\/sitesbbr.com\/raquelmunhoz\/","name":"Dra. Raquel Mu\u00f1oz","description":"Dra. Raquel Mu\u00f1oz","potentialAction":[{"@type":"SearchAction","target":{"@type":"EntryPoint","urlTemplate":"https:\/\/sitesbbr.com\/raquelmunhoz\/?s={search_term_string}"},"query-input":{"@type":"PropertyValueSpecification","valueRequired":true,"valueName":"search_term_string"}}],"inLanguage":"pt-BR"}]}},"post_mailing_queue_ids":[],"_links":{"self":[{"href":"https:\/\/sitesbbr.com\/raquelmunhoz\/wp-json\/wp\/v2\/pages\/2338","targetHints":{"allow":["GET"]}}],"collection":[{"href":"https:\/\/sitesbbr.com\/raquelmunhoz\/wp-json\/wp\/v2\/pages"}],"about":[{"href":"https:\/\/sitesbbr.com\/raquelmunhoz\/wp-json\/wp\/v2\/types\/page"}],"author":[{"embeddable":true,"href":"https:\/\/sitesbbr.com\/raquelmunhoz\/wp-json\/wp\/v2\/users\/5"}],"replies":[{"embeddable":true,"href":"https:\/\/sitesbbr.com\/raquelmunhoz\/wp-json\/wp\/v2\/comments?post=2338"}],"version-history":[{"count":121,"href":"https:\/\/sitesbbr.com\/raquelmunhoz\/wp-json\/wp\/v2\/pages\/2338\/revisions"}],"predecessor-version":[{"id":45108,"href":"https:\/\/sitesbbr.com\/raquelmunhoz\/wp-json\/wp\/v2\/pages\/2338\/revisions\/45108"}],"wp:attachment":[{"href":"https:\/\/sitesbbr.com\/raquelmunhoz\/wp-json\/wp\/v2\/media?parent=2338"}],"curies":[{"name":"wp","href":"https:\/\/api.w.org\/{rel}","templated":true}]}}