{"id":2,"date":"2018-02-22T12:00:04","date_gmt":"2018-02-22T15:00:04","guid":{"rendered":"http:\/\/dev.qd1.com.br\/frosa\/?page_id=2"},"modified":"2020-12-03T20:13:09","modified_gmt":"2020-12-03T23:13:09","slug":"home","status":"publish","type":"page","link":"https:\/\/sitesbbr.com\/raquelmunhoz\/","title":{"rendered":"Home"},"content":{"rendered":"<div class=\"wpb-content-wrapper\"><p>[vc_row type=&#8221;full_width_content&#8221; top_padding=&#8221;80&#8243;][vc_column][vc_column_text]<\/p>\n<h1 style=\"text-align: center;\"><span style=\"color: #93278f;\">Eu ofere\u00e7o uma assessoria inteligente.<\/span><\/h1>\n<h1 style=\"text-align: center;\"><span style=\"color: #93278f;\">Uma aten\u00e7\u00e3o pr\u00f3xima e comprometida com sua sa\u00fade<\/span><\/h1>\n<p>[\/vc_column_text][\/vc_column][\/vc_row][vc_row type=&#8221;full_width_background&#8221; bg_color=&#8221;#ffffff&#8221; full_width=&#8221;stretch_row&#8221; parallax=&#8221;content-moving&#8221; css=&#8221;.vc_custom_1527630587193{padding-bottom: 50px !important;}&#8221;][vc_column][vc_row_inner][vc_column_inner width=&#8221;1\/3&#8243;][vc_column_text]<\/p>\n<h3 style=\"text-align: center;\"><img loading=\"lazy\" decoding=\"async\" class=\"alignnone wp-image-45005\" src=\"https:\/\/sitesbbr.com\/raquelmunhoz\/wp-content\/uploads\/2020\/12\/diagnostico-500x500.png\" alt=\"\" width=\"100\" height=\"100\" srcset=\"https:\/\/sitesbbr.com\/raquelmunhoz\/wp-content\/uploads\/2020\/12\/diagnostico-500x500.png 500w, https:\/\/sitesbbr.com\/raquelmunhoz\/wp-content\/uploads\/2020\/12\/diagnostico-250x250.png 250w, https:\/\/sitesbbr.com\/raquelmunhoz\/wp-content\/uploads\/2020\/12\/diagnostico-768x768.png 768w, https:\/\/sitesbbr.com\/raquelmunhoz\/wp-content\/uploads\/2020\/12\/diagnostico-600x600.png 600w, https:\/\/sitesbbr.com\/raquelmunhoz\/wp-content\/uploads\/2020\/12\/diagnostico-350x350.png 350w, https:\/\/sitesbbr.com\/raquelmunhoz\/wp-content\/uploads\/2020\/12\/diagnostico.png 802w\" sizes=\"auto, (max-width: 100px) 100vw, 100px\" \/><\/h3>\n<p>[\/vc_column_text][vc_column_text]<\/p>\n<h3 style=\"text-align: center;\"><span style=\"color: #ff7bbf;\">DIAGN\u00d3STICO<\/span><\/h3>\n<p>[\/vc_column_text][\/vc_column_inner][vc_column_inner width=&#8221;1\/3&#8243;][vc_column_text]<\/p>\n<h3 style=\"text-align: center;\"><img loading=\"lazy\" decoding=\"async\" class=\"alignnone wp-image-45004\" src=\"https:\/\/sitesbbr.com\/raquelmunhoz\/wp-content\/uploads\/2020\/12\/tratamento-500x500.png\" alt=\"\" width=\"100\" height=\"100\" srcset=\"https:\/\/sitesbbr.com\/raquelmunhoz\/wp-content\/uploads\/2020\/12\/tratamento-500x500.png 500w, https:\/\/sitesbbr.com\/raquelmunhoz\/wp-content\/uploads\/2020\/12\/tratamento-250x250.png 250w, https:\/\/sitesbbr.com\/raquelmunhoz\/wp-content\/uploads\/2020\/12\/tratamento-768x769.png 768w, https:\/\/sitesbbr.com\/raquelmunhoz\/wp-content\/uploads\/2020\/12\/tratamento-600x600.png 600w, https:\/\/sitesbbr.com\/raquelmunhoz\/wp-content\/uploads\/2020\/12\/tratamento-350x350.png 350w, https:\/\/sitesbbr.com\/raquelmunhoz\/wp-content\/uploads\/2020\/12\/tratamento.png 795w\" sizes=\"auto, (max-width: 100px) 100vw, 100px\" \/><\/h3>\n<p>[\/vc_column_text][vc_column_text]<\/p>\n<h3 style=\"text-align: center;\"><span style=\"color: #ff7bbf;\">TRATAMENTO<\/span><\/h3>\n<p>[\/vc_column_text][\/vc_column_inner][vc_column_inner width=&#8221;1\/3&#8243;][vc_column_text]<\/p>\n<h3 style=\"text-align: center;\"><img loading=\"lazy\" decoding=\"async\" class=\"alignnone wp-image-45003\" src=\"https:\/\/sitesbbr.com\/raquelmunhoz\/wp-content\/uploads\/2020\/12\/segmento-500x500.png\" alt=\"\" width=\"100\" height=\"100\" srcset=\"https:\/\/sitesbbr.com\/raquelmunhoz\/wp-content\/uploads\/2020\/12\/segmento-500x500.png 500w, https:\/\/sitesbbr.com\/raquelmunhoz\/wp-content\/uploads\/2020\/12\/segmento-250x250.png 250w, https:\/\/sitesbbr.com\/raquelmunhoz\/wp-content\/uploads\/2020\/12\/segmento-768x768.png 768w, https:\/\/sitesbbr.com\/raquelmunhoz\/wp-content\/uploads\/2020\/12\/segmento-600x600.png 600w, https:\/\/sitesbbr.com\/raquelmunhoz\/wp-content\/uploads\/2020\/12\/segmento-350x350.png 350w, https:\/\/sitesbbr.com\/raquelmunhoz\/wp-content\/uploads\/2020\/12\/segmento.png 804w\" sizes=\"auto, (max-width: 100px) 100vw, 100px\" \/><\/h3>\n<p>[\/vc_column_text][vc_column_text]<\/p>\n<h3 style=\"text-align: center;\"><span style=\"color: #ff7bbf;\">SEGMENTO<\/span><\/h3>\n<p>[\/vc_column_text][\/vc_column_inner][\/vc_row_inner][\/vc_column][\/vc_row][vc_row type=&#8221;full_width_content&#8221;][vc_column][rev_slider_vc alias=&#8221;dermatologia&#8221;][\/vc_column][\/vc_row][vc_row type=&#8221;full_width_background&#8221;][vc_column][vc_column_text]<\/p>\n<h1 style=\"text-align: center;\"><span style=\"color: #93278f;\">PUBLICA\u00c7\u00d5ES\u00a0<\/span><\/h1>\n<p>[\/vc_column_text][vc_empty_space height=&#8221;16px&#8221;]<div class=\"evc-blog-list evc-shortcode evc-element-has-columns  evc-bl-standard evc-bl-layout-boxed evc-three-columns evc-normal-space  \" data-options=\"{&quot;module&quot;:&quot;shortcodes&quot;,&quot;shortcode_name&quot;:&quot;blog-list&quot;,&quot;post_type&quot;:&quot;post&quot;,&quot;next_page&quot;:&quot;2&quot;,&quot;max_pages_num&quot;:1,&quot;type&quot;:&quot;standard&quot;,&quot;layout_collections&quot;:&quot;boxed&quot;,&quot;number_of_posts&quot;:&quot;3&quot;,&quot;number_of_columns&quot;:&quot;three&quot;,&quot;space_between_items&quot;:&quot;normal&quot;,&quot;orderby&quot;:&quot;rand&quot;,&quot;order&quot;:&quot;ASC&quot;,&quot;image_proportions&quot;:&quot;full&quot;,&quot;title_tag&quot;:&quot;h4&quot;,&quot;enable_excerpt&quot;:&quot;yes&quot;,&quot;enable_category&quot;:&quot;yes&quot;,&quot;enable_author&quot;:&quot;yes&quot;,&quot;enable_date&quot;:&quot;yes&quot;,&quot;button_text&quot;:&quot;Load More&quot;}\">\n\t<div class=\"evc-bl-wrapper evc-element-wrapper\">\n\t\t<div class=\"evc-bl-item evc-element-item\">\n\t<div class=\"evc-bli-inner\">\n\t\t\t<div class=\"evc-bli-image evc-ib-zoom\">\n\t\t<a href=\"https:\/\/sitesbbr.com\/raquelmunhoz\/halitose\/\"><img loading=\"lazy\" decoding=\"async\" width=\"2560\" height=\"1223\" src=\"https:\/\/sitesbbr.com\/raquelmunhoz\/wp-content\/uploads\/2020\/09\/post3.jpg\" class=\"attachment-full size-full wp-post-image\" alt=\"\" srcset=\"https:\/\/sitesbbr.com\/raquelmunhoz\/wp-content\/uploads\/2020\/09\/post3.jpg 2560w, https:\/\/sitesbbr.com\/raquelmunhoz\/wp-content\/uploads\/2020\/09\/post3-500x239.jpg 500w, https:\/\/sitesbbr.com\/raquelmunhoz\/wp-content\/uploads\/2020\/09\/post3-850x406.jpg 850w, https:\/\/sitesbbr.com\/raquelmunhoz\/wp-content\/uploads\/2020\/09\/post3-768x367.jpg 768w, https:\/\/sitesbbr.com\/raquelmunhoz\/wp-content\/uploads\/2020\/09\/post3-1536x734.jpg 1536w, https:\/\/sitesbbr.com\/raquelmunhoz\/wp-content\/uploads\/2020\/09\/post3-2048x978.jpg 2048w\" sizes=\"auto, (max-width: 2560px) 100vw, 2560px\" \/><\/a>\n\t<\/div>\n\t\t<div class=\"evc-bli-content\">\n\t\t\t<div class=\"evc-bli-post-info evc-bli-post-info-top\">\n\t\t\t\t\t<div class=\"evc-bli-category\"><a href=\"https:\/\/sitesbbr.com\/raquelmunhoz\/category\/publicacoes\/\" rel=\"category tag\">Publica\u00e7\u00f5es<\/a><\/div>\n\t\t\t\t\t<div class=\"evc-bli-date entry-date published updated\">\n\t\t<a href=\"https:\/\/sitesbbr.com\/raquelmunhoz\/09\/2020\/\">30 de setembro de 2020<\/a>\n\t<\/div>\n\t\t\t<\/div>\n\t\t\t<h4 class=\"evc-bli-title entry-title\"><a href=\"https:\/\/sitesbbr.com\/raquelmunhoz\/halitose\/\">Dicas para despertar<\/a><\/h4>\t\t\t\t<p class=\"evc-bli-excerpt\">Where can I get some? There are many variations of passages of Lorem Ipsum available, but the majori<\/p>\n\t\t\t<div class=\"evc-bli-post-info evc-bli-post-info-bottom\">\n\t\t\t\t\t<div class=\"evc-bli-author\">\n\t\t<a class=\"evc-bli-author-link\" href=\"https:\/\/sitesbbr.com\/raquelmunhoz\/author\/sense\/\">\n\t\t\t<span class=\"evc-bli-author-label\">by<\/span>\n\t\t\t<span class=\"evc-bli-author-name\">Dra. Raquel Mu\u00f1oz<\/span>\n\t\t<\/a>\n\t<\/div>\n\t\t\t<\/div>\n\t\t<\/div>\n\t<\/div>\n<\/div><div class=\"evc-bl-item evc-element-item\">\n\t<div class=\"evc-bli-inner\">\n\t\t\t<div class=\"evc-bli-image evc-ib-zoom\">\n\t\t<a href=\"https:\/\/sitesbbr.com\/raquelmunhoz\/vitamina-salud\/\"><img loading=\"lazy\" decoding=\"async\" width=\"2560\" height=\"1223\" src=\"https:\/\/sitesbbr.com\/raquelmunhoz\/wp-content\/uploads\/2020\/09\/post1.jpg\" class=\"attachment-full size-full wp-post-image\" alt=\"\" srcset=\"https:\/\/sitesbbr.com\/raquelmunhoz\/wp-content\/uploads\/2020\/09\/post1.jpg 2560w, https:\/\/sitesbbr.com\/raquelmunhoz\/wp-content\/uploads\/2020\/09\/post1-500x239.jpg 500w, https:\/\/sitesbbr.com\/raquelmunhoz\/wp-content\/uploads\/2020\/09\/post1-850x406.jpg 850w, https:\/\/sitesbbr.com\/raquelmunhoz\/wp-content\/uploads\/2020\/09\/post1-768x367.jpg 768w, https:\/\/sitesbbr.com\/raquelmunhoz\/wp-content\/uploads\/2020\/09\/post1-1536x734.jpg 1536w, https:\/\/sitesbbr.com\/raquelmunhoz\/wp-content\/uploads\/2020\/09\/post1-2048x978.jpg 2048w\" sizes=\"auto, (max-width: 2560px) 100vw, 2560px\" \/><\/a>\n\t<\/div>\n\t\t<div class=\"evc-bli-content\">\n\t\t\t<div class=\"evc-bli-post-info evc-bli-post-info-top\">\n\t\t\t\t\t<div class=\"evc-bli-category\"><a href=\"https:\/\/sitesbbr.com\/raquelmunhoz\/category\/publicacoes\/\" rel=\"category tag\">Publica\u00e7\u00f5es<\/a><\/div>\n\t\t\t\t\t<div class=\"evc-bli-date entry-date published updated\">\n\t\t<a href=\"https:\/\/sitesbbr.com\/raquelmunhoz\/09\/2020\/\">30 de setembro de 2020<\/a>\n\t<\/div>\n\t\t\t<\/div>\n\t\t\t<h4 class=\"evc-bli-title entry-title\"><a href=\"https:\/\/sitesbbr.com\/raquelmunhoz\/vitamina-salud\/\">Vitamina Salud<\/a><\/h4>\t\t\t\t<p class=\"evc-bli-excerpt\">Where does it come from? Contrary to popular belief, Lorem Ipsum is not simply random text. It has r<\/p>\n\t\t\t<div class=\"evc-bli-post-info evc-bli-post-info-bottom\">\n\t\t\t\t\t<div class=\"evc-bli-author\">\n\t\t<a class=\"evc-bli-author-link\" href=\"https:\/\/sitesbbr.com\/raquelmunhoz\/author\/sense\/\">\n\t\t\t<span class=\"evc-bli-author-label\">by<\/span>\n\t\t\t<span class=\"evc-bli-author-name\">Dra. Raquel Mu\u00f1oz<\/span>\n\t\t<\/a>\n\t<\/div>\n\t\t\t<\/div>\n\t\t<\/div>\n\t<\/div>\n<\/div><div class=\"evc-bl-item evc-element-item\">\n\t<div class=\"evc-bli-inner\">\n\t\t\t<div class=\"evc-bli-image evc-ib-zoom\">\n\t\t<a href=\"https:\/\/sitesbbr.com\/raquelmunhoz\/fitoterapia-chinesa\/\"><img loading=\"lazy\" decoding=\"async\" width=\"2560\" height=\"1223\" src=\"https:\/\/sitesbbr.com\/raquelmunhoz\/wp-content\/uploads\/2020\/09\/post2.jpg\" class=\"attachment-full size-full wp-post-image\" alt=\"\" srcset=\"https:\/\/sitesbbr.com\/raquelmunhoz\/wp-content\/uploads\/2020\/09\/post2.jpg 2560w, https:\/\/sitesbbr.com\/raquelmunhoz\/wp-content\/uploads\/2020\/09\/post2-500x239.jpg 500w, https:\/\/sitesbbr.com\/raquelmunhoz\/wp-content\/uploads\/2020\/09\/post2-850x406.jpg 850w, https:\/\/sitesbbr.com\/raquelmunhoz\/wp-content\/uploads\/2020\/09\/post2-768x367.jpg 768w, https:\/\/sitesbbr.com\/raquelmunhoz\/wp-content\/uploads\/2020\/09\/post2-1536x734.jpg 1536w, https:\/\/sitesbbr.com\/raquelmunhoz\/wp-content\/uploads\/2020\/09\/post2-2048x978.jpg 2048w\" sizes=\"auto, (max-width: 2560px) 100vw, 2560px\" \/><\/a>\n\t<\/div>\n\t\t<div class=\"evc-bli-content\">\n\t\t\t<div class=\"evc-bli-post-info evc-bli-post-info-top\">\n\t\t\t\t\t<div class=\"evc-bli-category\"><a href=\"https:\/\/sitesbbr.com\/raquelmunhoz\/category\/publicacoes\/\" rel=\"category tag\">Publica\u00e7\u00f5es<\/a><\/div>\n\t\t\t\t\t<div class=\"evc-bli-date entry-date published updated\">\n\t\t<a href=\"https:\/\/sitesbbr.com\/raquelmunhoz\/09\/2020\/\">30 de setembro de 2020<\/a>\n\t<\/div>\n\t\t\t<\/div>\n\t\t\t<h4 class=\"evc-bli-title entry-title\"><a href=\"https:\/\/sitesbbr.com\/raquelmunhoz\/fitoterapia-chinesa\/\">Fitoterapia Chinesa<\/a><\/h4>\t\t\t\t<p class=\"evc-bli-excerpt\">Where does it come from? Contrary to popular belief, Lorem Ipsum is not simply random text. It has r<\/p>\n\t\t\t<div class=\"evc-bli-post-info evc-bli-post-info-bottom\">\n\t\t\t\t\t<div class=\"evc-bli-author\">\n\t\t<a class=\"evc-bli-author-link\" href=\"https:\/\/sitesbbr.com\/raquelmunhoz\/author\/sense\/\">\n\t\t\t<span class=\"evc-bli-author-label\">by<\/span>\n\t\t\t<span class=\"evc-bli-author-name\">Dra. Raquel Mu\u00f1oz<\/span>\n\t\t<\/a>\n\t<\/div>\n\t\t\t<\/div>\n\t\t<\/div>\n\t<\/div>\n<\/div>\t<\/div>\n\t<\/div>[\/vc_column][\/vc_row][vc_row type=&#8221;full_width_background&#8221; bg_color=&#8221;#eeeeee&#8221; top_padding=&#8221;120&#8243; bottom_padding=&#8221;120&#8243; full_width=&#8221;stretch_row&#8221; parallax=&#8221;content-moving&#8221; css=&#8221;.vc_custom_1527630587193{padding-bottom: 50px !important;}&#8221;][vc_column][vc_row_inner][vc_column_inner width=&#8221;2\/3&#8243;][vc_empty_space height=&#8221;16px&#8221;][vc_column_text]<\/p>\n<h2 style=\"text-align: left;\">AGENDE SUA CONSULTA, ENTRE EM CONTATO CONOSCO.<\/h2>\n<p>[\/vc_column_text][\/vc_column_inner][vc_column_inner width=&#8221;1\/3&#8243;][vc_btn title=&#8221;AGENDAR&#8221; style=&#8221;classic&#8221; shape=&#8221;round&#8221; color=&#8221;purple&#8221; size=&#8221;lg&#8221; link=&#8221;url:https%3A%2F%2Fsitesbbr.com%2Fraquelmunhoz%2Fcontato%2F|title:Contato||&#8221;][\/vc_column_inner][\/vc_row_inner][\/vc_column][\/vc_row]<\/p>\n<\/div>","protected":false},"excerpt":{"rendered":"<p>[vc_row type=&#8221;full_width_content&#8221; top_padding=&#8221;80&#8243;][vc_column][vc_column_text] Eu ofere\u00e7o uma assessoria inteligente. Uma aten\u00e7\u00e3o pr\u00f3xima e comprometida com sua sa\u00fade [\/vc_column_text][\/vc_column][\/vc_row][vc_row type=&#8221;full_width_background&#8221; bg_color=&#8221;#ffffff&#8221; full_width=&#8221;stretch_row&#8221; parallax=&#8221;content-moving&#8221; css=&#8221;.vc_custom_1527630587193{padding-bottom: 50px !important;}&#8221;][vc_column][vc_row_inner][vc_column_inner width=&#8221;1\/3&#8243;][vc_column_text] [\/vc_column_text][vc_column_text] DIAGN\u00d3STICO [\/vc_column_text][\/vc_column_inner][vc_column_inner width=&#8221;1\/3&#8243;][vc_column_text] [\/vc_column_text][vc_column_text] TRATAMENTO [\/vc_column_text][\/vc_column_inner][vc_column_inner width=&#8221;1\/3&#8243;][vc_column_text] [\/vc_column_text][vc_column_text] SEGMENTO [\/vc_column_text][\/vc_column_inner][\/vc_row_inner][\/vc_column][\/vc_row][vc_row type=&#8221;full_width_content&#8221;][vc_column][rev_slider_vc alias=&#8221;dermatologia&#8221;][\/vc_column][\/vc_row][vc_row type=&#8221;full_width_background&#8221;][vc_column][vc_column_text] PUBLICA\u00c7\u00d5ES\u00a0 [\/vc_column_text][vc_empty_space height=&#8221;16px&#8221;][\/vc_column][\/vc_row][vc_row type=&#8221;full_width_background&#8221; bg_color=&#8221;#eeeeee&#8221; top_padding=&#8221;120&#8243; bottom_padding=&#8221;120&#8243; full_width=&#8221;stretch_row&#8221; parallax=&#8221;content-moving&#8221; css=&#8221;.vc_custom_1527630587193{padding-bottom: 50px !important;}&#8221;][vc_column][vc_row_inner][vc_column_inner width=&#8221;2\/3&#8243;][vc_empty_space height=&#8221;16px&#8221;][vc_column_text] AGENDE SUA [&hellip;]<\/p>\n","protected":false},"author":5,"featured_media":0,"parent":0,"menu_order":10,"comment_status":"closed","ping_status":"closed","template":"","meta":{"footnotes":""},"class_list":["post-2","page","type-page","status-publish","hentry"],"yoast_head":"<!-- This site is optimized with the Yoast SEO plugin v26.9 - https:\/\/yoast.com\/product\/yoast-seo-wordpress\/ -->\n<title>Home - Dra. Raquel Mu\u00f1oz<\/title>\n<meta name=\"robots\" content=\"index, follow, max-snippet:-1, max-image-preview:large, max-video-preview:-1\" \/>\n<link rel=\"canonical\" href=\"https:\/\/sitesbbr.com\/raquelmunhoz\/\" \/>\n<meta property=\"og:locale\" content=\"pt_BR\" \/>\n<meta property=\"og:type\" content=\"article\" \/>\n<meta property=\"og:title\" content=\"Home - Dra. Raquel Mu\u00f1oz\" \/>\n<meta property=\"og:description\" content=\"[vc_row type=&#8221;full_width_content&#8221; top_padding=&#8221;80&#8243;][vc_column][vc_column_text] Eu ofere\u00e7o uma assessoria inteligente. Uma aten\u00e7\u00e3o pr\u00f3xima e comprometida com sua sa\u00fade [\/vc_column_text][\/vc_column][\/vc_row][vc_row type=&#8221;full_width_background&#8221; bg_color=&#8221;#ffffff&#8221; full_width=&#8221;stretch_row&#8221; parallax=&#8221;content-moving&#8221; css=&#8221;.vc_custom_1527630587193{padding-bottom: 50px !important;}&#8221;][vc_column][vc_row_inner][vc_column_inner width=&#8221;1\/3&#8243;][vc_column_text] [\/vc_column_text][vc_column_text] DIAGN\u00d3STICO [\/vc_column_text][\/vc_column_inner][vc_column_inner width=&#8221;1\/3&#8243;][vc_column_text] [\/vc_column_text][vc_column_text] TRATAMENTO [\/vc_column_text][\/vc_column_inner][vc_column_inner width=&#8221;1\/3&#8243;][vc_column_text] [\/vc_column_text][vc_column_text] SEGMENTO [\/vc_column_text][\/vc_column_inner][\/vc_row_inner][\/vc_column][\/vc_row][vc_row type=&#8221;full_width_content&#8221;][vc_column][rev_slider_vc alias=&#8221;dermatologia&#8221;][\/vc_column][\/vc_row][vc_row type=&#8221;full_width_background&#8221;][vc_column][vc_column_text] PUBLICA\u00c7\u00d5ES\u00a0 [\/vc_column_text][vc_empty_space height=&#8221;16px&#8221;][\/vc_column][\/vc_row][vc_row type=&#8221;full_width_background&#8221; bg_color=&#8221;#eeeeee&#8221; top_padding=&#8221;120&#8243; bottom_padding=&#8221;120&#8243; full_width=&#8221;stretch_row&#8221; parallax=&#8221;content-moving&#8221; css=&#8221;.vc_custom_1527630587193{padding-bottom: 50px !important;}&#8221;][vc_column][vc_row_inner][vc_column_inner width=&#8221;2\/3&#8243;][vc_empty_space height=&#8221;16px&#8221;][vc_column_text] AGENDE SUA [&hellip;]\" \/>\n<meta property=\"og:url\" content=\"https:\/\/sitesbbr.com\/raquelmunhoz\/\" \/>\n<meta property=\"og:site_name\" content=\"Dra. Raquel Mu\u00f1oz\" \/>\n<meta property=\"article:modified_time\" content=\"2020-12-03T23:13:09+00:00\" \/>\n<meta property=\"og:image\" content=\"https:\/\/sitesbbr.com\/raquelmunhoz\/wp-content\/uploads\/2020\/12\/diagnostico-500x500.png\" \/>\n<meta name=\"twitter:card\" content=\"summary_large_image\" \/>\n<meta name=\"twitter:label1\" content=\"Est. tempo de leitura\" \/>\n\t<meta name=\"twitter:data1\" content=\"1 minuto\" \/>\n<script type=\"application\/ld+json\" class=\"yoast-schema-graph\">{\"@context\":\"https:\/\/schema.org\",\"@graph\":[{\"@type\":\"WebPage\",\"@id\":\"https:\/\/sitesbbr.com\/raquelmunhoz\/\",\"url\":\"https:\/\/sitesbbr.com\/raquelmunhoz\/\",\"name\":\"Home - Dra. Raquel Mu\u00f1oz\",\"isPartOf\":{\"@id\":\"https:\/\/sitesbbr.com\/raquelmunhoz\/#website\"},\"primaryImageOfPage\":{\"@id\":\"https:\/\/sitesbbr.com\/raquelmunhoz\/#primaryimage\"},\"image\":{\"@id\":\"https:\/\/sitesbbr.com\/raquelmunhoz\/#primaryimage\"},\"thumbnailUrl\":\"https:\/\/sitesbbr.com\/raquelmunhoz\/wp-content\/uploads\/2020\/12\/diagnostico-500x500.png\",\"datePublished\":\"2018-02-22T15:00:04+00:00\",\"dateModified\":\"2020-12-03T23:13:09+00:00\",\"breadcrumb\":{\"@id\":\"https:\/\/sitesbbr.com\/raquelmunhoz\/#breadcrumb\"},\"inLanguage\":\"pt-BR\",\"potentialAction\":[{\"@type\":\"ReadAction\",\"target\":[\"https:\/\/sitesbbr.com\/raquelmunhoz\/\"]}]},{\"@type\":\"ImageObject\",\"inLanguage\":\"pt-BR\",\"@id\":\"https:\/\/sitesbbr.com\/raquelmunhoz\/#primaryimage\",\"url\":\"https:\/\/sitesbbr.com\/raquelmunhoz\/wp-content\/uploads\/2020\/12\/diagnostico.png\",\"contentUrl\":\"https:\/\/sitesbbr.com\/raquelmunhoz\/wp-content\/uploads\/2020\/12\/diagnostico.png\",\"width\":802,\"height\":802},{\"@type\":\"BreadcrumbList\",\"@id\":\"https:\/\/sitesbbr.com\/raquelmunhoz\/#breadcrumb\",\"itemListElement\":[{\"@type\":\"ListItem\",\"position\":1,\"name\":\"In\u00edcio\",\"item\":\"https:\/\/sitesbbr.com\/raquelmunhoz\/\"},{\"@type\":\"ListItem\",\"position\":2,\"name\":\"Home\"}]},{\"@type\":\"WebSite\",\"@id\":\"https:\/\/sitesbbr.com\/raquelmunhoz\/#website\",\"url\":\"https:\/\/sitesbbr.com\/raquelmunhoz\/\",\"name\":\"Dra. Raquel Mu\u00f1oz\",\"description\":\"Dra. Raquel Mu\u00f1oz\",\"potentialAction\":[{\"@type\":\"SearchAction\",\"target\":{\"@type\":\"EntryPoint\",\"urlTemplate\":\"https:\/\/sitesbbr.com\/raquelmunhoz\/?s={search_term_string}\"},\"query-input\":{\"@type\":\"PropertyValueSpecification\",\"valueRequired\":true,\"valueName\":\"search_term_string\"}}],\"inLanguage\":\"pt-BR\"}]}<\/script>\n<!-- \/ Yoast SEO plugin. -->","yoast_head_json":{"title":"Home - Dra. Raquel Mu\u00f1oz","robots":{"index":"index","follow":"follow","max-snippet":"max-snippet:-1","max-image-preview":"max-image-preview:large","max-video-preview":"max-video-preview:-1"},"canonical":"https:\/\/sitesbbr.com\/raquelmunhoz\/","og_locale":"pt_BR","og_type":"article","og_title":"Home - Dra. Raquel Mu\u00f1oz","og_description":"[vc_row type=&#8221;full_width_content&#8221; top_padding=&#8221;80&#8243;][vc_column][vc_column_text] Eu ofere\u00e7o uma assessoria inteligente. Uma aten\u00e7\u00e3o pr\u00f3xima e comprometida com sua sa\u00fade [\/vc_column_text][\/vc_column][\/vc_row][vc_row type=&#8221;full_width_background&#8221; bg_color=&#8221;#ffffff&#8221; full_width=&#8221;stretch_row&#8221; parallax=&#8221;content-moving&#8221; css=&#8221;.vc_custom_1527630587193{padding-bottom: 50px !important;}&#8221;][vc_column][vc_row_inner][vc_column_inner width=&#8221;1\/3&#8243;][vc_column_text] [\/vc_column_text][vc_column_text] DIAGN\u00d3STICO [\/vc_column_text][\/vc_column_inner][vc_column_inner width=&#8221;1\/3&#8243;][vc_column_text] [\/vc_column_text][vc_column_text] TRATAMENTO [\/vc_column_text][\/vc_column_inner][vc_column_inner width=&#8221;1\/3&#8243;][vc_column_text] [\/vc_column_text][vc_column_text] SEGMENTO [\/vc_column_text][\/vc_column_inner][\/vc_row_inner][\/vc_column][\/vc_row][vc_row type=&#8221;full_width_content&#8221;][vc_column][rev_slider_vc alias=&#8221;dermatologia&#8221;][\/vc_column][\/vc_row][vc_row type=&#8221;full_width_background&#8221;][vc_column][vc_column_text] PUBLICA\u00c7\u00d5ES\u00a0 [\/vc_column_text][vc_empty_space height=&#8221;16px&#8221;][\/vc_column][\/vc_row][vc_row type=&#8221;full_width_background&#8221; bg_color=&#8221;#eeeeee&#8221; top_padding=&#8221;120&#8243; bottom_padding=&#8221;120&#8243; full_width=&#8221;stretch_row&#8221; parallax=&#8221;content-moving&#8221; css=&#8221;.vc_custom_1527630587193{padding-bottom: 50px !important;}&#8221;][vc_column][vc_row_inner][vc_column_inner width=&#8221;2\/3&#8243;][vc_empty_space height=&#8221;16px&#8221;][vc_column_text] AGENDE SUA [&hellip;]","og_url":"https:\/\/sitesbbr.com\/raquelmunhoz\/","og_site_name":"Dra. Raquel Mu\u00f1oz","article_modified_time":"2020-12-03T23:13:09+00:00","og_image":[{"url":"https:\/\/sitesbbr.com\/raquelmunhoz\/wp-content\/uploads\/2020\/12\/diagnostico-500x500.png","type":"","width":"","height":""}],"twitter_card":"summary_large_image","twitter_misc":{"Est. tempo de leitura":"1 minuto"},"schema":{"@context":"https:\/\/schema.org","@graph":[{"@type":"WebPage","@id":"https:\/\/sitesbbr.com\/raquelmunhoz\/","url":"https:\/\/sitesbbr.com\/raquelmunhoz\/","name":"Home - Dra. Raquel Mu\u00f1oz","isPartOf":{"@id":"https:\/\/sitesbbr.com\/raquelmunhoz\/#website"},"primaryImageOfPage":{"@id":"https:\/\/sitesbbr.com\/raquelmunhoz\/#primaryimage"},"image":{"@id":"https:\/\/sitesbbr.com\/raquelmunhoz\/#primaryimage"},"thumbnailUrl":"https:\/\/sitesbbr.com\/raquelmunhoz\/wp-content\/uploads\/2020\/12\/diagnostico-500x500.png","datePublished":"2018-02-22T15:00:04+00:00","dateModified":"2020-12-03T23:13:09+00:00","breadcrumb":{"@id":"https:\/\/sitesbbr.com\/raquelmunhoz\/#breadcrumb"},"inLanguage":"pt-BR","potentialAction":[{"@type":"ReadAction","target":["https:\/\/sitesbbr.com\/raquelmunhoz\/"]}]},{"@type":"ImageObject","inLanguage":"pt-BR","@id":"https:\/\/sitesbbr.com\/raquelmunhoz\/#primaryimage","url":"https:\/\/sitesbbr.com\/raquelmunhoz\/wp-content\/uploads\/2020\/12\/diagnostico.png","contentUrl":"https:\/\/sitesbbr.com\/raquelmunhoz\/wp-content\/uploads\/2020\/12\/diagnostico.png","width":802,"height":802},{"@type":"BreadcrumbList","@id":"https:\/\/sitesbbr.com\/raquelmunhoz\/#breadcrumb","itemListElement":[{"@type":"ListItem","position":1,"name":"In\u00edcio","item":"https:\/\/sitesbbr.com\/raquelmunhoz\/"},{"@type":"ListItem","position":2,"name":"Home"}]},{"@type":"WebSite","@id":"https:\/\/sitesbbr.com\/raquelmunhoz\/#website","url":"https:\/\/sitesbbr.com\/raquelmunhoz\/","name":"Dra. Raquel Mu\u00f1oz","description":"Dra. Raquel Mu\u00f1oz","potentialAction":[{"@type":"SearchAction","target":{"@type":"EntryPoint","urlTemplate":"https:\/\/sitesbbr.com\/raquelmunhoz\/?s={search_term_string}"},"query-input":{"@type":"PropertyValueSpecification","valueRequired":true,"valueName":"search_term_string"}}],"inLanguage":"pt-BR"}]}},"post_mailing_queue_ids":[],"_links":{"self":[{"href":"https:\/\/sitesbbr.com\/raquelmunhoz\/wp-json\/wp\/v2\/pages\/2","targetHints":{"allow":["GET"]}}],"collection":[{"href":"https:\/\/sitesbbr.com\/raquelmunhoz\/wp-json\/wp\/v2\/pages"}],"about":[{"href":"https:\/\/sitesbbr.com\/raquelmunhoz\/wp-json\/wp\/v2\/types\/page"}],"author":[{"embeddable":true,"href":"https:\/\/sitesbbr.com\/raquelmunhoz\/wp-json\/wp\/v2\/users\/5"}],"replies":[{"embeddable":true,"href":"https:\/\/sitesbbr.com\/raquelmunhoz\/wp-json\/wp\/v2\/comments?post=2"}],"version-history":[{"count":329,"href":"https:\/\/sitesbbr.com\/raquelmunhoz\/wp-json\/wp\/v2\/pages\/2\/revisions"}],"predecessor-version":[{"id":45120,"href":"https:\/\/sitesbbr.com\/raquelmunhoz\/wp-json\/wp\/v2\/pages\/2\/revisions\/45120"}],"wp:attachment":[{"href":"https:\/\/sitesbbr.com\/raquelmunhoz\/wp-json\/wp\/v2\/media?parent=2"}],"curies":[{"name":"wp","href":"https:\/\/api.w.org\/{rel}","templated":true}]}}