{"id":44722,"date":"2020-09-16T00:39:08","date_gmt":"2020-09-16T03:39:08","guid":{"rendered":"https:\/\/sitesbbr.com\/proselling\/?page_id=44722"},"modified":"2020-12-09T12:42:44","modified_gmt":"2020-12-09T15:42:44","slug":"formatacao-de-franquias","status":"publish","type":"page","link":"https:\/\/sitesbbr.com\/proselling\/formatacao-de-franquias\/","title":{"rendered":"Formata\u00e7\u00e3o de franquias"},"content":{"rendered":"<div class=\"wpb-content-wrapper\"><p>[vc_row type=&#8221;full_width_background&#8221; bg_color=&#8221;#ffffff&#8221;][vc_column width=&#8221;1\/2&#8243;][vc_empty_space height=&#8221;100px&#8221;][vc_column_text]<img loading=\"lazy\" decoding=\"async\" class=\"wp-image-44632 aligncenter\" src=\"https:\/\/sitesbbr.com\/proselling\/wp-content\/uploads\/2020\/09\/macc.jpg\" alt=\"\" width=\"471\" height=\"343\" \/>[\/vc_column_text][\/vc_column][vc_column width=&#8221;1\/2&#8243;][vc_empty_space height=&#8221;100px&#8221;][vc_custom_heading text=&#8221;Formata\u00e7\u00e3o de franquias&#8221; google_fonts=&#8221;font_family:Raleway%3A100%2C200%2C300%2Cregular%2C500%2C600%2C700%2C800%2C900|font_style:300%20light%20regular%3A300%3Anormal&#8221;][vc_empty_space height=&#8221;30px&#8221;][vc_column_text]<\/p>\n<p class=\"p1\"><span class=\"s1\">Formatar franquias \u00e9 a nossa paix\u00e3o. Transformar um modelo de neg\u00f3cio de sucesso em uma rede de franquias. Ver a empresa crescendo e se desenvolvendo, conquistando Market share e se tornando uma grande marca. Fomos \u201cpadrinhos\u201d de grandes conquistas em mercados diferentes.<\/span><\/p>\n<p class=\"p1\"><span class=\"s1\">Nosso grande diferencial \u00e9 que o processo de formata\u00e7\u00e3o \u00e9 feito passo \u00e0 passo com voc\u00ea. Ao final, voc\u00ea ser\u00e1 n\u00e3o apenas um empres\u00e1rio mais completo, mas receber\u00e1 toda a experi\u00eancia de quem j\u00e1 foi franqueador, de quem cuida de centenas de unidades franqueadas e de quebra, quem \u00e9 especialista em fazer uma unidade franqueada vender mais. Tudo isso \u00e9 entregue em 4 etapas.<\/span><\/p>\n<p>[\/vc_column_text][vc_empty_space height=&#8221;100px&#8221;][\/vc_column][\/vc_row][vc_row type=&#8221;full_width_background&#8221; bg_color=&#8221;#f7f7f7&#8243;][vc_column][vc_custom_heading text=&#8221;Os pilares de formata\u00e7\u00e3o de franquias&#8221; google_fonts=&#8221;font_family:Raleway%3A100%2C200%2C300%2Cregular%2C500%2C600%2C700%2C800%2C900|font_style:300%20light%20regular%3A300%3Anormal&#8221; css=&#8221;.vc_custom_1602262834158{padding-bottom: 60px !important;padding-left: 120px !important;}&#8221;][vc_empty_space][vc_row_inner][vc_column_inner width=&#8221;1\/4&#8243;][services_medium icon=&#8221;linecon-icon-study&#8221;][\/services_medium][\/vc_column_inner][vc_column_inner width=&#8221;3\/4&#8243;][vc_custom_heading text=&#8221;1 &#8211; Estudo de Viabilidade&#8221; google_fonts=&#8221;font_family:Raleway%3A100%2C200%2C300%2Cregular%2C500%2C600%2C700%2C800%2C900|font_style:300%20light%20regular%3A300%3Anormal&#8221;][vc_column_text]<span class=\"s1\">Ser\u00e1 que seu neg\u00f3cio \u00e9 franque\u00e1vel? Ele est\u00e1 pronto para ser multiplicado? Ele \u00e9 capaz de remunerar o franqueado e a franqueadora? <\/span>[\/vc_column_text][vc_empty_space][\/vc_column_inner][\/vc_row_inner][vc_row_inner][vc_column_inner width=&#8221;1\/4&#8243;][services_medium icon=&#8221;moon-balance&#8221;][\/services_medium][\/vc_column_inner][vc_column_inner width=&#8221;3\/4&#8243;][vc_custom_heading text=&#8221;2 &#8211; Documenta\u00e7\u00e3o Jur\u00eddica&#8221; google_fonts=&#8221;font_family:Raleway%3A100%2C200%2C300%2Cregular%2C500%2C600%2C700%2C800%2C900|font_style:300%20light%20regular%3A300%3Anormal&#8221;][vc_column_text]<span class=\"s1\">Para que uma franquia esteja dentro da lei 13.966\/19, ela precisa seguir suas diretrizes. N\u00f3s te acompanhamos neste processo, enquadramos sua empresa dentro da lei e ajudamos a tomar decis\u00f5es estrat\u00e9gicas da sua franqueadora, com base na nossa experi\u00eancia.<\/span>[\/vc_column_text][vc_empty_space][\/vc_column_inner][\/vc_row_inner][vc_row_inner][vc_column_inner width=&#8221;1\/4&#8243;][services_medium icon=&#8221;moon-hand&#8221;][\/services_medium][\/vc_column_inner][vc_column_inner width=&#8221;3\/4&#8243;][vc_custom_heading text=&#8221;3 &#8211; Manualiza\u00e7\u00e3o&#8221; google_fonts=&#8221;font_family:Raleway%3A100%2C200%2C300%2Cregular%2C500%2C600%2C700%2C800%2C900|font_style:300%20light%20regular%3A300%3Anormal&#8221;][vc_column_text]<span class=\"s1\">Essa ser\u00e1 a sua forma de transferir o seu know how. De forma pr\u00e1tica e objetiva construiremos os manuais junto com voc\u00ea, para que seus futuros franqueados sejam treinados e absorvam este conte\u00fado com tranquilidade e coer\u00eancia. Afinal, voc\u00ea n\u00e3o quer apenas um manual, voc\u00ea quer que o manual seja \u00fatil e eficiente.<\/span>[\/vc_column_text][vc_empty_space][\/vc_column_inner][\/vc_row_inner][vc_row_inner][vc_column_inner width=&#8221;1\/4&#8243;][services_medium icon=&#8221;moon-expand&#8221;][\/services_medium][\/vc_column_inner][vc_column_inner width=&#8221;3\/4&#8243;][vc_custom_heading text=&#8221;4 &#8211; Plano de expans\u00e3o&#8221; google_fonts=&#8221;font_family:Raleway%3A100%2C200%2C300%2Cregular%2C500%2C600%2C700%2C800%2C900|font_style:300%20light%20regular%3A300%3Anormal&#8221;][vc_column_text]<span class=\"s1\">Desde o momento de atra\u00e7\u00e3o de leads at\u00e9 a assinatura da COF e pagamento da Taxa de franquia. Como transformar sua venda de franquia em um processo seletivo. Faremos reuni\u00f5es com alguns candidatos para mostrar como eles ser\u00e3o felizes sendo donos da sua franquia. <\/span>[\/vc_column_text][vc_empty_space][\/vc_column_inner][\/vc_row_inner][\/vc_column][\/vc_row][vc_row type=&#8221;full_width_background&#8221; bg_color=&#8221;#ffffff&#8221; awb_type=&#8221;image&#8221;][vc_column width=&#8221;1\/3&#8243;][vc_empty_space height=&#8221;21px&#8221;][vc_custom_heading text=&#8221;Entre em contato conosco!&#8221; google_fonts=&#8221;font_family:Raleway%3A100%2C200%2C300%2Cregular%2C500%2C600%2C700%2C800%2C900|font_style:300%20light%20regular%3A300%3Anormal&#8221;][vc_empty_space height=&#8221;21px&#8221;][vc_column_text]<\/p>\n<div class=\"textwidget custom-html-widget\">\n<p><img loading=\"lazy\" decoding=\"async\" class=\"alignnone wp-image-2853\" src=\"https:\/\/sitesbbr.com\/proselling\/wp-content\/uploads\/2020\/09\/pin-1.png\" alt=\"\" width=\"18\" height=\"17\" \/> Rua Fl\u00f3rida 103 # 1109<br \/>\nBrooklin \u2013 S\u00e3o Paulo, SP &#8211; 04565-000<\/p>\n<\/div>\n<p>[\/vc_column_text][vc_column_text]<a href=\"http:\/\/api.whatsapp.com\/send?1=pt_BR&amp;phone=5511942995832\"><img loading=\"lazy\" decoding=\"async\" class=\"alignnone wp-image-2853\" src=\"https:\/\/sitesbbr.com\/proselling\/wp-content\/uploads\/2020\/09\/wa.png\" alt=\"\" width=\"18\" height=\"17\" \/><\/a> <a href=\"http:\/\/api.whatsapp.com\/send?1=pt_BR&amp;phone=5511983262622\" target=\"_blank\" rel=\"noopener noreferrer\">(11) 98326-2622<\/a>[\/vc_column_text][vc_column_text]<span style=\"color: #ffffff;\"><img loading=\"lazy\" decoding=\"async\" class=\"alignnone wp-image-2853\" src=\"https:\/\/sitesbbr.com\/proselling\/wp-content\/uploads\/2020\/09\/mail.png\" alt=\"\" width=\"18\" height=\"17\" \/><\/span><a href=\"mailto:alexandre.sita@proselling.com.br\">alexandre.sita@proselling.com.br<\/a>[\/vc_column_text][\/vc_column][vc_column width=&#8221;2\/3&#8243;]\n<div class=\"wpcf7 no-js\" id=\"wpcf7-f748-o1\" lang=\"pt-BR\" dir=\"ltr\" data-wpcf7-id=\"748\">\n<div class=\"screen-reader-response\"><p role=\"status\" aria-live=\"polite\" aria-atomic=\"true\"><\/p> <ul><\/ul><\/div>\n<form action=\"\/proselling\/wp-json\/wp\/v2\/pages\/44722#wpcf7-f748-o1\" method=\"post\" class=\"wpcf7-form init\" aria-label=\"Formul\u00e1rios de contato\" novalidate=\"novalidate\" data-status=\"init\">\n<div style=\"display: none;\">\n<input type=\"hidden\" name=\"_wpcf7\" value=\"748\" \/>\n<input type=\"hidden\" name=\"_wpcf7_version\" value=\"6.0.6\" \/>\n<input type=\"hidden\" name=\"_wpcf7_locale\" value=\"pt_BR\" \/>\n<input type=\"hidden\" name=\"_wpcf7_unit_tag\" value=\"wpcf7-f748-o1\" \/>\n<input type=\"hidden\" name=\"_wpcf7_container_post\" value=\"0\" \/>\n<input type=\"hidden\" name=\"_wpcf7_posted_data_hash\" value=\"\" \/>\n<\/div>\n<p><span class=\"wpcf7-form-control-wrap\" data-name=\"Nome\"><input size=\"40\" maxlength=\"400\" class=\"wpcf7-form-control wpcf7-text wpcf7-validates-as-required\" aria-required=\"true\" aria-invalid=\"false\" placeholder=\"Nome (obrigat\u00f3rio)\" value=\"\" type=\"text\" name=\"Nome\" \/><\/span>\n<\/p>\n<p><span class=\"wpcf7-form-control-wrap\" data-name=\"Email\"><input size=\"40\" maxlength=\"400\" class=\"wpcf7-form-control wpcf7-email wpcf7-validates-as-required wpcf7-text wpcf7-validates-as-email\" aria-required=\"true\" aria-invalid=\"false\" placeholder=\"E-mail (obrigat\u00f3rio)\" value=\"\" type=\"email\" name=\"Email\" \/><\/span>\n<\/p>\n<p><span class=\"wpcf7-form-control-wrap\" data-name=\"Telefone\"><input size=\"40\" maxlength=\"400\" class=\"wpcf7-form-control wpcf7-tel wpcf7-validates-as-required wpcf7-text wpcf7-validates-as-tel telformata\" aria-required=\"true\" aria-invalid=\"false\" placeholder=\"Telefone\" value=\"\" type=\"tel\" name=\"Telefone\" \/><\/span>\n<\/p>\n<p><span class=\"wpcf7-form-control-wrap\" data-name=\"Mensagem\"><textarea cols=\"40\" rows=\"3\" maxlength=\"2000\" class=\"wpcf7-form-control wpcf7-textarea\" aria-invalid=\"false\" placeholder=\"Mensagem\" name=\"Mensagem\"><\/textarea><\/span>\n<\/p>\n<p><input class=\"wpcf7-form-control wpcf7-submit has-spinner\" type=\"submit\" value=\"Enviar\" \/>\n<\/p><div class=\"wpcf7-response-output\" aria-hidden=\"true\"><\/div>\n<\/form>\n<\/div>\n[\/vc_column][\/vc_row][vc_row type=&#8221;full_width_background&#8221;][vc_column][vc_empty_space height=&#8221;100px&#8221;][vc_custom_heading text=&#8221;Transformar um modelo de neg\u00f3cio de sucesso em uma rede de franquias.&#8221; font_container=&#8221;tag:h2|text_align:center&#8221; google_fonts=&#8221;font_family:Raleway%3A100%2C200%2C300%2Cregular%2C500%2C600%2C700%2C800%2C900|font_style:300%20light%20regular%3A300%3Anormal&#8221;][vc_empty_space height=&#8221;30px&#8221;][vc_column_text]<\/p>\n<p style=\"text-align: center;\">Entramos no Franchising devido \u00e0 nossa experi\u00eancia em Vendas Consultivas. Hoje ensinamos Vendas Consultivas para o Franchising e para empresas que queiram profissionalizar sua equipe comercial. Quando clientes s\u00f3 compram com desconto ou quando n\u00e3o se conquista a confian\u00e7a do prospect para investir na sua empresa, a Venda Consultiva \u00e9 o \u00fanico caminho.<\/p>\n<p>[\/vc_column_text][vc_empty_space height=&#8221;100px&#8221;][\/vc_column][\/vc_row][vc_row type=&#8221;full_width_content&#8221;][vc_column][recent_portfolio style=&#8221;grayscale&#8221; space=&#8221;no_space&#8221; columns=&#8221;3&#8243; rows=&#8221;2&#8243;][\/vc_column][\/vc_row][vc_row type=&#8221;full_width_background&#8221; bg_color=&#8221;#eeeeee&#8221; top_padding=&#8221;80&#8243; bottom_padding=&#8221;80&#8243;][vc_column background_color=&#8221;#eeeeee&#8221;][vc_column_text]<\/p>\n<h2 style=\"text-align: center;\">Depoimentos<\/h2>\n<p>[\/vc_column_text][vc_empty_space height=&#8221;32&#8243;][vc_row_inner][vc_column_inner width=&#8221;1\/3&#8243;][vc_column_text]<img loading=\"lazy\" decoding=\"async\" class=\"alignnone wp-image-44925\" src=\"https:\/\/sitesbbr.com\/proselling\/wp-content\/uploads\/2020\/10\/quote.png\" alt=\"\" width=\"28\" height=\"21\" \/>[\/vc_column_text][vc_column_text]A arte de vender \u00e9 para mim, um grande desafio. A equipe da Proselling, tem me mostrado nas reuni\u00f5es, fatos, dados e informa\u00e7\u00f5es sobre como n\u00e3o desistir do cliente e ressignificar a venda, passo a passo.<\/p>\n<p><b style=\"color: #116287; font-size: 16px;\">Heloisa<\/b><br \/>\n<b style=\"color: #2596c7; font-size: 14px;\">Empres\u00e1ria, dona de uma empresa<br \/>\nde cuidadores de idosos em Campinas<\/b>[\/vc_column_text][\/vc_column_inner][vc_column_inner width=&#8221;1\/3&#8243;][vc_column_text]<img loading=\"lazy\" decoding=\"async\" class=\"alignnone wp-image-44925\" src=\"https:\/\/sitesbbr.com\/proselling\/wp-content\/uploads\/2020\/10\/quote.png\" alt=\"\" width=\"28\" height=\"21\" \/>[\/vc_column_text][vc_column_text]A Proselling com sua expertise, tem contribu\u00eddo, abrindo os olhos para novos horizontes e mostrando que \u00e9 poss\u00edvel implantar solu\u00e7\u00f5es em meio ao caos. Nos proporcionando clareza e coragem para caminharmos em busca dos nossos sonhos.<\/p>\n<p><b style=\"color: #116287; font-size: 16px;\">Vanessa Portilho<\/b><br \/>\n<b style=\"color: #2596c7; font-size: 14px;\">Empres\u00e1ria, dona de escola de moda Tucuruvi<\/b>[\/vc_column_text][\/vc_column_inner][vc_column_inner width=&#8221;1\/3&#8243;][vc_column_text]<img loading=\"lazy\" decoding=\"async\" class=\"alignnone wp-image-44925\" src=\"https:\/\/sitesbbr.com\/proselling\/wp-content\/uploads\/2020\/10\/quote.png\" alt=\"\" width=\"28\" height=\"21\" \/>[\/vc_column_text][vc_column_text]A Proselling vem nos ajudando a enfrentar a crise com conhecimento, novas ideias e uma grande dose otimismo ! Juntos venceremos mais esse obst\u00e1culo.<\/p>\n<p><b style=\"color: #116287; font-size: 16px;\">Ediselma Souza<\/b><br \/>\n<b style=\"color: #2596c7; font-size: 14px;\">Broker de uma Imobili\u00e1ria<\/b>[\/vc_column_text][\/vc_column_inner][\/vc_row_inner][vc_empty_space height=&#8221;120&#8243;][vc_row_inner][vc_column_inner width=&#8221;1\/3&#8243;][vc_column_text]<img loading=\"lazy\" decoding=\"async\" class=\"alignnone wp-image-44925\" src=\"https:\/\/sitesbbr.com\/proselling\/wp-content\/uploads\/2020\/10\/quote.png\" alt=\"\" width=\"28\" height=\"21\" \/>[\/vc_column_text][vc_column_text]Gostaria de parabenizar a Proselling pelo apoio e direcionamento nesse momento t\u00e3o dif\u00edcil que estamos enfrentando, nos dando um norte, um caminho a seguir. Com ideias e estrat\u00e9gias que fazem com que nosso trabalho continue de acordo e produzindo a todo vapor.<\/p>\n<p><b style=\"color: #116287; font-size: 16px;\">Daniela Foga\u00e7a<\/b><br \/>\n<b style=\"color: #2596c7; font-size: 14px;\">Empres\u00e1ria, dona de escola de moda \u2013 S\u00e3o Bernardo do Campo<\/b>[\/vc_column_text][\/vc_column_inner][vc_column_inner width=&#8221;1\/3&#8243;][vc_column_text]<img loading=\"lazy\" decoding=\"async\" class=\"alignnone wp-image-44925\" src=\"https:\/\/sitesbbr.com\/proselling\/wp-content\/uploads\/2020\/10\/quote.png\" alt=\"\" width=\"28\" height=\"21\" \/>[\/vc_column_text][vc_column_text]Nesse momento de isolamento, a equipe da Proselling tem sido parceria fundamental nas estrat\u00e9gias e especialmente na motiva\u00e7\u00e3o de nossas equipes que est\u00e3o trabalhando home office. O envolvimento que sempre foi grande, tornou-se ainda maior e motivar pessoas \u00e9 nosso maior desafio. Com a for\u00e7a deste trabalho conjunto, sairemos ainda mais forte dessa crise.<\/p>\n<p><b style=\"color: #116287; font-size: 16px;\">Aluizio de Freitas<\/b><br \/>\n<b style=\"color: #2596c7; font-size: 14px;\">Empres\u00e1rio, dono da Franqueadora Sigbol<\/b>[\/vc_column_text][\/vc_column_inner][vc_column_inner width=&#8221;1\/3&#8243;][vc_column_text]<img loading=\"lazy\" decoding=\"async\" class=\"alignnone wp-image-44925\" src=\"https:\/\/sitesbbr.com\/proselling\/wp-content\/uploads\/2020\/10\/quote.png\" alt=\"\" width=\"28\" height=\"21\" \/>[\/vc_column_text][vc_column_text]Gostaria de expressar meu agradecimento a Proselling. Agora, frente a esse momento de pandemia que vivemos, al\u00e9m de nos fazer seguir com foco, tem nos ajudado a encontrar novas oportunidades. Com uma vis\u00e3o bem realista e muito positiva. Agrade\u00e7o de cora\u00e7\u00e3o, pelo trabalho que estamos desempenhando.<\/p>\n<p><b style=\"color: #116287; font-size: 16px;\">Roberta Ribeiro <\/b><br \/>\n<b style=\"color: #2596c7; font-size: 14px;\">Dona de uma empresa de cuidadores de idosos em S\u00e3o Paulo<\/b>[\/vc_column_text][\/vc_column_inner][\/vc_row_inner][vc_empty_space][\/vc_column][\/vc_row][vc_row][vc_column][vc_raw_html]JTVCaW5zdGFncmFtLWZlZWQlNUQ=[\/vc_raw_html][\/vc_column][\/vc_row]<\/p>\n<\/div>","protected":false},"excerpt":{"rendered":"<p>[vc_row type=&#8221;full_width_background&#8221; bg_color=&#8221;#ffffff&#8221;][vc_column width=&#8221;1\/2&#8243;][vc_empty_space height=&#8221;100px&#8221;][vc_column_text][\/vc_column_text][\/vc_column][vc_column width=&#8221;1\/2&#8243;][vc_empty_space height=&#8221;100px&#8221;][vc_custom_heading text=&#8221;Formata\u00e7\u00e3o de franquias&#8221; google_fonts=&#8221;font_family:Raleway%3A100%2C200%2C300%2Cregular%2C500%2C600%2C700%2C800%2C900|font_style:300%20light%20regular%3A300%3Anormal&#8221;][vc_empty_space height=&#8221;30px&#8221;][vc_column_text] Formatar franquias \u00e9 a nossa paix\u00e3o. Transformar um modelo de neg\u00f3cio de sucesso em uma rede de franquias. Ver a empresa crescendo e se desenvolvendo, conquistando Market share e se tornando uma grande marca. Fomos \u201cpadrinhos\u201d de grandes conquistas em mercados diferentes. Nosso [&hellip;]<\/p>\n","protected":false},"author":5,"featured_media":0,"parent":0,"menu_order":0,"comment_status":"closed","ping_status":"closed","template":"","meta":{"footnotes":""},"class_list":["post-44722","page","type-page","status-publish","hentry"],"yoast_head":"<!-- This site is optimized with the Yoast SEO plugin v26.9 - https:\/\/yoast.com\/product\/yoast-seo-wordpress\/ -->\n<title>Formata\u00e7\u00e3o de franquias - Proselling<\/title>\n<meta name=\"robots\" content=\"index, follow, max-snippet:-1, max-image-preview:large, max-video-preview:-1\" \/>\n<link rel=\"canonical\" href=\"https:\/\/sitesbbr.com\/proselling\/formatacao-de-franquias\/\" \/>\n<meta property=\"og:locale\" content=\"pt_BR\" \/>\n<meta property=\"og:type\" content=\"article\" \/>\n<meta property=\"og:title\" content=\"Formata\u00e7\u00e3o de franquias - Proselling\" \/>\n<meta property=\"og:description\" content=\"[vc_row type=&#8221;full_width_background&#8221; bg_color=&#8221;#ffffff&#8221;][vc_column width=&#8221;1\/2&#8243;][vc_empty_space height=&#8221;100px&#8221;][vc_column_text][\/vc_column_text][\/vc_column][vc_column width=&#8221;1\/2&#8243;][vc_empty_space height=&#8221;100px&#8221;][vc_custom_heading text=&#8221;Formata\u00e7\u00e3o de franquias&#8221; google_fonts=&#8221;font_family:Raleway%3A100%2C200%2C300%2Cregular%2C500%2C600%2C700%2C800%2C900|font_style:300%20light%20regular%3A300%3Anormal&#8221;][vc_empty_space height=&#8221;30px&#8221;][vc_column_text] Formatar franquias \u00e9 a nossa paix\u00e3o. Transformar um modelo de neg\u00f3cio de sucesso em uma rede de franquias. Ver a empresa crescendo e se desenvolvendo, conquistando Market share e se tornando uma grande marca. Fomos \u201cpadrinhos\u201d de grandes conquistas em mercados diferentes. Nosso [&hellip;]\" \/>\n<meta property=\"og:url\" content=\"https:\/\/sitesbbr.com\/proselling\/formatacao-de-franquias\/\" \/>\n<meta property=\"og:site_name\" content=\"Proselling\" \/>\n<meta property=\"article:modified_time\" content=\"2020-12-09T15:42:44+00:00\" \/>\n<meta property=\"og:image\" content=\"https:\/\/sitesbbr.com\/proselling\/wp-content\/uploads\/2020\/09\/macc.jpg\" \/>\n<meta name=\"twitter:card\" content=\"summary_large_image\" \/>\n<meta name=\"twitter:label1\" content=\"Est. tempo de leitura\" \/>\n\t<meta name=\"twitter:data1\" content=\"7 minutos\" \/>\n<script type=\"application\/ld+json\" class=\"yoast-schema-graph\">{\"@context\":\"https:\/\/schema.org\",\"@graph\":[{\"@type\":\"WebPage\",\"@id\":\"https:\/\/sitesbbr.com\/proselling\/formatacao-de-franquias\/\",\"url\":\"https:\/\/sitesbbr.com\/proselling\/formatacao-de-franquias\/\",\"name\":\"Formata\u00e7\u00e3o de franquias - Proselling\",\"isPartOf\":{\"@id\":\"https:\/\/sitesbbr.com\/proselling\/#website\"},\"primaryImageOfPage\":{\"@id\":\"https:\/\/sitesbbr.com\/proselling\/formatacao-de-franquias\/#primaryimage\"},\"image\":{\"@id\":\"https:\/\/sitesbbr.com\/proselling\/formatacao-de-franquias\/#primaryimage\"},\"thumbnailUrl\":\"https:\/\/sitesbbr.com\/proselling\/wp-content\/uploads\/2020\/09\/macc.jpg\",\"datePublished\":\"2020-09-16T03:39:08+00:00\",\"dateModified\":\"2020-12-09T15:42:44+00:00\",\"breadcrumb\":{\"@id\":\"https:\/\/sitesbbr.com\/proselling\/formatacao-de-franquias\/#breadcrumb\"},\"inLanguage\":\"pt-BR\",\"potentialAction\":[{\"@type\":\"ReadAction\",\"target\":[\"https:\/\/sitesbbr.com\/proselling\/formatacao-de-franquias\/\"]}]},{\"@type\":\"ImageObject\",\"inLanguage\":\"pt-BR\",\"@id\":\"https:\/\/sitesbbr.com\/proselling\/formatacao-de-franquias\/#primaryimage\",\"url\":\"https:\/\/sitesbbr.com\/proselling\/wp-content\/uploads\/2020\/09\/macc.jpg\",\"contentUrl\":\"https:\/\/sitesbbr.com\/proselling\/wp-content\/uploads\/2020\/09\/macc.jpg\",\"width\":2000,\"height\":1457},{\"@type\":\"BreadcrumbList\",\"@id\":\"https:\/\/sitesbbr.com\/proselling\/formatacao-de-franquias\/#breadcrumb\",\"itemListElement\":[{\"@type\":\"ListItem\",\"position\":1,\"name\":\"In\u00edcio\",\"item\":\"https:\/\/sitesbbr.com\/proselling\/\"},{\"@type\":\"ListItem\",\"position\":2,\"name\":\"Formata\u00e7\u00e3o de franquias\"}]},{\"@type\":\"WebSite\",\"@id\":\"https:\/\/sitesbbr.com\/proselling\/#website\",\"url\":\"https:\/\/sitesbbr.com\/proselling\/\",\"name\":\"Proselling\",\"description\":\"Vendas Consultivas\",\"potentialAction\":[{\"@type\":\"SearchAction\",\"target\":{\"@type\":\"EntryPoint\",\"urlTemplate\":\"https:\/\/sitesbbr.com\/proselling\/?s={search_term_string}\"},\"query-input\":{\"@type\":\"PropertyValueSpecification\",\"valueRequired\":true,\"valueName\":\"search_term_string\"}}],\"inLanguage\":\"pt-BR\"}]}<\/script>\n<!-- \/ Yoast SEO plugin. -->","yoast_head_json":{"title":"Formata\u00e7\u00e3o de franquias - Proselling","robots":{"index":"index","follow":"follow","max-snippet":"max-snippet:-1","max-image-preview":"max-image-preview:large","max-video-preview":"max-video-preview:-1"},"canonical":"https:\/\/sitesbbr.com\/proselling\/formatacao-de-franquias\/","og_locale":"pt_BR","og_type":"article","og_title":"Formata\u00e7\u00e3o de franquias - Proselling","og_description":"[vc_row type=&#8221;full_width_background&#8221; bg_color=&#8221;#ffffff&#8221;][vc_column width=&#8221;1\/2&#8243;][vc_empty_space height=&#8221;100px&#8221;][vc_column_text][\/vc_column_text][\/vc_column][vc_column width=&#8221;1\/2&#8243;][vc_empty_space height=&#8221;100px&#8221;][vc_custom_heading text=&#8221;Formata\u00e7\u00e3o de franquias&#8221; google_fonts=&#8221;font_family:Raleway%3A100%2C200%2C300%2Cregular%2C500%2C600%2C700%2C800%2C900|font_style:300%20light%20regular%3A300%3Anormal&#8221;][vc_empty_space height=&#8221;30px&#8221;][vc_column_text] Formatar franquias \u00e9 a nossa paix\u00e3o. Transformar um modelo de neg\u00f3cio de sucesso em uma rede de franquias. Ver a empresa crescendo e se desenvolvendo, conquistando Market share e se tornando uma grande marca. Fomos \u201cpadrinhos\u201d de grandes conquistas em mercados diferentes. Nosso [&hellip;]","og_url":"https:\/\/sitesbbr.com\/proselling\/formatacao-de-franquias\/","og_site_name":"Proselling","article_modified_time":"2020-12-09T15:42:44+00:00","og_image":[{"url":"https:\/\/sitesbbr.com\/proselling\/wp-content\/uploads\/2020\/09\/macc.jpg","type":"","width":"","height":""}],"twitter_card":"summary_large_image","twitter_misc":{"Est. tempo de leitura":"7 minutos"},"schema":{"@context":"https:\/\/schema.org","@graph":[{"@type":"WebPage","@id":"https:\/\/sitesbbr.com\/proselling\/formatacao-de-franquias\/","url":"https:\/\/sitesbbr.com\/proselling\/formatacao-de-franquias\/","name":"Formata\u00e7\u00e3o de franquias - Proselling","isPartOf":{"@id":"https:\/\/sitesbbr.com\/proselling\/#website"},"primaryImageOfPage":{"@id":"https:\/\/sitesbbr.com\/proselling\/formatacao-de-franquias\/#primaryimage"},"image":{"@id":"https:\/\/sitesbbr.com\/proselling\/formatacao-de-franquias\/#primaryimage"},"thumbnailUrl":"https:\/\/sitesbbr.com\/proselling\/wp-content\/uploads\/2020\/09\/macc.jpg","datePublished":"2020-09-16T03:39:08+00:00","dateModified":"2020-12-09T15:42:44+00:00","breadcrumb":{"@id":"https:\/\/sitesbbr.com\/proselling\/formatacao-de-franquias\/#breadcrumb"},"inLanguage":"pt-BR","potentialAction":[{"@type":"ReadAction","target":["https:\/\/sitesbbr.com\/proselling\/formatacao-de-franquias\/"]}]},{"@type":"ImageObject","inLanguage":"pt-BR","@id":"https:\/\/sitesbbr.com\/proselling\/formatacao-de-franquias\/#primaryimage","url":"https:\/\/sitesbbr.com\/proselling\/wp-content\/uploads\/2020\/09\/macc.jpg","contentUrl":"https:\/\/sitesbbr.com\/proselling\/wp-content\/uploads\/2020\/09\/macc.jpg","width":2000,"height":1457},{"@type":"BreadcrumbList","@id":"https:\/\/sitesbbr.com\/proselling\/formatacao-de-franquias\/#breadcrumb","itemListElement":[{"@type":"ListItem","position":1,"name":"In\u00edcio","item":"https:\/\/sitesbbr.com\/proselling\/"},{"@type":"ListItem","position":2,"name":"Formata\u00e7\u00e3o de franquias"}]},{"@type":"WebSite","@id":"https:\/\/sitesbbr.com\/proselling\/#website","url":"https:\/\/sitesbbr.com\/proselling\/","name":"Proselling","description":"Vendas Consultivas","potentialAction":[{"@type":"SearchAction","target":{"@type":"EntryPoint","urlTemplate":"https:\/\/sitesbbr.com\/proselling\/?s={search_term_string}"},"query-input":{"@type":"PropertyValueSpecification","valueRequired":true,"valueName":"search_term_string"}}],"inLanguage":"pt-BR"}]}},"post_mailing_queue_ids":[],"_links":{"self":[{"href":"https:\/\/sitesbbr.com\/proselling\/wp-json\/wp\/v2\/pages\/44722","targetHints":{"allow":["GET"]}}],"collection":[{"href":"https:\/\/sitesbbr.com\/proselling\/wp-json\/wp\/v2\/pages"}],"about":[{"href":"https:\/\/sitesbbr.com\/proselling\/wp-json\/wp\/v2\/types\/page"}],"author":[{"embeddable":true,"href":"https:\/\/sitesbbr.com\/proselling\/wp-json\/wp\/v2\/users\/5"}],"replies":[{"embeddable":true,"href":"https:\/\/sitesbbr.com\/proselling\/wp-json\/wp\/v2\/comments?post=44722"}],"version-history":[{"count":28,"href":"https:\/\/sitesbbr.com\/proselling\/wp-json\/wp\/v2\/pages\/44722\/revisions"}],"predecessor-version":[{"id":45113,"href":"https:\/\/sitesbbr.com\/proselling\/wp-json\/wp\/v2\/pages\/44722\/revisions\/45113"}],"wp:attachment":[{"href":"https:\/\/sitesbbr.com\/proselling\/wp-json\/wp\/v2\/media?parent=44722"}],"curies":[{"name":"wp","href":"https:\/\/api.w.org\/{rel}","templated":true}]}}