{"id":2338,"date":"2019-06-28T17:04:05","date_gmt":"2019-06-28T20:04:05","guid":{"rendered":"https:\/\/sitesbbr.com\/proselling\/?page_id=2338"},"modified":"2020-12-09T12:40:30","modified_gmt":"2020-12-09T15:40:30","slug":"quem-somos","status":"publish","type":"page","link":"https:\/\/sitesbbr.com\/proselling\/quem-somos\/","title":{"rendered":"Quem Somos"},"content":{"rendered":"<div class=\"wpb-content-wrapper\"><p>[vc_row type=&#8221;full_width_background&#8221; overlay=&#8221;true&#8221; full_width=&#8221;stretch_row&#8221; css=&#8221;.vc_custom_1527624928790{padding-bottom: 50px !important;}&#8221;][vc_column width=&#8221;1\/2&#8243;][vc_column_text]<img loading=\"lazy\" decoding=\"async\" class=\"alignnone wp-image-44678 \" src=\"https:\/\/sitesbbr.com\/proselling\/wp-content\/uploads\/2020\/09\/img.jpg\" alt=\"\" width=\"522\" height=\"415\" srcset=\"https:\/\/sitesbbr.com\/proselling\/wp-content\/uploads\/2020\/09\/img.jpg 2084w, https:\/\/sitesbbr.com\/proselling\/wp-content\/uploads\/2020\/09\/img-500x398.jpg 500w, https:\/\/sitesbbr.com\/proselling\/wp-content\/uploads\/2020\/09\/img-850x677.jpg 850w, https:\/\/sitesbbr.com\/proselling\/wp-content\/uploads\/2020\/09\/img-768x611.jpg 768w, https:\/\/sitesbbr.com\/proselling\/wp-content\/uploads\/2020\/09\/img-1536x1223.jpg 1536w, https:\/\/sitesbbr.com\/proselling\/wp-content\/uploads\/2020\/09\/img-2048x1630.jpg 2048w\" sizes=\"auto, (max-width: 522px) 100vw, 522px\" \/>[\/vc_column_text][\/vc_column][vc_column width=&#8221;1\/2&#8243;][vc_column_text]<\/p>\n<h3 class=\"p1\"><span class=\"s1\">Acreditamos que qualquer empresa com boas vendas consegue resolver todos os seus problemas. <\/span><\/h3>\n<p class=\"p1\"><span class=\"s1\">Nos vemos como t\u00e9cnicos dos artilheiros das empresas. Ajudamos com as estrat\u00e9gias e pegamos nossos clientes pelas m\u00e3os os levando at\u00e9 o gol.<\/span><\/p>\n<p class=\"p1\"><span class=\"s1\">Absolutamente apaixonados por vendas ajudamos vendedores, gerentes, franqueados, diretores, presidentes a melhorarem seus resultados.<\/span><\/p>\n<p>&nbsp;<\/p>\n<h3 class=\"p1\"><span class=\"s1\">Nossos consultores s\u00e3o treinados em ouvir, entender, planejar e ajudar a executar, sempre com o mesmo objetivo. Vender mais. E com orgulho exibimos nosso slogan.\u00a0&#8220;Nossos clientes vendem mais&#8221;<\/span><\/h3>\n<p>[\/vc_column_text][\/vc_column][\/vc_row][vc_row type=&#8221;full_width_content&#8221; top_padding=&#8221;150&#8243; bottom_padding=&#8221;150&#8243; full_width=&#8221;stretch_row&#8221; css=&#8221;.vc_custom_1527624928790{padding-bottom: 50px !important;}&#8221;][vc_column]<link href=\"https:\/\/fonts.googleapis.com\/css?family=Open+Sans:400\" rel=\"stylesheet\" property=\"stylesheet\" type=\"text\/css\" media=\"all\">\n<div id=\"rev_slider_24_1_wrapper\" class=\"rev_slider_wrapper fullwidthbanner-container\" data-source=\"gallery\" style=\"margin:0px auto;background:transparent;padding:0px;margin-top:0px;margin-bottom:0px;\">\n<!-- START REVOLUTION SLIDER 5.4.8.1 auto mode -->\n\t<div id=\"rev_slider_24_1\" class=\"rev_slider fullwidthabanner\" style=\"display:none;\" data-version=\"5.4.8.1\">\n<ul>\t<!-- SLIDE  -->\n\t<li data-index=\"rs-50\" data-transition=\"zoomin\" data-slotamount=\"7\" data-hideafterloop=\"0\" data-hideslideonmobile=\"off\"  data-easein=\"Power4.easeInOut\" data-easeout=\"Power4.easeInOut\" data-masterspeed=\"2000\"  data-rotate=\"0\"  data-fstransition=\"fade\" data-fsmasterspeed=\"1500\" data-fsslotamount=\"7\" data-saveperformance=\"off\"  data-title=\"Love it?\" data-param1=\"\" data-param2=\"\" data-param3=\"\" data-param4=\"\" data-param5=\"\" data-param6=\"\" data-param7=\"\" data-param8=\"\" data-param9=\"\" data-param10=\"\" data-description=\"\">\n\t\t<!-- MAIN IMAGE -->\n\t\t<img loading=\"lazy\" decoding=\"async\" src=\"https:\/\/sitesbbr.com\/proselling\/wp-content\/uploads\/2020\/09\/proselling-3-scaled.jpg\"  alt=\"\" title=\"proselling-3\"  width=\"2560\" height=\"1256\" data-bgposition=\"center center\" data-kenburns=\"on\" data-duration=\"10000\" data-ease=\"Linear.easeNone\" data-scalestart=\"100\" data-scaleend=\"100\" data-rotatestart=\"0\" data-rotateend=\"0\" data-blurstart=\"0\" data-blurend=\"0\" data-offsetstart=\"0 0\" data-offsetend=\"0 0\" data-bgparallax=\"6\" class=\"rev-slidebg\" data-no-retina>\n\t\t<!-- LAYERS -->\n\n\t\t<!-- LAYER NR. 1 -->\n\t\t<div class=\"tp-caption   tp-resizeme\" \n\t\t\t id=\"slide-50-layer-1\" \n\t\t\t data-x=\"\" \n\t\t\t data-y=\"center\" data-voffset=\"106\" \n\t\t\t\t\t\tdata-width=\"['auto']\"\n\t\t\tdata-height=\"['auto']\"\n \n\t\t\tdata-type=\"text\" \n\t\t\tdata-responsive_offset=\"on\" \n\n\t\t\tdata-frames='[{\"delay\":0,\"speed\":300,\"frame\":\"0\",\"from\":\"opacity:0;\",\"to\":\"o:1;\",\"ease\":\"Power3.easeInOut\"},{\"delay\":\"wait\",\"speed\":300,\"frame\":\"999\",\"to\":\"opacity:0;\",\"ease\":\"Power3.easeInOut\"}]'\n\t\t\tdata-textAlign=\"['inherit','inherit','inherit','inherit']\"\n\t\t\tdata-paddingtop=\"[0,0,0,0]\"\n\t\t\tdata-paddingright=\"[0,0,0,0]\"\n\t\t\tdata-paddingbottom=\"[0,0,0,0]\"\n\t\t\tdata-paddingleft=\"[0,0,0,0]\"\n\n\t\t\tstyle=\"z-index: 5; white-space: nowrap; font-size: 32px; line-height: 35px; font-weight: 400; color: #ffffff; letter-spacing: 0px;font-family:Open Sans;\">Nossos clientes<br>\nvendem mais <\/div>\n\t<\/li>\n<\/ul>\n<div class=\"tp-bannertimer\" style=\"height: 7px; background: rgba(255,255,255,0.25);\"><\/div>\t<\/div>\n<script>var htmlDiv = document.getElementById(\"rs-plugin-settings-inline-css\"); var htmlDivCss=\"\";\r\n\t\t\t\tif(htmlDiv) {\r\n\t\t\t\t\thtmlDiv.innerHTML = htmlDiv.innerHTML + htmlDivCss;\r\n\t\t\t\t}else{\r\n\t\t\t\t\tvar htmlDiv = document.createElement(\"div\");\r\n\t\t\t\t\thtmlDiv.innerHTML = \"<style>\" + htmlDivCss + \"<\/style>\";\r\n\t\t\t\t\tdocument.getElementsByTagName(\"head\")[0].appendChild(htmlDiv.childNodes[0]);\r\n\t\t\t\t}\r\n\t\t\t<\/script>\n\t\t<script type=\"text\/javascript\">\r\nif (setREVStartSize!==undefined) setREVStartSize(\r\n\t{c: '#rev_slider_24_1', gridwidth: [1240], gridheight: [380], sliderLayout: 'auto'});\r\n\t\t\t\r\nvar revapi24,\r\n\ttpj;\t\r\n(function() {\t\t\t\r\n\tif (!\/loaded|interactive|complete\/.test(document.readyState)) document.addEventListener(\"DOMContentLoaded\",onLoad); else onLoad();\t\r\n\tfunction onLoad() {\t\t\t\t\r\n\t\tif (tpj===undefined) { tpj = jQuery; if(\"off\" == \"on\") tpj.noConflict();}\r\n\tif(tpj(\"#rev_slider_24_1\").revolution == undefined){\n\t\trevslider_showDoubleJqueryError(\"#rev_slider_24_1\");\n\t}else{\n\t\trevapi24 = tpj(\"#rev_slider_24_1\").show().revolution({\n\t\t\tsliderType:\"standard\",\n\t\t\tjsFileLocation:\"\/\/sitesbbr.com\/proselling\/wp-content\/plugins\/revslider\/public\/assets\/js\/\",\n\t\t\tsliderLayout:\"auto\",\n\t\t\tdottedOverlay:\"none\",\n\t\t\tdelay:8000,\n\t\t\tnavigation: {\n\t\t\t\tkeyboardNavigation:\"off\",\n\t\t\t\tkeyboard_direction: \"horizontal\",\n\t\t\t\tmouseScrollNavigation:\"off\",\n \t\t\t\t\t\t\tmouseScrollReverse:\"default\",\n\t\t\t\tonHoverStop:\"off\",\n\t\t\t\ttouch:{\n\t\t\t\t\ttouchenabled:\"on\",\n\t\t\t\t\ttouchOnDesktop:\"off\",\n\t\t\t\t\tswipe_threshold: 75,\n\t\t\t\t\tswipe_min_touches: 1,\n\t\t\t\t\tswipe_direction: \"horizontal\",\n\t\t\t\t\tdrag_block_vertical: false\n\t\t\t\t}\n\t\t\t},\n\t\t\tviewPort: {\n\t\t\t\tenable:true,\n\t\t\t\toutof:\"pause\",\n\t\t\t\tvisible_area:\"80%\",\n\t\t\t\tpresize:false\n\t\t\t},\n\t\t\tvisibilityLevels:[1240,1024,778,480],\n\t\t\tgridwidth:1240,\n\t\t\tgridheight:380,\n\t\t\tlazyType:\"none\",\n\t\t\tparallax: {\n\t\t\t\ttype:\"mouse\",\n\t\t\t\torigo:\"slidercenter\",\n\t\t\t\tspeed:2000,\n\t\t\t\tspeedbg:0,\n\t\t\t\tspeedls:0,\n\t\t\t\tlevels:[2,3,4,5,6,7,12,16,10,50,47,48,49,50,51,55],\n\t\t\t},\n\t\t\tshadow:0,\n\t\t\tspinner:\"off\",\n\t\t\tstopLoop:\"off\",\n\t\t\tstopAfterLoops:-1,\n\t\t\tstopAtSlide:-1,\n\t\t\tshuffle:\"off\",\n\t\t\tautoHeight:\"off\",\n\t\t\thideThumbsOnMobile:\"off\",\n\t\t\thideSliderAtLimit:0,\n\t\t\thideCaptionAtLimit:0,\n\t\t\thideAllCaptionAtLilmit:0,\n\t\t\tdebugMode:false,\n\t\t\tfallbacks: {\n\t\t\t\tsimplifyAll:\"off\",\n\t\t\t\tnextSlideOnWindowFocus:\"off\",\n\t\t\t\tdisableFocusListener:false,\n\t\t\t}\n\t\t});\n\t}; \/* END OF revapi call *\/\n\t\n }; \/* END OF ON LOAD FUNCTION *\/\r\n}()); \/* END OF WRAPPING FUNCTION *\/\r\n<\/script>\r\n\t\t<\/div><!-- END REVOLUTION SLIDER -->[\/vc_column][\/vc_row][vc_row type=&#8221;full_width_background&#8221; bottom_padding=&#8221;150&#8243;][vc_column width=&#8221;2\/3&#8243;][vc_column_text]<img loading=\"lazy\" decoding=\"async\" class=\"aligncenter wp-image-44995 size-full\" src=\"https:\/\/sitesbbr.com\/proselling\/wp-content\/uploads\/2020\/10\/ALE-OK.jpg\" alt=\"\" width=\"698\" height=\"530\" srcset=\"https:\/\/sitesbbr.com\/proselling\/wp-content\/uploads\/2020\/10\/ALE-OK.jpg 698w, https:\/\/sitesbbr.com\/proselling\/wp-content\/uploads\/2020\/10\/ALE-OK-500x380.jpg 500w\" sizes=\"auto, (max-width: 698px) 100vw, 698px\" \/>[\/vc_column_text][\/vc_column][vc_column width=&#8221;1\/3&#8243;][vc_column_text]<\/p>\n<h3 class=\"p1\"><span class=\"s1\">Alexandre Sita<\/span><\/h3>\n<p>CEO da Proselling, fundou a empresa em maio de 2009 ainda trabalhando como consultor.<br \/>\nAdministrador de Empresas, com MBA pela University of Dallas e especializa\u00e7\u00e3o pela FGV, entrou no franchising como diretor de expans\u00e3o de uma franqueadora vendendo mais de 50 franquias em 20 meses. Assumiu a dire\u00e7\u00e3o das \u00e1reas de expans\u00e3o e marketing e teve a certeza de a solu\u00e7\u00e3o de qualquer stakeholder do setor est\u00e1 no aumento das vendas.<br \/>\nEspecialista nas metodologias Solution Selling e Spin Selling j\u00e1 treinou dezenas de times comerciais com aumentos consistentes que v\u00e3o de 30% a 100% de aumento de faturamento anual.<br \/>\nDesenvolveu com seu time o MACPRO (M\u00e9todo de Acelera\u00e7\u00e3o Comercial Proselling) e Desenvolvendo Le\u00f5es, um sistema meritocr\u00e1tico de reconhecimento e valoriza\u00e7\u00e3o para times de vendas.<br \/>\nCom sua experi\u00eancia de quase 30 anos, ocupou cargos estrat\u00e9gicos na AMERICAN AIRLINES, AVAYA, ELEMIDIA e auxiliou dezenas de clientes a aumentarem suas vendas sempre com foco em resultado.<br \/>\nAtua como professor da ABF nos cursos Entendendo o Franchising, Marketing de Alto Impacto e Como Selecionar um Candidato de Sucesso, professor do MBA do Sebrae.<br \/>\nInstrutor e palestrante em eventos nacionais e internacionais.<br \/>\nHoje lidera a Proselling junto com um time espetacular de consultores associados que juntos tem ajudado a salvar a vida de empresas e empres\u00e1rios atrav\u00e9s do aumento de suas vendas.[\/vc_column_text][\/vc_column][\/vc_row][vc_row type=&#8221;full_width_content&#8221;][vc_column][recent_portfolio style=&#8221;grayscale&#8221; space=&#8221;no_space&#8221; columns=&#8221;3&#8243; rows=&#8221;2&#8243;][\/vc_column][\/vc_row][vc_row type=&#8221;full_width_background&#8221; bg_color=&#8221;#eeeeee&#8221; top_padding=&#8221;80&#8243; bottom_padding=&#8221;80&#8243;][vc_column background_color=&#8221;#eeeeee&#8221;][vc_column_text]<\/p>\n<h2 style=\"text-align: center;\">Depoimentos<\/h2>\n<p>[\/vc_column_text][vc_empty_space height=&#8221;32&#8243;][vc_row_inner][vc_column_inner width=&#8221;1\/3&#8243;][vc_column_text]<img loading=\"lazy\" decoding=\"async\" class=\"alignnone wp-image-44925\" src=\"https:\/\/sitesbbr.com\/proselling\/wp-content\/uploads\/2020\/10\/quote.png\" alt=\"\" width=\"28\" height=\"21\" \/>[\/vc_column_text][vc_column_text]A arte de vender \u00e9 para mim, um grande desafio. A equipe da Proselling, tem me mostrado nas reuni\u00f5es, fatos, dados e informa\u00e7\u00f5es sobre como n\u00e3o desistir do cliente e ressignificar a venda, passo a passo.<\/p>\n<p><b style=\"color: #116287; font-size: 16px;\">Heloisa<\/b><br \/>\n<b style=\"color: #2596c7; font-size: 14px;\">Empres\u00e1ria, dona de uma empresa<br \/>\nde cuidadores de idosos em Campinas<\/b>[\/vc_column_text][\/vc_column_inner][vc_column_inner width=&#8221;1\/3&#8243;][vc_column_text]<img loading=\"lazy\" decoding=\"async\" class=\"alignnone wp-image-44925\" src=\"https:\/\/sitesbbr.com\/proselling\/wp-content\/uploads\/2020\/10\/quote.png\" alt=\"\" width=\"28\" height=\"21\" \/>[\/vc_column_text][vc_column_text]A Proselling com sua expertise, tem contribu\u00eddo, abrindo os olhos para novos horizontes e mostrando que \u00e9 poss\u00edvel implantar solu\u00e7\u00f5es em meio ao caos. Nos proporcionando clareza e coragem para caminharmos em busca dos nossos sonhos.<\/p>\n<p><b style=\"color: #116287; font-size: 16px;\">Vanessa Portilho<\/b><br \/>\n<b style=\"color: #2596c7; font-size: 14px;\">Empres\u00e1ria, dona de escola de moda Tucuruvi<\/b>[\/vc_column_text][\/vc_column_inner][vc_column_inner width=&#8221;1\/3&#8243;][vc_column_text]<img loading=\"lazy\" decoding=\"async\" class=\"alignnone wp-image-44925\" src=\"https:\/\/sitesbbr.com\/proselling\/wp-content\/uploads\/2020\/10\/quote.png\" alt=\"\" width=\"28\" height=\"21\" \/>[\/vc_column_text][vc_column_text]A Proselling vem nos ajudando a enfrentar a crise com conhecimento, novas ideias e uma grande dose otimismo ! Juntos venceremos mais esse obst\u00e1culo.<\/p>\n<p><b style=\"color: #116287; font-size: 16px;\">Ediselma Souza<\/b><br \/>\n<b style=\"color: #2596c7; font-size: 14px;\">Broker de uma Imobili\u00e1ria<\/b>[\/vc_column_text][\/vc_column_inner][\/vc_row_inner][vc_empty_space height=&#8221;120&#8243;][vc_row_inner][vc_column_inner width=&#8221;1\/3&#8243;][vc_column_text]<img loading=\"lazy\" decoding=\"async\" class=\"alignnone wp-image-44925\" src=\"https:\/\/sitesbbr.com\/proselling\/wp-content\/uploads\/2020\/10\/quote.png\" alt=\"\" width=\"28\" height=\"21\" \/>[\/vc_column_text][vc_column_text]Gostaria de parabenizar a Proselling pelo apoio e direcionamento nesse momento t\u00e3o dif\u00edcil que estamos enfrentando, nos dando um norte, um caminho a seguir. Com ideias e estrat\u00e9gias que fazem com que nosso trabalho continue de acordo e produzindo a todo vapor.<\/p>\n<p><b style=\"color: #116287; font-size: 16px;\">Daniela Foga\u00e7a<\/b><br \/>\n<b style=\"color: #2596c7; font-size: 14px;\">Empres\u00e1ria, dona de escola de moda \u2013 S\u00e3o Bernardo do Campo<\/b>[\/vc_column_text][\/vc_column_inner][vc_column_inner width=&#8221;1\/3&#8243;][vc_column_text]<img loading=\"lazy\" decoding=\"async\" class=\"alignnone wp-image-44925\" src=\"https:\/\/sitesbbr.com\/proselling\/wp-content\/uploads\/2020\/10\/quote.png\" alt=\"\" width=\"28\" height=\"21\" \/>[\/vc_column_text][vc_column_text]Nesse momento de isolamento, a equipe da Proselling tem sido parceria fundamental nas estrat\u00e9gias e especialmente na motiva\u00e7\u00e3o de nossas equipes que est\u00e3o trabalhando home office. O envolvimento que sempre foi grande, tornou-se ainda maior e motivar pessoas \u00e9 nosso maior desafio. Com a for\u00e7a deste trabalho conjunto, sairemos ainda mais forte dessa crise.<\/p>\n<p><b style=\"color: #116287; font-size: 16px;\">Aluizio de Freitas<\/b><br \/>\n<b style=\"color: #2596c7; font-size: 14px;\">Empres\u00e1rio, dono da Franqueadora Sigbol<\/b>[\/vc_column_text][\/vc_column_inner][vc_column_inner width=&#8221;1\/3&#8243;][vc_column_text]<img loading=\"lazy\" decoding=\"async\" class=\"alignnone wp-image-44925\" src=\"https:\/\/sitesbbr.com\/proselling\/wp-content\/uploads\/2020\/10\/quote.png\" alt=\"\" width=\"28\" height=\"21\" \/>[\/vc_column_text][vc_column_text]Gostaria de expressar meu agradecimento a Proselling. Agora, frente a esse momento de pandemia que vivemos, al\u00e9m de nos fazer seguir com foco, tem nos ajudado a encontrar novas oportunidades. Com uma vis\u00e3o bem realista e muito positiva. Agrade\u00e7o de cora\u00e7\u00e3o, pelo trabalho que estamos desempenhando.<\/p>\n<p><b style=\"color: #116287; font-size: 16px;\">Roberta Ribeiro <\/b><br \/>\n<b style=\"color: #2596c7; font-size: 14px;\">Dona de uma empresa de cuidadores de idosos em S\u00e3o Paulo<\/b>[\/vc_column_text][\/vc_column_inner][\/vc_row_inner][vc_empty_space][\/vc_column][\/vc_row][vc_row][vc_column][vc_raw_html]JTVCaW5zdGFncmFtLWZlZWQlNUQ=[\/vc_raw_html][\/vc_column][\/vc_row]<\/p>\n<\/div>","protected":false},"excerpt":{"rendered":"<p>[vc_row type=&#8221;full_width_background&#8221; overlay=&#8221;true&#8221; full_width=&#8221;stretch_row&#8221; css=&#8221;.vc_custom_1527624928790{padding-bottom: 50px !important;}&#8221;][vc_column width=&#8221;1\/2&#8243;][vc_column_text][\/vc_column_text][\/vc_column][vc_column width=&#8221;1\/2&#8243;][vc_column_text] Acreditamos que qualquer empresa com boas vendas consegue resolver todos os seus problemas. Nos vemos como t\u00e9cnicos dos artilheiros das empresas. Ajudamos com as estrat\u00e9gias e pegamos nossos clientes pelas m\u00e3os os levando at\u00e9 o gol. Absolutamente apaixonados por vendas ajudamos vendedores, gerentes, franqueados, diretores, presidentes [&hellip;]<\/p>\n","protected":false},"author":5,"featured_media":0,"parent":0,"menu_order":0,"comment_status":"closed","ping_status":"closed","template":"","meta":{"footnotes":""},"class_list":["post-2338","page","type-page","status-publish","hentry"],"yoast_head":"<!-- This site is optimized with the Yoast SEO plugin v26.9 - https:\/\/yoast.com\/product\/yoast-seo-wordpress\/ -->\n<title>Quem Somos - Proselling<\/title>\n<meta name=\"robots\" content=\"index, follow, max-snippet:-1, max-image-preview:large, max-video-preview:-1\" \/>\n<link rel=\"canonical\" href=\"https:\/\/sitesbbr.com\/proselling\/quem-somos\/\" \/>\n<meta property=\"og:locale\" content=\"pt_BR\" \/>\n<meta property=\"og:type\" content=\"article\" \/>\n<meta property=\"og:title\" content=\"Quem Somos - Proselling\" \/>\n<meta property=\"og:description\" content=\"[vc_row type=&#8221;full_width_background&#8221; overlay=&#8221;true&#8221; full_width=&#8221;stretch_row&#8221; css=&#8221;.vc_custom_1527624928790{padding-bottom: 50px !important;}&#8221;][vc_column width=&#8221;1\/2&#8243;][vc_column_text][\/vc_column_text][\/vc_column][vc_column width=&#8221;1\/2&#8243;][vc_column_text] Acreditamos que qualquer empresa com boas vendas consegue resolver todos os seus problemas. Nos vemos como t\u00e9cnicos dos artilheiros das empresas. Ajudamos com as estrat\u00e9gias e pegamos nossos clientes pelas m\u00e3os os levando at\u00e9 o gol. Absolutamente apaixonados por vendas ajudamos vendedores, gerentes, franqueados, diretores, presidentes [&hellip;]\" \/>\n<meta property=\"og:url\" content=\"https:\/\/sitesbbr.com\/proselling\/quem-somos\/\" \/>\n<meta property=\"og:site_name\" content=\"Proselling\" \/>\n<meta property=\"article:modified_time\" content=\"2020-12-09T15:40:30+00:00\" \/>\n<meta property=\"og:image\" content=\"https:\/\/sitesbbr.com\/proselling\/wp-content\/uploads\/2020\/09\/img.jpg\" \/>\n<meta name=\"twitter:card\" content=\"summary_large_image\" \/>\n<meta name=\"twitter:label1\" content=\"Est. tempo de leitura\" \/>\n\t<meta name=\"twitter:data1\" content=\"5 minutos\" \/>\n<script type=\"application\/ld+json\" class=\"yoast-schema-graph\">{\"@context\":\"https:\/\/schema.org\",\"@graph\":[{\"@type\":\"WebPage\",\"@id\":\"https:\/\/sitesbbr.com\/proselling\/quem-somos\/\",\"url\":\"https:\/\/sitesbbr.com\/proselling\/quem-somos\/\",\"name\":\"Quem Somos - Proselling\",\"isPartOf\":{\"@id\":\"https:\/\/sitesbbr.com\/proselling\/#website\"},\"primaryImageOfPage\":{\"@id\":\"https:\/\/sitesbbr.com\/proselling\/quem-somos\/#primaryimage\"},\"image\":{\"@id\":\"https:\/\/sitesbbr.com\/proselling\/quem-somos\/#primaryimage\"},\"thumbnailUrl\":\"https:\/\/sitesbbr.com\/proselling\/wp-content\/uploads\/2020\/09\/img.jpg\",\"datePublished\":\"2019-06-28T20:04:05+00:00\",\"dateModified\":\"2020-12-09T15:40:30+00:00\",\"breadcrumb\":{\"@id\":\"https:\/\/sitesbbr.com\/proselling\/quem-somos\/#breadcrumb\"},\"inLanguage\":\"pt-BR\",\"potentialAction\":[{\"@type\":\"ReadAction\",\"target\":[\"https:\/\/sitesbbr.com\/proselling\/quem-somos\/\"]}]},{\"@type\":\"ImageObject\",\"inLanguage\":\"pt-BR\",\"@id\":\"https:\/\/sitesbbr.com\/proselling\/quem-somos\/#primaryimage\",\"url\":\"https:\/\/sitesbbr.com\/proselling\/wp-content\/uploads\/2020\/09\/img.jpg\",\"contentUrl\":\"https:\/\/sitesbbr.com\/proselling\/wp-content\/uploads\/2020\/09\/img.jpg\",\"width\":2084,\"height\":1659},{\"@type\":\"BreadcrumbList\",\"@id\":\"https:\/\/sitesbbr.com\/proselling\/quem-somos\/#breadcrumb\",\"itemListElement\":[{\"@type\":\"ListItem\",\"position\":1,\"name\":\"In\u00edcio\",\"item\":\"https:\/\/sitesbbr.com\/proselling\/\"},{\"@type\":\"ListItem\",\"position\":2,\"name\":\"Quem Somos\"}]},{\"@type\":\"WebSite\",\"@id\":\"https:\/\/sitesbbr.com\/proselling\/#website\",\"url\":\"https:\/\/sitesbbr.com\/proselling\/\",\"name\":\"Proselling\",\"description\":\"Vendas Consultivas\",\"potentialAction\":[{\"@type\":\"SearchAction\",\"target\":{\"@type\":\"EntryPoint\",\"urlTemplate\":\"https:\/\/sitesbbr.com\/proselling\/?s={search_term_string}\"},\"query-input\":{\"@type\":\"PropertyValueSpecification\",\"valueRequired\":true,\"valueName\":\"search_term_string\"}}],\"inLanguage\":\"pt-BR\"}]}<\/script>\n<!-- \/ Yoast SEO plugin. -->","yoast_head_json":{"title":"Quem Somos - Proselling","robots":{"index":"index","follow":"follow","max-snippet":"max-snippet:-1","max-image-preview":"max-image-preview:large","max-video-preview":"max-video-preview:-1"},"canonical":"https:\/\/sitesbbr.com\/proselling\/quem-somos\/","og_locale":"pt_BR","og_type":"article","og_title":"Quem Somos - Proselling","og_description":"[vc_row type=&#8221;full_width_background&#8221; overlay=&#8221;true&#8221; full_width=&#8221;stretch_row&#8221; css=&#8221;.vc_custom_1527624928790{padding-bottom: 50px !important;}&#8221;][vc_column width=&#8221;1\/2&#8243;][vc_column_text][\/vc_column_text][\/vc_column][vc_column width=&#8221;1\/2&#8243;][vc_column_text] Acreditamos que qualquer empresa com boas vendas consegue resolver todos os seus problemas. Nos vemos como t\u00e9cnicos dos artilheiros das empresas. Ajudamos com as estrat\u00e9gias e pegamos nossos clientes pelas m\u00e3os os levando at\u00e9 o gol. Absolutamente apaixonados por vendas ajudamos vendedores, gerentes, franqueados, diretores, presidentes [&hellip;]","og_url":"https:\/\/sitesbbr.com\/proselling\/quem-somos\/","og_site_name":"Proselling","article_modified_time":"2020-12-09T15:40:30+00:00","og_image":[{"url":"https:\/\/sitesbbr.com\/proselling\/wp-content\/uploads\/2020\/09\/img.jpg","type":"","width":"","height":""}],"twitter_card":"summary_large_image","twitter_misc":{"Est. tempo de leitura":"5 minutos"},"schema":{"@context":"https:\/\/schema.org","@graph":[{"@type":"WebPage","@id":"https:\/\/sitesbbr.com\/proselling\/quem-somos\/","url":"https:\/\/sitesbbr.com\/proselling\/quem-somos\/","name":"Quem Somos - Proselling","isPartOf":{"@id":"https:\/\/sitesbbr.com\/proselling\/#website"},"primaryImageOfPage":{"@id":"https:\/\/sitesbbr.com\/proselling\/quem-somos\/#primaryimage"},"image":{"@id":"https:\/\/sitesbbr.com\/proselling\/quem-somos\/#primaryimage"},"thumbnailUrl":"https:\/\/sitesbbr.com\/proselling\/wp-content\/uploads\/2020\/09\/img.jpg","datePublished":"2019-06-28T20:04:05+00:00","dateModified":"2020-12-09T15:40:30+00:00","breadcrumb":{"@id":"https:\/\/sitesbbr.com\/proselling\/quem-somos\/#breadcrumb"},"inLanguage":"pt-BR","potentialAction":[{"@type":"ReadAction","target":["https:\/\/sitesbbr.com\/proselling\/quem-somos\/"]}]},{"@type":"ImageObject","inLanguage":"pt-BR","@id":"https:\/\/sitesbbr.com\/proselling\/quem-somos\/#primaryimage","url":"https:\/\/sitesbbr.com\/proselling\/wp-content\/uploads\/2020\/09\/img.jpg","contentUrl":"https:\/\/sitesbbr.com\/proselling\/wp-content\/uploads\/2020\/09\/img.jpg","width":2084,"height":1659},{"@type":"BreadcrumbList","@id":"https:\/\/sitesbbr.com\/proselling\/quem-somos\/#breadcrumb","itemListElement":[{"@type":"ListItem","position":1,"name":"In\u00edcio","item":"https:\/\/sitesbbr.com\/proselling\/"},{"@type":"ListItem","position":2,"name":"Quem Somos"}]},{"@type":"WebSite","@id":"https:\/\/sitesbbr.com\/proselling\/#website","url":"https:\/\/sitesbbr.com\/proselling\/","name":"Proselling","description":"Vendas Consultivas","potentialAction":[{"@type":"SearchAction","target":{"@type":"EntryPoint","urlTemplate":"https:\/\/sitesbbr.com\/proselling\/?s={search_term_string}"},"query-input":{"@type":"PropertyValueSpecification","valueRequired":true,"valueName":"search_term_string"}}],"inLanguage":"pt-BR"}]}},"post_mailing_queue_ids":[],"_links":{"self":[{"href":"https:\/\/sitesbbr.com\/proselling\/wp-json\/wp\/v2\/pages\/2338","targetHints":{"allow":["GET"]}}],"collection":[{"href":"https:\/\/sitesbbr.com\/proselling\/wp-json\/wp\/v2\/pages"}],"about":[{"href":"https:\/\/sitesbbr.com\/proselling\/wp-json\/wp\/v2\/types\/page"}],"author":[{"embeddable":true,"href":"https:\/\/sitesbbr.com\/proselling\/wp-json\/wp\/v2\/users\/5"}],"replies":[{"embeddable":true,"href":"https:\/\/sitesbbr.com\/proselling\/wp-json\/wp\/v2\/comments?post=2338"}],"version-history":[{"count":120,"href":"https:\/\/sitesbbr.com\/proselling\/wp-json\/wp\/v2\/pages\/2338\/revisions"}],"predecessor-version":[{"id":45110,"href":"https:\/\/sitesbbr.com\/proselling\/wp-json\/wp\/v2\/pages\/2338\/revisions\/45110"}],"wp:attachment":[{"href":"https:\/\/sitesbbr.com\/proselling\/wp-json\/wp\/v2\/media?parent=2338"}],"curies":[{"name":"wp","href":"https:\/\/api.w.org\/{rel}","templated":true}]}}